{"id":26216,"date":"2020-06-04T11:53:03","date_gmt":"2020-06-04T09:53:03","guid":{"rendered":"https:\/\/www.team-nice.de\/?page_id=26216"},"modified":"2020-07-13T12:47:54","modified_gmt":"2020-07-13T10:47:54","slug":"equipe","status":"publish","type":"page","link":"https:\/\/www.team-nice.de\/fr\/equipe\/","title":{"rendered":"NICE :-) FACES"},"content":{"rendered":"<div class=\"wpb-content-wrapper\"><p>[vc_row row_type=\u00a0\u00bbrow\u00a0\u00bb use_row_as_full_screen_section=\u00a0\u00bbno\u00a0\u00bb type=\u00a0\u00bbfull_width\u00a0\u00bb text_align=\u00a0\u00bbleft\u00a0\u00bb background_animation=\u00a0\u00bbnone\u00a0\u00bb css_animation=\u00a0\u00bb\u00a0\u00bb][vc_column][rev_slider_vc alias=\u00a0\u00bbwir_slider_2020_eng-1&Prime;][\/vc_column][\/vc_row][vc_row row_type=\u00a0\u00bbrow\u00a0\u00bb use_row_as_full_screen_section=\u00a0\u00bbno\u00a0\u00bb type=\u00a0\u00bbfull_width\u00a0\u00bb text_align=\u00a0\u00bbleft\u00a0\u00bb background_animation=\u00a0\u00bbnone\u00a0\u00bb css_animation=\u00a0\u00bb\u00a0\u00bb css=\u00a0\u00bb.vc_custom_1463494517225{background-color: #ffffff !important;}\u00a0\u00bb][vc_column][vc_row_inner row_type=\u00a0\u00bbrow\u00a0\u00bb type=\u00a0\u00bbgrid\u00a0\u00bb use_row_as_full_screen_section_slide=\u00a0\u00bbno\u00a0\u00bb text_align=\u00a0\u00bbleft\u00a0\u00bb css_animation=\u00a0\u00bb\u00a0\u00bb css=\u00a0\u00bb.vc_custom_1488798689953{padding-top: 10px !important;}\u00a0\u00bb][vc_column_inner][vc_empty_space height=\u00a0\u00bb50px\u00a0\u00bb][vc_column_text]<\/p>\n<h2 style=\"text-align: center;\">Nous sommes les experts de l&rsquo;\u00e9v\u00e9nement<\/h2>\n<p>[\/vc_column_text][vc_empty_space height=\u00a0\u00bb20px\u00a0\u00bb][vc_column_text]<\/p>\n<p style=\"text-align: center;\">Nous vivons des \u00e9v\u00e9nements. Nous trouvons des tendances. Nous sommes divers. Nous sommes gentils:-)\u00a0C&rsquo;est pourquoi nous sommes des experts de l&rsquo;\u00e9v\u00e9nementiel et vous proposons un savoir-faire d&rsquo;initi\u00e9. Chaque \u00e9v\u00e9nement est con\u00e7u, con\u00e7u et r\u00e9alis\u00e9 avec beaucoup de passion et de passion.<\/p>\n<p>&nbsp;<\/p>\n<p style=\"text-align: center;\"><strong>Et qu&rsquo;en retirez-vous?<\/strong><br \/>\nSi un \u00e9v\u00e9nement devient une exp\u00e9rience, nous avons tout fait correctement<br \/>\net vous attendez avec impatience une mesure de marketing durable.<\/p>\n<p>[\/vc_column_text][\/vc_column_inner][\/vc_row_inner][vc_empty_space height=\u00a0\u00bb80px\u00a0\u00bb][\/vc_column][\/vc_row][vc_row row_type=\u00a0\u00bbrow\u00a0\u00bb use_row_as_full_screen_section=\u00a0\u00bbno\u00a0\u00bb type=\u00a0\u00bbfull_width\u00a0\u00bb text_align=\u00a0\u00bbleft\u00a0\u00bb background_animation=\u00a0\u00bbnone\u00a0\u00bb css_animation=\u00a0\u00bb\u00a0\u00bb][vc_column][vc_empty_space height=\u00a0\u00bb80px\u00a0\u00bb][vc_column_text]<\/p>\n<h2 style=\"text-align: center;\">Votre interlocuteur personnel<\/h2>\n<p>[\/vc_column_text][vc_empty_space height=\u00a0\u00bb80px\u00a0\u00bb][\/vc_column][\/vc_row][vc_row row_type=\u00a0\u00bbrow\u00a0\u00bb use_row_as_full_screen_section=\u00a0\u00bbno\u00a0\u00bb type=\u00a0\u00bbgrid\u00a0\u00bb text_align=\u00a0\u00bbleft\u00a0\u00bb background_animation=\u00a0\u00bbnone\u00a0\u00bb css_animation=\u00a0\u00bbelement_from_fade\u00a0\u00bb css=\u00a0\u00bb.vc_custom_1591086501206{padding-top: 0px !important;padding-right: 0px !important;padding-bottom: 0px !important;padding-left: 0px !important;}\u00a0\u00bb][vc_column width=\u00a0\u00bb1\/2&Prime;][vc_single_image image=\u00a0\u00bb26618&Prime; img_size=\u00a0\u00bbfull\u00a0\u00bb qode_css_animation=\u00a0\u00bb\u00a0\u00bb][vc_row_inner row_type=\u00a0\u00bbrow\u00a0\u00bb type=\u00a0\u00bbfull_width\u00a0\u00bb use_row_as_full_screen_section_slide=\u00a0\u00bbno\u00a0\u00bb use_as_box=\u00a0\u00bbuse_row_as_box\u00a0\u00bb text_align=\u00a0\u00bbleft\u00a0\u00bb css_animation=\u00a0\u00bb\u00a0\u00bb css=\u00a0\u00bb.vc_custom_1591083738949{margin-top: 0px !important;margin-right: 0px !important;margin-bottom: 40px !important;margin-left: 0px !important;padding-top: 40px !important;padding-right: 40px !important;padding-bottom: 40px !important;padding-left: 40px !important;background-color: #ffffff !important;}\u00a0\u00bb][vc_column_inner][vc_column_text]<\/p>\n<p class=\"q_team_name\"><strong>Karin-Catharina Wolniczak<\/strong><\/p>\n<p class=\"q_team_name\">Manager produit<br \/>\nArtiste de la r\u00e9flexion<br \/>\nVisionnaire<br \/>\nAmbassadrice \u00e9v\u00e8nementielle<\/p>\n<p>[\/vc_column_text][vc_empty_space height=\u00a0\u00bb40px\u00a0\u00bb]<span class=\"q_font_awsome_icon q_icon_shortcode normal q_font_awsome_icon_holder fa-lg pull-left \" style=\"color: #f2a823;margin: 10px 10px 10px 0; \"data-hover-color=#f4752e ><a href=\"https:\/\/de.linkedin.com\/in\/karin-catharina-wolniczak-3b6aa13\" target=\"_blank\"><i class=\"fa fa-linkedin\"><\/i><\/a><\/span><span class=\"q_font_awsome_icon q_icon_shortcode normal q_font_awsome_icon_holder fa-lg pull-left \" style=\"color: #f2a823;margin: 10px 10px 10px 10px; \"data-hover-color=#f4752e ><a href=\"https:\/\/www.xing.com\/profile\/KarinCatharina_Wolniczak\" target=\"_blank\"><i class=\"fa fa-xing\"><\/i><\/a><\/span><span class=\"q_font_awsome_icon q_icon_shortcode normal q_font_awsome_icon_holder fa-lg pull-left \" style=\"color: #f2a823;margin: 10px 10px 10px 10px; \"data-hover-color=#f4752e ><a href=\"mailto: karin.wolniczak@team-nice.de\" target=\"_self\"><i class=\"fa fa-envelope\"><\/i><\/a><\/span>[\/vc_column_inner][\/vc_row_inner][\/vc_column][vc_column width=\u00a0\u00bb1\/2&Prime;][vc_single_image image=\u00a0\u00bb26612&Prime; img_size=\u00a0\u00bbfull\u00a0\u00bb qode_css_animation=\u00a0\u00bb\u00a0\u00bb][vc_row_inner row_type=\u00a0\u00bbrow\u00a0\u00bb type=\u00a0\u00bbfull_width\u00a0\u00bb use_row_as_full_screen_section_slide=\u00a0\u00bbno\u00a0\u00bb text_align=\u00a0\u00bbleft\u00a0\u00bb css_animation=\u00a0\u00bb\u00a0\u00bb css=\u00a0\u00bb.vc_custom_1591083600348{margin-top: 0px !important;margin-right: 0px !important;margin-bottom: 0px !important;margin-left: 0px !important;padding-top: 40px !important;padding-right: 40px !important;padding-bottom: 40px !important;padding-left: 40px !important;background-color: #ffffff !important;}\u00a0\u00bb][vc_column_inner][vc_column_text]<\/p>\n<p class=\"q_team_name\"><strong>Wolfgang Geithner<\/strong><\/p>\n<p>Cr\u00e9atif &amp; Ing\u00e9nieux<br \/>\nGuru du minutieux<br \/>\nStrat\u00e8ge Com<br \/>\nConseiller en communication[\/vc_column_text][vc_empty_space height=\u00a0\u00bb40px\u00a0\u00bb]<span class=\"q_font_awsome_icon q_icon_shortcode normal q_font_awsome_icon_holder fa-lg pull-left \" style=\"color: #f2a823;margin: 10px 10px 10px 10px; \"data-hover-color=#f4752e ><a href=\"mailto: wolfgang.geithner@team-nice.de\" target=\"_self\"><i class=\"fa fa-envelope\"><\/i><\/a><\/span>[\/vc_column_inner][\/vc_row_inner][\/vc_column][\/vc_row][vc_row row_type=\u00a0\u00bbrow\u00a0\u00bb use_row_as_full_screen_section=\u00a0\u00bbno\u00a0\u00bb type=\u00a0\u00bbfull_width\u00a0\u00bb text_align=\u00a0\u00bbleft\u00a0\u00bb background_animation=\u00a0\u00bbnone\u00a0\u00bb css_animation=\u00a0\u00bb\u00a0\u00bb][vc_column][vc_empty_space height=\u00a0\u00bb80px\u00a0\u00bb][\/vc_column][\/vc_row][vc_row row_type=\u00a0\u00bbrow\u00a0\u00bb use_row_as_full_screen_section=\u00a0\u00bbno\u00a0\u00bb type=\u00a0\u00bbgrid\u00a0\u00bb text_align=\u00a0\u00bbleft\u00a0\u00bb background_animation=\u00a0\u00bbnone\u00a0\u00bb css_animation=\u00a0\u00bb\u00a0\u00bb css=\u00a0\u00bb.vc_custom_1590489626078{background-color: #f2a823 !important;}\u00a0\u00bb][vc_column][vc_empty_space height=\u00a0\u00bb80px\u00a0\u00bb][vc_column_text]<\/p>\n<h2 style=\"text-align: center; color: #ffffff;\">Nous ne nous prenons pas nous-m\u00eames au s\u00e9rieux mais plut\u00f4t vos besoins! \/\/ Nous prenons vos besoins au s\u00e9rieux et non pas nous-m\u00eames !<\/h2>\n<p>[\/vc_column_text][vc_empty_space height=\u00a0\u00bb80px\u00a0\u00bb][\/vc_column][\/vc_row][vc_row row_type=\u00a0\u00bbrow\u00a0\u00bb use_row_as_full_screen_section=\u00a0\u00bbno\u00a0\u00bb type=\u00a0\u00bbfull_width\u00a0\u00bb text_align=\u00a0\u00bbleft\u00a0\u00bb background_animation=\u00a0\u00bbnone\u00a0\u00bb css_animation=\u00a0\u00bb\u00a0\u00bb css=\u00a0\u00bb.vc_custom_1591083779371{background-color: #ffffff !important;}\u00a0\u00bb][vc_column][vc_empty_space height=\u00a0\u00bb120px\u00a0\u00bb][\/vc_column][\/vc_row][vc_row row_type=\u00a0\u00bbrow\u00a0\u00bb use_row_as_full_screen_section=\u00a0\u00bbno\u00a0\u00bb type=\u00a0\u00bbgrid\u00a0\u00bb text_align=\u00a0\u00bbleft\u00a0\u00bb background_animation=\u00a0\u00bbnone\u00a0\u00bb css_animation=\u00a0\u00bb\u00a0\u00bb css=\u00a0\u00bb.vc_custom_1591083765207{background-color: #ffffff !important;}\u00a0\u00bb][vc_column width=\u00a0\u00bb1\/2&Prime;][vc_column_text]<\/p>\n<h2>Les \u00e9v\u00e8nements ayant marqu\u00e9 notre histoire \u2026<\/h2>\n<p>[\/vc_column_text][\/vc_column][vc_column width=\u00a0\u00bb1\/2&Prime;][vc_column_text]<strong>Les meilleurs conteurs sont ceux ayant un v\u00e9cu riche!<br \/>\nnice:-) a un pass\u00e9 rempli d\u00b4histoires passionnantes\u2026<\/strong><\/p>\n<p>&nbsp;<\/p>\n<p>Active depuis 30 ans dans le secteur de l\u00b4\u00e9v\u00e8nementiel, Karin C. Wolniczak commen\u00e7a sa carri\u00e8re dans une agence \u00e9v\u00e9nementielle r\u00e9put\u00e9e, pour laquelle elle f\u00fbt responsable d&rsquo;organiser des incentives de 50\u00a0\u00e0 600 personnes pour des entreprises de renomm\u00e9e. Suite \u00e0 cela, elle passa 2 ans dans l&rsquo;agence de communication num\u00e9ro une d&rsquo;Allemagne, qui apr\u00e8s la chute du mur, se mit \u00e0 planifier les roadshows dans les nouvelles r\u00e9gions de la f\u00e9d\u00e9ration pour des clients tel que le DATEV.<\/p>\n<p>&nbsp;<\/p>\n<p>En 1992, elle d\u00e9cida de fonder sa propre agence: Incentive Concept. D\u00e8s les ann\u00e9es 90, l&rsquo;agence se sp\u00e9cialisa non seulement dans le management mais \u00e9galement la conception de voyages incentives ou d\u00b4\u00e9v\u00e8nements d\u00b4entreprises classiques.<\/p>\n<p>&nbsp;<\/p>\n<p>Trois ans plus tard, Wolfgang Geithner se joint \u00e0 Karin C. Wolniczak et reprend les projets de notre grand compte client\u00a0: Johnsons Controls (pr\u00e9c\u00e9demment Varta Autobatterie). Anciennement chef technique d\u00b4une entreprise de construction m\u00e9tallique, il est depuis son arriv\u00e9e dans l\u00b4agence responsable de la conception et l\u00b4organisation de salons et\/ou stands de nos clients pour leurs diff\u00e9rents salons d&rsquo;expositions.<\/p>\n<p><strong>\u00a0<\/strong>[\/vc_column_text][\/vc_column][\/vc_row][vc_row row_type=\u00a0\u00bbrow\u00a0\u00bb use_row_as_full_screen_section=\u00a0\u00bbno\u00a0\u00bb type=\u00a0\u00bbfull_width\u00a0\u00bb text_align=\u00a0\u00bbleft\u00a0\u00bb background_animation=\u00a0\u00bbnone\u00a0\u00bb css_animation=\u00a0\u00bb\u00a0\u00bb css=\u00a0\u00bb.vc_custom_1591083785333{background-color: #ffffff !important;}\u00a0\u00bb][vc_column][vc_empty_space height=\u00a0\u00bb120px\u00a0\u00bb][\/vc_column][\/vc_row][vc_row row_type=\u00a0\u00bbrow\u00a0\u00bb use_row_as_full_screen_section=\u00a0\u00bbno\u00a0\u00bb type=\u00a0\u00bbgrid\u00a0\u00bb text_align=\u00a0\u00bbleft\u00a0\u00bb background_animation=\u00a0\u00bbnone\u00a0\u00bb css_animation=\u00a0\u00bb\u00a0\u00bb css=\u00a0\u00bb.vc_custom_1590489626078{background-color: #f2a823 !important;}\u00a0\u00bb][vc_column][vc_empty_space height=\u00a0\u00bb120px\u00a0\u00bb][vc_column_text]<\/p>\n<h2 style=\"color: #ffffff; text-align: center;\">nice:-) signifie passion, professionalit\u00e9, flexibilit\u00e9 et qualit\u00e9.<\/h2>\n<p>[\/vc_column_text][vc_empty_space height=\u00a0\u00bb20px\u00a0\u00bb][vc_column_text]<\/p>\n<p style=\"color: #ffffff; text-align: center;\">Tout au lond des ann\u00e9es un r\u00e9seau solide, fiable et international s&rsquo;est install\u00e9. A l&rsquo;agence, l&rsquo;accent est mis sur le Management \u00e9v\u00e9nementiel gr\u00e2ce \u00e0 des mesures de communication. Avec cette nouvelle \u00e9volution, l&rsquo;agence a trouv\u00e9 sa position sous un nouveau nom: Incentive Concept a \u00e9t\u00e9 remplac\u00e9 par nice :-).<\/p>\n<p>&nbsp;<\/p>\n<p style=\"color: #ffffff; text-align: center;\"><strong>team nice:-) est n\u00e9. Une marque d&rsquo;\u00e9v\u00e9nement de qualit\u00e9 et c\u00e9l\u00e8bre au del\u00e0 des fronti\u00e8res.<\/strong><\/p>\n<p>[\/vc_column_text][vc_empty_space height=\u00a0\u00bb120px\u00a0\u00bb][\/vc_column][\/vc_row][vc_row row_type=\u00a0\u00bbrow\u00a0\u00bb use_row_as_full_screen_section=\u00a0\u00bbno\u00a0\u00bb type=\u00a0\u00bbfull_width\u00a0\u00bb text_align=\u00a0\u00bbleft\u00a0\u00bb background_image=\u00a0\u00bb21770&Prime; background_animation=\u00a0\u00bbnone\u00a0\u00bb padding_top=\u00a0\u00bb160&Prime; padding_bottom=\u00a0\u00bb160&Prime; css_animation=\u00a0\u00bb\u00a0\u00bb css=\u00a0\u00bb.vc_custom_1465998244706{margin-top: 0px !important;}\u00a0\u00bb][vc_column][vc_column_text]<\/p>\n<h4 style=\"text-align: center;\">Qui sommes nous ?<\/h4>\n<p>[\/vc_column_text][vc_column_text]<\/p>\n<h3 style=\"text-align: center;\">nice:-) immersion<\/h3>\n<p>[\/vc_column_text][vc_empty_space height=\u00a0\u00bb40px\u00a0\u00bb][vc_row_inner row_type=\u00a0\u00bbrow\u00a0\u00bb type=\u00a0\u00bbfull_width\u00a0\u00bb use_row_as_full_screen_section_slide=\u00a0\u00bbno\u00a0\u00bb text_align=\u00a0\u00bbleft\u00a0\u00bb css_animation=\u00a0\u00bb\u00a0\u00bb][vc_column_inner width=\u00a0\u00bb1\/3&Prime;][\/vc_column_inner][vc_column_inner width=\u00a0\u00bb1\/3&Prime;][vc_video link=\u00a0\u00bbhttps:\/\/www.youtube.com\/watch?v=BJnyJXWnKBY\u00a0\u00bb][\/vc_column_inner][vc_column_inner width=\u00a0\u00bb1\/3&Prime;][\/vc_column_inner][\/vc_row_inner][\/vc_column][\/vc_row][vc_row row_type=\u00a0\u00bbrow\u00a0\u00bb use_row_as_full_screen_section=\u00a0\u00bbno\u00a0\u00bb type=\u00a0\u00bbfull_width\u00a0\u00bb text_align=\u00a0\u00bbleft\u00a0\u00bb background_animation=\u00a0\u00bbnone\u00a0\u00bb css_animation=\u00a0\u00bb\u00a0\u00bb][vc_column]<div class=\"call_to_action normal\" style=\"background-color: #f2a823;\"><div class=\"container_inner\"><div class=\"two_columns_75_25 clearfix\"><div class=\"text_wrapper column1\"><div class=\"call_to_action_text\" style=\"\"><span style=\"color: #ffffff; line-height: 35px; font-size: 25px;\"><strong>Avons-nous r\u00e9veill\u00e9 l\u00b4insolite en vous?<br \/>\nEcrivez nous, nous serons ravis de vous aider<\/strong><\/span><\/div><\/div><div class=\"button_wrapper column2\"><a href=\"http:\/\/www.team-nice.de\/fr\/contact\/\" class=\"qbutton \" target=\"_self\" style=\"color:#ffffff;border-color:#ffffff;background-color: #f2a823;\" data-hover-background-color=#ffffff  data-hover-border-color=#ffffff  data-hover-color=#f2a823>nice:-) de vous rencontrer<\/a><\/div><\/div><\/div><\/div>[\/vc_column][\/vc_row]<\/p>\n<\/div>","protected":false},"excerpt":{"rendered":"<p>[vc_row row_type=\u00a0\u00bbrow\u00a0\u00bb use_row_as_full_screen_section=\u00a0\u00bbno\u00a0\u00bb type=\u00a0\u00bbfull_width\u00a0\u00bb text_align=\u00a0\u00bbleft\u00a0\u00bb background_animation=\u00a0\u00bbnone\u00a0\u00bb css_animation=\u00a0\u00bb\u00a0\u00bb][vc_column][rev_slider_vc alias=\u00a0\u00bbwir_slider_2020_eng-1&Prime;][\/vc_column][\/vc_row][vc_row row_type=\u00a0\u00bbrow\u00a0\u00bb use_row_as_full_screen_section=\u00a0\u00bbno\u00a0\u00bb type=\u00a0\u00bbfull_width\u00a0\u00bb text_align=\u00a0\u00bbleft\u00a0\u00bb background_animation=\u00a0\u00bbnone\u00a0\u00bb css_animation=\u00a0\u00bb\u00a0\u00bb css=\u00a0\u00bb.vc_custom_1463494517225{background-color: #ffffff !important;}\u00a0\u00bb][vc_column][vc_row_inner row_type=\u00a0\u00bbrow\u00a0\u00bb type=\u00a0\u00bbgrid\u00a0\u00bb use_row_as_full_screen_section_slide=\u00a0\u00bbno\u00a0\u00bb text_align=\u00a0\u00bbleft\u00a0\u00bb css_animation=\u00a0\u00bb\u00a0\u00bb css=\u00a0\u00bb.vc_custom_1488798689953{padding-top: 10px !important;}\u00a0\u00bb][vc_column_inner][vc_empty_space height=\u00a0\u00bb50px\u00a0\u00bb][vc_column_text] Nous sommes les experts&#8230;<\/p>\n","protected":false},"author":3,"featured_media":0,"parent":0,"menu_order":0,"comment_status":"open","ping_status":"closed","template":"full_width.php","meta":{"footnotes":""},"class_list":["post-26216","page","type-page","status-publish","hentry"],"yoast_head":"<!-- This site is optimized with the Yoast SEO plugin v27.3 - https:\/\/yoast.com\/product\/yoast-seo-wordpress\/ -->\n<title>NICE :-) FACES - nice:-)<\/title>\n<meta name=\"robots\" content=\"index, follow, max-snippet:-1, max-image-preview:large, max-video-preview:-1\" \/>\n<link rel=\"canonical\" href=\"https:\/\/www.team-nice.de\/fr\/equipe\/\" \/>\n<meta property=\"og:locale\" content=\"fr_FR\" \/>\n<meta property=\"og:type\" content=\"article\" \/>\n<meta property=\"og:title\" content=\"NICE :-) FACES - nice:-)\" \/>\n<meta property=\"og:description\" content=\"[vc_row row_type=\u00a0\u00bbrow\u00a0\u00bb use_row_as_full_screen_section=\u00a0\u00bbno\u00a0\u00bb type=\u00a0\u00bbfull_width\u00a0\u00bb text_align=\u00a0\u00bbleft\u00a0\u00bb background_animation=\u00a0\u00bbnone\u00a0\u00bb css_animation=\u00a0\u00bb\u00a0\u00bb][vc_column][rev_slider_vc alias=\u00a0\u00bbwir_slider_2020_eng-1&Prime;][\/vc_column][\/vc_row][vc_row row_type=\u00a0\u00bbrow\u00a0\u00bb use_row_as_full_screen_section=\u00a0\u00bbno\u00a0\u00bb type=\u00a0\u00bbfull_width\u00a0\u00bb text_align=\u00a0\u00bbleft\u00a0\u00bb background_animation=\u00a0\u00bbnone\u00a0\u00bb css_animation=\u00a0\u00bb\u00a0\u00bb css=\u00a0\u00bb.vc_custom_1463494517225{background-color: #ffffff !important;}\u00a0\u00bb][vc_column][vc_row_inner row_type=\u00a0\u00bbrow\u00a0\u00bb type=\u00a0\u00bbgrid\u00a0\u00bb use_row_as_full_screen_section_slide=\u00a0\u00bbno\u00a0\u00bb text_align=\u00a0\u00bbleft\u00a0\u00bb css_animation=\u00a0\u00bb\u00a0\u00bb css=\u00a0\u00bb.vc_custom_1488798689953{padding-top: 10px !important;}\u00a0\u00bb][vc_column_inner][vc_empty_space height=\u00a0\u00bb50px\u00a0\u00bb][vc_column_text] Nous sommes les experts...\" \/>\n<meta property=\"og:url\" content=\"https:\/\/www.team-nice.de\/fr\/equipe\/\" \/>\n<meta property=\"og:site_name\" content=\"nice:-)\" \/>\n<meta property=\"article:modified_time\" content=\"2020-07-13T10:47:54+00:00\" \/>\n<meta name=\"twitter:card\" content=\"summary_large_image\" \/>\n<meta name=\"twitter:label1\" content=\"Dur\u00e9e de lecture estim\u00e9e\" \/>\n\t<meta name=\"twitter:data1\" content=\"8 minutes\" \/>\n<script type=\"application\/ld+json\" class=\"yoast-schema-graph\">{\"@context\":\"https:\\\/\\\/schema.org\",\"@graph\":[{\"@type\":\"WebPage\",\"@id\":\"https:\\\/\\\/www.team-nice.de\\\/fr\\\/equipe\\\/\",\"url\":\"https:\\\/\\\/www.team-nice.de\\\/fr\\\/equipe\\\/\",\"name\":\"NICE :-) FACES - nice:-)\",\"isPartOf\":{\"@id\":\"https:\\\/\\\/www.team-nice.de\\\/#website\"},\"datePublished\":\"2020-06-04T09:53:03+00:00\",\"dateModified\":\"2020-07-13T10:47:54+00:00\",\"breadcrumb\":{\"@id\":\"https:\\\/\\\/www.team-nice.de\\\/fr\\\/equipe\\\/#breadcrumb\"},\"inLanguage\":\"fr-FR\",\"potentialAction\":[{\"@type\":\"ReadAction\",\"target\":[\"https:\\\/\\\/www.team-nice.de\\\/fr\\\/equipe\\\/\"]}]},{\"@type\":\"BreadcrumbList\",\"@id\":\"https:\\\/\\\/www.team-nice.de\\\/fr\\\/equipe\\\/#breadcrumb\",\"itemListElement\":[{\"@type\":\"ListItem\",\"position\":1,\"name\":\"Startseite\",\"item\":\"https:\\\/\\\/www.team-nice.de\\\/fr\\\/\"},{\"@type\":\"ListItem\",\"position\":2,\"name\":\"NICE :-) FACES\"}]},{\"@type\":\"WebSite\",\"@id\":\"https:\\\/\\\/www.team-nice.de\\\/#website\",\"url\":\"https:\\\/\\\/www.team-nice.de\\\/\",\"name\":\"nice:-)\",\"description\":\"Eventagentur in Essen\",\"potentialAction\":[{\"@type\":\"SearchAction\",\"target\":{\"@type\":\"EntryPoint\",\"urlTemplate\":\"https:\\\/\\\/www.team-nice.de\\\/?s={search_term_string}\"},\"query-input\":{\"@type\":\"PropertyValueSpecification\",\"valueRequired\":true,\"valueName\":\"search_term_string\"}}],\"inLanguage\":\"fr-FR\"}]}<\/script>\n<!-- \/ Yoast SEO plugin. -->","yoast_head_json":{"title":"NICE :-) FACES - nice:-)","robots":{"index":"index","follow":"follow","max-snippet":"max-snippet:-1","max-image-preview":"max-image-preview:large","max-video-preview":"max-video-preview:-1"},"canonical":"https:\/\/www.team-nice.de\/fr\/equipe\/","og_locale":"fr_FR","og_type":"article","og_title":"NICE :-) FACES - nice:-)","og_description":"[vc_row row_type=\u00a0\u00bbrow\u00a0\u00bb use_row_as_full_screen_section=\u00a0\u00bbno\u00a0\u00bb type=\u00a0\u00bbfull_width\u00a0\u00bb text_align=\u00a0\u00bbleft\u00a0\u00bb background_animation=\u00a0\u00bbnone\u00a0\u00bb css_animation=\u00a0\u00bb\u00a0\u00bb][vc_column][rev_slider_vc alias=\u00a0\u00bbwir_slider_2020_eng-1&Prime;][\/vc_column][\/vc_row][vc_row row_type=\u00a0\u00bbrow\u00a0\u00bb use_row_as_full_screen_section=\u00a0\u00bbno\u00a0\u00bb type=\u00a0\u00bbfull_width\u00a0\u00bb text_align=\u00a0\u00bbleft\u00a0\u00bb background_animation=\u00a0\u00bbnone\u00a0\u00bb css_animation=\u00a0\u00bb\u00a0\u00bb css=\u00a0\u00bb.vc_custom_1463494517225{background-color: #ffffff !important;}\u00a0\u00bb][vc_column][vc_row_inner row_type=\u00a0\u00bbrow\u00a0\u00bb type=\u00a0\u00bbgrid\u00a0\u00bb use_row_as_full_screen_section_slide=\u00a0\u00bbno\u00a0\u00bb text_align=\u00a0\u00bbleft\u00a0\u00bb css_animation=\u00a0\u00bb\u00a0\u00bb css=\u00a0\u00bb.vc_custom_1488798689953{padding-top: 10px !important;}\u00a0\u00bb][vc_column_inner][vc_empty_space height=\u00a0\u00bb50px\u00a0\u00bb][vc_column_text] Nous sommes les experts...","og_url":"https:\/\/www.team-nice.de\/fr\/equipe\/","og_site_name":"nice:-)","article_modified_time":"2020-07-13T10:47:54+00:00","twitter_card":"summary_large_image","twitter_misc":{"Dur\u00e9e de lecture estim\u00e9e":"8 minutes"},"schema":{"@context":"https:\/\/schema.org","@graph":[{"@type":"WebPage","@id":"https:\/\/www.team-nice.de\/fr\/equipe\/","url":"https:\/\/www.team-nice.de\/fr\/equipe\/","name":"NICE :-) FACES - nice:-)","isPartOf":{"@id":"https:\/\/www.team-nice.de\/#website"},"datePublished":"2020-06-04T09:53:03+00:00","dateModified":"2020-07-13T10:47:54+00:00","breadcrumb":{"@id":"https:\/\/www.team-nice.de\/fr\/equipe\/#breadcrumb"},"inLanguage":"fr-FR","potentialAction":[{"@type":"ReadAction","target":["https:\/\/www.team-nice.de\/fr\/equipe\/"]}]},{"@type":"BreadcrumbList","@id":"https:\/\/www.team-nice.de\/fr\/equipe\/#breadcrumb","itemListElement":[{"@type":"ListItem","position":1,"name":"Startseite","item":"https:\/\/www.team-nice.de\/fr\/"},{"@type":"ListItem","position":2,"name":"NICE :-) FACES"}]},{"@type":"WebSite","@id":"https:\/\/www.team-nice.de\/#website","url":"https:\/\/www.team-nice.de\/","name":"nice:-)","description":"Eventagentur in Essen","potentialAction":[{"@type":"SearchAction","target":{"@type":"EntryPoint","urlTemplate":"https:\/\/www.team-nice.de\/?s={search_term_string}"},"query-input":{"@type":"PropertyValueSpecification","valueRequired":true,"valueName":"search_term_string"}}],"inLanguage":"fr-FR"}]}},"_links":{"self":[{"href":"https:\/\/www.team-nice.de\/fr\/wp-json\/wp\/v2\/pages\/26216","targetHints":{"allow":["GET"]}}],"collection":[{"href":"https:\/\/www.team-nice.de\/fr\/wp-json\/wp\/v2\/pages"}],"about":[{"href":"https:\/\/www.team-nice.de\/fr\/wp-json\/wp\/v2\/types\/page"}],"author":[{"embeddable":true,"href":"https:\/\/www.team-nice.de\/fr\/wp-json\/wp\/v2\/users\/3"}],"replies":[{"embeddable":true,"href":"https:\/\/www.team-nice.de\/fr\/wp-json\/wp\/v2\/comments?post=26216"}],"version-history":[{"count":28,"href":"https:\/\/www.team-nice.de\/fr\/wp-json\/wp\/v2\/pages\/26216\/revisions"}],"predecessor-version":[{"id":26734,"href":"https:\/\/www.team-nice.de\/fr\/wp-json\/wp\/v2\/pages\/26216\/revisions\/26734"}],"wp:attachment":[{"href":"https:\/\/www.team-nice.de\/fr\/wp-json\/wp\/v2\/media?parent=26216"}],"curies":[{"name":"wp","href":"https:\/\/api.w.org\/{rel}","templated":true}]}}