{"id":26025,"date":"2020-06-04T10:16:58","date_gmt":"2020-06-04T08:16:58","guid":{"rendered":"https:\/\/www.team-nice.de\/?page_id=26025"},"modified":"2020-06-04T10:31:16","modified_gmt":"2020-06-04T08:31:16","slug":"nice-4-0","status":"publish","type":"page","link":"https:\/\/www.team-nice.de\/fr\/nice-4-0\/","title":{"rendered":"nice:-) 4.0"},"content":{"rendered":"<div class=\"wpb-content-wrapper\"><p>[vc_row row_type=\u00a0\u00bbrow\u00a0\u00bb use_row_as_full_screen_section=\u00a0\u00bbno\u00a0\u00bb type=\u00a0\u00bbfull_width\u00a0\u00bb text_align=\u00a0\u00bbleft\u00a0\u00bb background_animation=\u00a0\u00bbnone\u00a0\u00bb css_animation=\u00a0\u00bb\u00a0\u00bb][vc_column][rev_slider_vc alias=\u00a0\u00bbslider_nice4-0_eng-1&Prime;][\/vc_column][\/vc_row][vc_row row_type=\u00a0\u00bbrow\u00a0\u00bb use_row_as_full_screen_section=\u00a0\u00bbno\u00a0\u00bb type=\u00a0\u00bbgrid\u00a0\u00bb text_align=\u00a0\u00bbleft\u00a0\u00bb background_animation=\u00a0\u00bbnone\u00a0\u00bb padding_bottom=\u00a0\u00bb60&Prime; css_animation=\u00a0\u00bb\u00a0\u00bb background_color=\u00a0\u00bb#ffffff\u00a0\u00bb css=\u00a0\u00bb.vc_custom_1506069477169{background-color: #ffffff !important;background-position: center !important;background-repeat: no-repeat !important;background-size: cover !important;}\u00a0\u00bb][vc_column][vc_empty_space height=\u00a0\u00bb60px\u00a0\u00bb][vc_column_text]<\/p>\n<h2 style=\"text-align: center;\">nice:-) 4.0<\/h2>\n<p>[\/vc_column_text][vc_empty_space height=\u00a0\u00bb30px\u00a0\u00bb][vc_row_inner row_type=\u00a0\u00bbrow\u00a0\u00bb type=\u00a0\u00bbgrid\u00a0\u00bb use_row_as_full_screen_section_slide=\u00a0\u00bbno\u00a0\u00bb text_align=\u00a0\u00bbleft\u00a0\u00bb css_animation=\u00a0\u00bb\u00a0\u00bb][vc_column_inner][vc_column_text]<\/p>\n<p style=\"text-align: center;\">Bienvenue dans notre univers digital! Ici vous trouverez nos services li\u00e9s \u00e0 l\u00b4organisation \u00e9v\u00e8nementielle 4.0. De la formation en \u00e9quipe en ligne aux \u00e9v\u00e8nements virtuels, laissez-vous inspirer par nos solutions digitales combinant \u00e9motion, proximit\u00e9 et moments uniques, afin de cr\u00e9er un \u00e9v\u00e8nement r\u00e9ussi!<\/p>\n<p>[\/vc_column_text][\/vc_column_inner][\/vc_row_inner][vc_empty_space height=\u00a0\u00bb45px\u00a0\u00bb][\/vc_column][\/vc_row][vc_row row_type=\u00a0\u00bbrow\u00a0\u00bb use_row_as_full_screen_section=\u00a0\u00bbno\u00a0\u00bb type=\u00a0\u00bbgrid\u00a0\u00bb text_align=\u00a0\u00bbleft\u00a0\u00bb background_animation=\u00a0\u00bbnone\u00a0\u00bb css_animation=\u00a0\u00bbelement_from_fade\u00a0\u00bb][vc_column][vc_empty_space height=\u00a0\u00bb60px\u00a0\u00bb][vc_column_text]<\/p>\n<h4 style=\"text-align: center;\"><strong>DigiCon<\/strong><\/h4>\n<p>[\/vc_column_text][vc_column_text]<\/p>\n<h2 style=\"text-align: center;\">Comment transformer votre prochain congr\u00e8s en \u00e9v\u00e8nement majeur ?!<\/h2>\n<p>[\/vc_column_text][vc_empty_space height=\u00a0\u00bb20px\u00a0\u00bb][vc_column_text]<\/p>\n<p style=\"text-align: center;\">Vous souhaitez \u00e9galement surfer sur la vague du digital et avez besoin d\u00b4aide pour rendre votre \u00e9v\u00e8nement en ligne attrayant\u00a0?<\/p>\n<p>[\/vc_column_text][vc_empty_space height=\u00a0\u00bb45px\u00a0\u00bb][\/vc_column][\/vc_row][vc_row row_type=\u00a0\u00bbrow\u00a0\u00bb use_row_as_full_screen_section=\u00a0\u00bbno\u00a0\u00bb type=\u00a0\u00bbgrid\u00a0\u00bb text_align=\u00a0\u00bbleft\u00a0\u00bb background_animation=\u00a0\u00bbnone\u00a0\u00bb css_animation=\u00a0\u00bbelement_from_bottom\u00a0\u00bb][vc_column][vc_row_inner row_type=\u00a0\u00bbrow\u00a0\u00bb type=\u00a0\u00bbfull_width\u00a0\u00bb use_row_as_full_screen_section_slide=\u00a0\u00bbno\u00a0\u00bb text_align=\u00a0\u00bbleft\u00a0\u00bb css_animation=\u00a0\u00bb\u00a0\u00bb css=\u00a0\u00bb.vc_custom_1591089718430{margin-top: 0px !important;margin-right: 0px !important;margin-bottom: 0px !important;margin-left: 0px !important;padding-top: 0px !important;padding-right: 0px !important;padding-bottom: 0px !important;padding-left: 0px !important;background-color: #f2a823 !important;}\u00a0\u00bb][vc_column_inner width=\u00a0\u00bb1\/2&Prime; css=\u00a0\u00bb.vc_custom_1591089554021{padding-top: 0px !important;padding-right: 0px !important;padding-bottom: 0px !important;padding-left: 0px !important;}\u00a0\u00bb][vc_single_image image=\u00a0\u00bb26446&Prime; img_size=\u00a0\u00bbfull\u00a0\u00bb qode_css_animation=\u00a0\u00bb\u00a0\u00bb css=\u00a0\u00bb.vc_custom_1591090503885{padding-top: 0px !important;padding-right: 0px !important;padding-bottom: 0px !important;padding-left: 0px !important;}\u00a0\u00bb][\/vc_column_inner][vc_column_inner width=\u00a0\u00bb1\/2&Prime;][vc_column_text]<\/p>\n<ul style=\"color: #ffffff; list-style-position: outside; padding: 40px; line-height: 30px;\">\n<li style=\"margin-top: 10px;\">Service de consultation pour l\u00b4\u00e9laboration d\u00b4un concept et la transformation de votre \u00e9v\u00e8nement en format digital.<\/li>\n<li style=\"margin-top: 10px;\">Co\u00fbts r\u00e9duits et transparents d\u00fb \u00e0 l\u00b4utilisation de softwares pr\u00e9existants.<\/li>\n<li style=\"margin-top: 10px;\">Package tout compris avec le management des intervenants, des invit\u00e9s et du d\u00e9roulement complet de votre \u00e9v\u00e8nement lors du jour J.<\/li>\n<li style=\"margin-top: 10px;\">Moins de No-Show gr\u00e2ce \u00e0 un programme attrayant pour tous et des formats interactifs.<\/li>\n<li style=\"margin-top: 10px;\">Oh\u2026 et Adobe n\u00b4est pas la seule entreprise convaincue par ce format !<\/li>\n<\/ul>\n<p>[\/vc_column_text][\/vc_column_inner][\/vc_row_inner][vc_empty_space height=\u00a0\u00bb80px\u00a0\u00bb][\/vc_column][\/vc_row][vc_row row_type=\u00a0\u00bbrow\u00a0\u00bb use_row_as_full_screen_section=\u00a0\u00bbno\u00a0\u00bb type=\u00a0\u00bbfull_width\u00a0\u00bb text_align=\u00a0\u00bbcenter\u00a0\u00bb background_animation=\u00a0\u00bbnone\u00a0\u00bb css_animation=\u00a0\u00bbelement_from_fade\u00a0\u00bb][vc_column]<a href=\"mailto: hello@team-nice.de?subject=Je%20veux%20devenir%20le%20prochain%20Adobe%20!\" target=\"_self\" data-hover-background-color='rgba(255,255,255,0.01)' data-hover-border-color='#f2a823' data-hover-color='#f2a823' class=\"qbutton  large\" style=\"\">Je veux devenir le prochain Adobe !<\/a>[vc_empty_space height=\u00a0\u00bb120px\u00a0\u00bb][\/vc_column][\/vc_row][vc_row row_type=\u00a0\u00bbrow\u00a0\u00bb use_row_as_full_screen_section=\u00a0\u00bbno\u00a0\u00bb type=\u00a0\u00bbgrid\u00a0\u00bb text_align=\u00a0\u00bbleft\u00a0\u00bb background_animation=\u00a0\u00bbnone\u00a0\u00bb css_animation=\u00a0\u00bbelement_from_fade\u00a0\u00bb css=\u00a0\u00bb.vc_custom_1590480657794{background-color: #ffffff !important;}\u00a0\u00bb][vc_column][vc_empty_space height=\u00a0\u00bb60px\u00a0\u00bb][vc_column_text]<\/p>\n<h4 style=\"text-align: center;\"><strong>Teambuilding 4.0<\/strong><\/h4>\n<p>[\/vc_column_text][vc_column_text]<\/p>\n<h2 style=\"text-align: center;\">Si vous souhaitez transformer votre visioconf\u00e9rence en exp\u00e9rience unique, vous allez \u00eatre g\u00e2t\u00e9s !<\/h2>\n<p>[\/vc_column_text][vc_empty_space height=\u00a0\u00bb20px\u00a0\u00bb][vc_column_text]<\/p>\n<p style=\"text-align: center;\">Le team building digital \u00e0 la nice:-) est la solution que vous cherchiez\u00a0!<\/p>\n<p>[\/vc_column_text][vc_empty_space height=\u00a0\u00bb80px\u00a0\u00bb][\/vc_column][\/vc_row][vc_row row_type=\u00a0\u00bbrow\u00a0\u00bb use_row_as_full_screen_section=\u00a0\u00bbno\u00a0\u00bb type=\u00a0\u00bbgrid\u00a0\u00bb text_align=\u00a0\u00bbleft\u00a0\u00bb background_animation=\u00a0\u00bbnone\u00a0\u00bb css_animation=\u00a0\u00bbelement_from_bottom\u00a0\u00bb css=\u00a0\u00bb.vc_custom_1591090589565{background-color: #ffffff !important;}\u00a0\u00bb][vc_column][vc_row_inner row_type=\u00a0\u00bbrow\u00a0\u00bb type=\u00a0\u00bbfull_width\u00a0\u00bb use_row_as_full_screen_section_slide=\u00a0\u00bbno\u00a0\u00bb text_align=\u00a0\u00bbleft\u00a0\u00bb css_animation=\u00a0\u00bb\u00a0\u00bb css=\u00a0\u00bb.vc_custom_1591089718430{margin-top: 0px !important;margin-right: 0px !important;margin-bottom: 0px !important;margin-left: 0px !important;padding-top: 0px !important;padding-right: 0px !important;padding-bottom: 0px !important;padding-left: 0px !important;background-color: #f2a823 !important;}\u00a0\u00bb][vc_column_inner width=\u00a0\u00bb1\/2&Prime; css=\u00a0\u00bb.vc_custom_1591089554021{padding-top: 0px !important;padding-right: 0px !important;padding-bottom: 0px !important;padding-left: 0px !important;}\u00a0\u00bb][vc_single_image image=\u00a0\u00bb26450&Prime; img_size=\u00a0\u00bbfull\u00a0\u00bb qode_css_animation=\u00a0\u00bb\u00a0\u00bb css=\u00a0\u00bb.vc_custom_1591090558338{padding-top: 0px !important;padding-right: 0px !important;padding-bottom: 0px !important;padding-left: 0px !important;}\u00a0\u00bb][\/vc_column_inner][vc_column_inner width=\u00a0\u00bb1\/2&Prime;][vc_column_text]<\/p>\n<ul style=\"color: #ffffff; list-style-position: outside; padding: 40px; line-height: 30px;\">\n<li style=\"margin-top: 20px;\">Du jeu d\u00b4\u00e9quipe \u00e0 l\u00b4escape game, nous transformons votre \u00e9v\u00e9nement digital en exp\u00e9rience unique.<\/li>\n<li style=\"margin-top: 20px;\">Co\u00fbts r\u00e9duits et transparents gr\u00e2ce \u00e0 l\u00b4utilisation de softwares pr\u00e9existants.<\/li>\n<li style=\"margin-top: 20px;\">Package tout compris incluant le management des invit\u00e9s, du programme et l\u00b4animation de votre exp\u00e9rience<\/li>\n<li style=\"margin-top: 20px;\">Moins de No Show gr\u00e2ce \u00e0 nos surprises analogues<\/li>\n<li style=\"margin-top: 20px;\">Combinez visioconf\u00e9rence et team building pour un \u00e9v\u00e8nement r\u00e9ussi !<\/li>\n<\/ul>\n<p>[\/vc_column_text][\/vc_column_inner][\/vc_row_inner][vc_empty_space height=\u00a0\u00bb80px\u00a0\u00bb][\/vc_column][\/vc_row][vc_row row_type=\u00a0\u00bbrow\u00a0\u00bb use_row_as_full_screen_section=\u00a0\u00bbno\u00a0\u00bb type=\u00a0\u00bbfull_width\u00a0\u00bb text_align=\u00a0\u00bbcenter\u00a0\u00bb background_animation=\u00a0\u00bbnone\u00a0\u00bb css_animation=\u00a0\u00bbelement_from_fade\u00a0\u00bb css=\u00a0\u00bb.vc_custom_1590480680495{background-color: #ffffff !important;}\u00a0\u00bb][vc_column]<a href=\"mailto: hello@team-nice.de?subject=Ajoutons%20ensemble%20des%20\u00e9motions%20aux%20\u00e9v\u00e8nements%20digitals%20!\" target=\"_self\" data-hover-background-color='rgba(255,255,255,0.01)' data-hover-border-color='#f2a823' data-hover-color='#f2a823' class=\"qbutton  large\" style=\"\">Ajoutons ensemble des \u00e9motions aux \u00e9v\u00e8nements digitals !<\/a>[vc_empty_space height=\u00a0\u00bb120px\u00a0\u00bb][\/vc_column][\/vc_row][vc_row row_type=\u00a0\u00bbrow\u00a0\u00bb use_row_as_full_screen_section=\u00a0\u00bbno\u00a0\u00bb type=\u00a0\u00bbgrid\u00a0\u00bb text_align=\u00a0\u00bbleft\u00a0\u00bb background_animation=\u00a0\u00bbnone\u00a0\u00bb css_animation=\u00a0\u00bbelement_from_fade\u00a0\u00bb][vc_column][vc_empty_space height=\u00a0\u00bb60px\u00a0\u00bb][vc_column_text]<\/p>\n<h4 style=\"text-align: center;\"><strong>R\u00e9alit\u00e9 Virtuelle<\/strong><\/h4>\n<p>[\/vc_column_text][vc_column_text]<\/p>\n<h2 style=\"text-align: center;\">Transformer votre \u00e9v\u00e9nement digital en r\u00e9alit\u00e9 virtuelle sans complication, c\u00b4est maintenant possible!<\/h2>\n<p>[\/vc_column_text][vc_empty_space height=\u00a0\u00bb80px\u00a0\u00bb][vc_column_text]<\/p>\n<p style=\"text-align: center;\">Vous souhaitez organiser votre \u00e9v\u00e9nement, \u00eates n\u00e9anmoins paralys\u00e9 d\u00fb aux circonstances actuelles\u00a0? Nous vous emmenons dans la Matrix\u00a0:<\/p>\n<p>[\/vc_column_text][vc_empty_space height=\u00a0\u00bb80px\u00a0\u00bb][\/vc_column][\/vc_row][vc_row row_type=\u00a0\u00bbrow\u00a0\u00bb use_row_as_full_screen_section=\u00a0\u00bbno\u00a0\u00bb type=\u00a0\u00bbgrid\u00a0\u00bb text_align=\u00a0\u00bbleft\u00a0\u00bb background_animation=\u00a0\u00bbnone\u00a0\u00bb css_animation=\u00a0\u00bbelement_from_bottom\u00a0\u00bb][vc_column][vc_row_inner row_type=\u00a0\u00bbrow\u00a0\u00bb type=\u00a0\u00bbfull_width\u00a0\u00bb use_row_as_full_screen_section_slide=\u00a0\u00bbno\u00a0\u00bb text_align=\u00a0\u00bbleft\u00a0\u00bb css_animation=\u00a0\u00bb\u00a0\u00bb css=\u00a0\u00bb.vc_custom_1591089718430{margin-top: 0px !important;margin-right: 0px !important;margin-bottom: 0px !important;margin-left: 0px !important;padding-top: 0px !important;padding-right: 0px !important;padding-bottom: 0px !important;padding-left: 0px !important;background-color: #f2a823 !important;}\u00a0\u00bb][vc_column_inner width=\u00a0\u00bb1\/2&Prime; css=\u00a0\u00bb.vc_custom_1591089554021{padding-top: 0px !important;padding-right: 0px !important;padding-bottom: 0px !important;padding-left: 0px !important;}\u00a0\u00bb][vc_single_image image=\u00a0\u00bb26478&Prime; img_size=\u00a0\u00bbfull\u00a0\u00bb qode_css_animation=\u00a0\u00bb\u00a0\u00bb css=\u00a0\u00bb.vc_custom_1591254374201{padding-top: 0px !important;padding-right: 0px !important;padding-bottom: 0px !important;padding-left: 0px !important;}\u00a0\u00bb][\/vc_column_inner][vc_column_inner width=\u00a0\u00bb1\/2&Prime;][vc_column_text]<\/p>\n<ul style=\"color: #ffffff; list-style-position: outside; padding: 40px; line-height: 30px;\">\n<li style=\"margin-top: 20px;\">Service de consultation lors de la conception et transformation de votre \u00e9v\u00e8nement en exp\u00e9rience VR.<\/li>\n<li style=\"margin-top: 20px;\">Une lunette de r\u00e9alit\u00e9 virtuelle simple \u00e0 utiliser !<\/li>\n<li style=\"margin-top: 20px;\">Des millions de possibilit\u00e9s (un \u00e9v\u00e8nement dans le d\u00e9sert, la for\u00eat amazonienne, sur la lune ? Tout cela est possible !)<\/li>\n<li style=\"margin-top: 20px;\">Plus d\u00b4\u00e9motions, plus de proximit\u00e9, moins de distance !<\/li>\n<\/ul>\n<p>[\/vc_column_text][\/vc_column_inner][\/vc_row_inner][vc_empty_space height=\u00a0\u00bb80px\u00a0\u00bb][\/vc_column][\/vc_row][vc_row row_type=\u00a0\u00bbrow\u00a0\u00bb use_row_as_full_screen_section=\u00a0\u00bbno\u00a0\u00bb type=\u00a0\u00bbfull_width\u00a0\u00bb text_align=\u00a0\u00bbcenter\u00a0\u00bb background_animation=\u00a0\u00bbnone\u00a0\u00bb css_animation=\u00a0\u00bbelement_from_fade\u00a0\u00bb][vc_column]<a href=\"mailto: hello@team-nice.de?subject=Je%20souhaite%20organiser%20mon%20prochain%20\u00e9v\u00e8nement%20sur%20la%20lune%20\u2026\" target=\"_self\" data-hover-background-color='rgba(255,255,255,0.01)' data-hover-border-color='#f2a823' data-hover-color='#f2a823' class=\"qbutton  large\" style=\"\">Je souhaite organiser mon prochain \u00e9v\u00e8nement sur la lune \u2026<\/a>[vc_empty_space height=\u00a0\u00bb120px\u00a0\u00bb][\/vc_column][\/vc_row]<\/p>\n<\/div>","protected":false},"excerpt":{"rendered":"<p>[vc_row row_type=\u00a0\u00bbrow\u00a0\u00bb use_row_as_full_screen_section=\u00a0\u00bbno\u00a0\u00bb type=\u00a0\u00bbfull_width\u00a0\u00bb text_align=\u00a0\u00bbleft\u00a0\u00bb background_animation=\u00a0\u00bbnone\u00a0\u00bb css_animation=\u00a0\u00bb\u00a0\u00bb][vc_column][rev_slider_vc alias=\u00a0\u00bbslider_nice4-0_eng-1&Prime;][\/vc_column][\/vc_row][vc_row row_type=\u00a0\u00bbrow\u00a0\u00bb use_row_as_full_screen_section=\u00a0\u00bbno\u00a0\u00bb type=\u00a0\u00bbgrid\u00a0\u00bb text_align=\u00a0\u00bbleft\u00a0\u00bb background_animation=\u00a0\u00bbnone\u00a0\u00bb padding_bottom=\u00a0\u00bb60&Prime; css_animation=\u00a0\u00bb\u00a0\u00bb background_color=\u00a0\u00bb#ffffff\u00a0\u00bb css=\u00a0\u00bb.vc_custom_1506069477169{background-color: #ffffff !important;background-position: center !important;background-repeat: no-repeat !important;background-size: cover !important;}\u00a0\u00bb][vc_column][vc_empty_space height=\u00a0\u00bb60px\u00a0\u00bb][vc_column_text] nice:-) 4.0 [\/vc_column_text][vc_empty_space height=\u00a0\u00bb30px\u00a0\u00bb][vc_row_inner&#8230;<\/p>\n","protected":false},"author":3,"featured_media":0,"parent":0,"menu_order":0,"comment_status":"open","ping_status":"open","template":"full_width.php","meta":{"footnotes":""},"class_list":["post-26025","page","type-page","status-publish","hentry"],"yoast_head":"<!-- This site is optimized with the Yoast SEO plugin v27.3 - https:\/\/yoast.com\/product\/yoast-seo-wordpress\/ -->\n<title>nice:-) 4.0 - nice:-)<\/title>\n<meta name=\"robots\" content=\"index, follow, max-snippet:-1, max-image-preview:large, max-video-preview:-1\" \/>\n<link rel=\"canonical\" href=\"https:\/\/www.team-nice.de\/fr\/nice-4-0\/\" \/>\n<meta property=\"og:locale\" content=\"fr_FR\" \/>\n<meta property=\"og:type\" content=\"article\" \/>\n<meta property=\"og:title\" content=\"nice:-) 4.0 - nice:-)\" \/>\n<meta property=\"og:description\" content=\"[vc_row row_type=\u00a0\u00bbrow\u00a0\u00bb use_row_as_full_screen_section=\u00a0\u00bbno\u00a0\u00bb type=\u00a0\u00bbfull_width\u00a0\u00bb text_align=\u00a0\u00bbleft\u00a0\u00bb background_animation=\u00a0\u00bbnone\u00a0\u00bb css_animation=\u00a0\u00bb\u00a0\u00bb][vc_column][rev_slider_vc alias=\u00a0\u00bbslider_nice4-0_eng-1&Prime;][\/vc_column][\/vc_row][vc_row row_type=\u00a0\u00bbrow\u00a0\u00bb use_row_as_full_screen_section=\u00a0\u00bbno\u00a0\u00bb type=\u00a0\u00bbgrid\u00a0\u00bb text_align=\u00a0\u00bbleft\u00a0\u00bb background_animation=\u00a0\u00bbnone\u00a0\u00bb padding_bottom=\u00a0\u00bb60&Prime; css_animation=\u00a0\u00bb\u00a0\u00bb background_color=\u00a0\u00bb#ffffff\u00a0\u00bb css=\u00a0\u00bb.vc_custom_1506069477169{background-color: #ffffff !important;background-position: center !important;background-repeat: no-repeat !important;background-size: cover !important;}\u00a0\u00bb][vc_column][vc_empty_space height=\u00a0\u00bb60px\u00a0\u00bb][vc_column_text] nice:-) 4.0 [\/vc_column_text][vc_empty_space height=\u00a0\u00bb30px\u00a0\u00bb][vc_row_inner...\" \/>\n<meta property=\"og:url\" content=\"https:\/\/www.team-nice.de\/fr\/nice-4-0\/\" \/>\n<meta property=\"og:site_name\" content=\"nice:-)\" \/>\n<meta property=\"article:modified_time\" content=\"2020-06-04T08:31:16+00:00\" \/>\n<meta name=\"twitter:card\" content=\"summary_large_image\" \/>\n<meta name=\"twitter:label1\" content=\"Dur\u00e9e de lecture estim\u00e9e\" \/>\n\t<meta name=\"twitter:data1\" content=\"7 minutes\" \/>\n<script type=\"application\/ld+json\" class=\"yoast-schema-graph\">{\"@context\":\"https:\\\/\\\/schema.org\",\"@graph\":[{\"@type\":\"WebPage\",\"@id\":\"https:\\\/\\\/www.team-nice.de\\\/fr\\\/nice-4-0\\\/\",\"url\":\"https:\\\/\\\/www.team-nice.de\\\/fr\\\/nice-4-0\\\/\",\"name\":\"nice:-) 4.0 - nice:-)\",\"isPartOf\":{\"@id\":\"https:\\\/\\\/www.team-nice.de\\\/#website\"},\"datePublished\":\"2020-06-04T08:16:58+00:00\",\"dateModified\":\"2020-06-04T08:31:16+00:00\",\"breadcrumb\":{\"@id\":\"https:\\\/\\\/www.team-nice.de\\\/fr\\\/nice-4-0\\\/#breadcrumb\"},\"inLanguage\":\"fr-FR\",\"potentialAction\":[{\"@type\":\"ReadAction\",\"target\":[\"https:\\\/\\\/www.team-nice.de\\\/fr\\\/nice-4-0\\\/\"]}]},{\"@type\":\"BreadcrumbList\",\"@id\":\"https:\\\/\\\/www.team-nice.de\\\/fr\\\/nice-4-0\\\/#breadcrumb\",\"itemListElement\":[{\"@type\":\"ListItem\",\"position\":1,\"name\":\"Startseite\",\"item\":\"https:\\\/\\\/www.team-nice.de\\\/fr\\\/\"},{\"@type\":\"ListItem\",\"position\":2,\"name\":\"nice:-) 4.0\"}]},{\"@type\":\"WebSite\",\"@id\":\"https:\\\/\\\/www.team-nice.de\\\/#website\",\"url\":\"https:\\\/\\\/www.team-nice.de\\\/\",\"name\":\"nice:-)\",\"description\":\"Eventagentur in Essen\",\"potentialAction\":[{\"@type\":\"SearchAction\",\"target\":{\"@type\":\"EntryPoint\",\"urlTemplate\":\"https:\\\/\\\/www.team-nice.de\\\/?s={search_term_string}\"},\"query-input\":{\"@type\":\"PropertyValueSpecification\",\"valueRequired\":true,\"valueName\":\"search_term_string\"}}],\"inLanguage\":\"fr-FR\"}]}<\/script>\n<!-- \/ Yoast SEO plugin. -->","yoast_head_json":{"title":"nice:-) 4.0 - nice:-)","robots":{"index":"index","follow":"follow","max-snippet":"max-snippet:-1","max-image-preview":"max-image-preview:large","max-video-preview":"max-video-preview:-1"},"canonical":"https:\/\/www.team-nice.de\/fr\/nice-4-0\/","og_locale":"fr_FR","og_type":"article","og_title":"nice:-) 4.0 - nice:-)","og_description":"[vc_row row_type=\u00a0\u00bbrow\u00a0\u00bb use_row_as_full_screen_section=\u00a0\u00bbno\u00a0\u00bb type=\u00a0\u00bbfull_width\u00a0\u00bb text_align=\u00a0\u00bbleft\u00a0\u00bb background_animation=\u00a0\u00bbnone\u00a0\u00bb css_animation=\u00a0\u00bb\u00a0\u00bb][vc_column][rev_slider_vc alias=\u00a0\u00bbslider_nice4-0_eng-1&Prime;][\/vc_column][\/vc_row][vc_row row_type=\u00a0\u00bbrow\u00a0\u00bb use_row_as_full_screen_section=\u00a0\u00bbno\u00a0\u00bb type=\u00a0\u00bbgrid\u00a0\u00bb text_align=\u00a0\u00bbleft\u00a0\u00bb background_animation=\u00a0\u00bbnone\u00a0\u00bb padding_bottom=\u00a0\u00bb60&Prime; css_animation=\u00a0\u00bb\u00a0\u00bb background_color=\u00a0\u00bb#ffffff\u00a0\u00bb css=\u00a0\u00bb.vc_custom_1506069477169{background-color: #ffffff !important;background-position: center !important;background-repeat: no-repeat !important;background-size: cover !important;}\u00a0\u00bb][vc_column][vc_empty_space height=\u00a0\u00bb60px\u00a0\u00bb][vc_column_text] nice:-) 4.0 [\/vc_column_text][vc_empty_space height=\u00a0\u00bb30px\u00a0\u00bb][vc_row_inner...","og_url":"https:\/\/www.team-nice.de\/fr\/nice-4-0\/","og_site_name":"nice:-)","article_modified_time":"2020-06-04T08:31:16+00:00","twitter_card":"summary_large_image","twitter_misc":{"Dur\u00e9e de lecture estim\u00e9e":"7 minutes"},"schema":{"@context":"https:\/\/schema.org","@graph":[{"@type":"WebPage","@id":"https:\/\/www.team-nice.de\/fr\/nice-4-0\/","url":"https:\/\/www.team-nice.de\/fr\/nice-4-0\/","name":"nice:-) 4.0 - nice:-)","isPartOf":{"@id":"https:\/\/www.team-nice.de\/#website"},"datePublished":"2020-06-04T08:16:58+00:00","dateModified":"2020-06-04T08:31:16+00:00","breadcrumb":{"@id":"https:\/\/www.team-nice.de\/fr\/nice-4-0\/#breadcrumb"},"inLanguage":"fr-FR","potentialAction":[{"@type":"ReadAction","target":["https:\/\/www.team-nice.de\/fr\/nice-4-0\/"]}]},{"@type":"BreadcrumbList","@id":"https:\/\/www.team-nice.de\/fr\/nice-4-0\/#breadcrumb","itemListElement":[{"@type":"ListItem","position":1,"name":"Startseite","item":"https:\/\/www.team-nice.de\/fr\/"},{"@type":"ListItem","position":2,"name":"nice:-) 4.0"}]},{"@type":"WebSite","@id":"https:\/\/www.team-nice.de\/#website","url":"https:\/\/www.team-nice.de\/","name":"nice:-)","description":"Eventagentur in Essen","potentialAction":[{"@type":"SearchAction","target":{"@type":"EntryPoint","urlTemplate":"https:\/\/www.team-nice.de\/?s={search_term_string}"},"query-input":{"@type":"PropertyValueSpecification","valueRequired":true,"valueName":"search_term_string"}}],"inLanguage":"fr-FR"}]}},"_links":{"self":[{"href":"https:\/\/www.team-nice.de\/fr\/wp-json\/wp\/v2\/pages\/26025","targetHints":{"allow":["GET"]}}],"collection":[{"href":"https:\/\/www.team-nice.de\/fr\/wp-json\/wp\/v2\/pages"}],"about":[{"href":"https:\/\/www.team-nice.de\/fr\/wp-json\/wp\/v2\/types\/page"}],"author":[{"embeddable":true,"href":"https:\/\/www.team-nice.de\/fr\/wp-json\/wp\/v2\/users\/3"}],"replies":[{"embeddable":true,"href":"https:\/\/www.team-nice.de\/fr\/wp-json\/wp\/v2\/comments?post=26025"}],"version-history":[{"count":13,"href":"https:\/\/www.team-nice.de\/fr\/wp-json\/wp\/v2\/pages\/26025\/revisions"}],"predecessor-version":[{"id":26527,"href":"https:\/\/www.team-nice.de\/fr\/wp-json\/wp\/v2\/pages\/26025\/revisions\/26527"}],"wp:attachment":[{"href":"https:\/\/www.team-nice.de\/fr\/wp-json\/wp\/v2\/media?parent=26025"}],"curies":[{"name":"wp","href":"https:\/\/api.w.org\/{rel}","templated":true}]}}