{"id":23798,"date":"2019-01-24T16:25:19","date_gmt":"2019-01-24T15:25:19","guid":{"rendered":"http:\/\/www.team-nice.de\/?page_id=23798"},"modified":"2019-03-25T17:54:27","modified_gmt":"2019-03-25T16:54:27","slug":"agence-evenementielle-management-evenementiel","status":"publish","type":"page","link":"https:\/\/www.team-nice.de\/fr\/agence-evenementielle-management-evenementiel\/","title":{"rendered":"Agence \u00e9v\u00e8nementielle &#038; Management \u00e9v\u00e8nementiel FR"},"content":{"rendered":"<div class=\"wpb-content-wrapper\"><p>[vc_row css_animation=\u00a0\u00bb\u00a0\u00bb row_type=\u00a0\u00bbrow\u00a0\u00bb use_row_as_full_screen_section=\u00a0\u00bbno\u00a0\u00bb type=\u00a0\u00bbfull_width\u00a0\u00bb text_align=\u00a0\u00bbleft\u00a0\u00bb][vc_column][rev_slider_vc alias=\u00a0\u00bbveranstaltungsagentur_fr\u00a0\u00bb][\/vc_column][\/vc_row][vc_row css_animation=\u00a0\u00bb\u00a0\u00bb row_type=\u00a0\u00bbrow\u00a0\u00bb use_row_as_full_screen_section=\u00a0\u00bbno\u00a0\u00bb type=\u00a0\u00bbgrid\u00a0\u00bb text_align=\u00a0\u00bbleft\u00a0\u00bb background_color=\u00a0\u00bb#ffffff\u00a0\u00bb padding_top=\u00a0\u00bb60&Prime; padding_bottom=\u00a0\u00bb60&Prime;][vc_column][vc_column_text]<\/p>\n<h2 style=\"text-align: center;\">Agence \u00e9v\u00e9nementielle et management \u00e9v\u00e9nementiel<\/h2>\n<p>[\/vc_column_text][vc_empty_space height=\u00a0\u00bb30px\u00a0\u00bb][vc_column_text]<\/p>\n<p style=\"text-align: center;\">Nous sommes manageurs d\u2019\u00e9v\u00e8nement, ambassadeur d\u2019\u00e9v\u00e8nements. De la conception \u00e0 la r\u00e9alisation en passant par l\u2019organisation d\u2019\u00e9v\u00e8nement, nous vous offrons un service de A-Z.<\/p>\n<p>[\/vc_column_text][vc_empty_space height=\u00a0\u00bb40px\u00a0\u00bb][\/vc_column][\/vc_row][vc_row css_animation=\u00a0\u00bb\u00a0\u00bb row_type=\u00a0\u00bbrow\u00a0\u00bb use_row_as_full_screen_section=\u00a0\u00bbno\u00a0\u00bb type=\u00a0\u00bbfull_width\u00a0\u00bb text_align=\u00a0\u00bbleft\u00a0\u00bb el_class=\u00a0\u00bbrow_img_orng_box\u00a0\u00bb][vc_column width=\u00a0\u00bb1\/4&Prime;][vc_single_image image=\u00a0\u00bb23506&Prime; img_size=\u00a0\u00bbfull\u00a0\u00bb alignment=\u00a0\u00bbcenter\u00a0\u00bb qode_css_animation=\u00a0\u00bb\u00a0\u00bb]<div class=\"q_image_with_text_over \"><div class=\"shader\"><\/div><img data-recalc-dims=\"1\" decoding=\"async\" src=\"https:\/\/i0.wp.com\/www.team-nice.de\/wp-content\/uploads\/orange_440_x_266.png?w=1060&#038;ssl=1\" alt=\"\" \/><div class=\"front_holder\"><div class=\"front_holder_inner\"><div class=\"front_holder_inner2\"><h3 class=\"front_subtitle\" style=\"color: #ffffff;font-size: 17px;\">Plus d\u2019informations sur les ...<\/h3><h4 class=\"front_title\" style=\"color: #ffffff;font-size: 21px;\">\u00e9v\u00e8nements d\u2019entreprise <\/h4><\/div><\/div><\/div><div class=\"back_holder\"><div class=\"back_holder_inner\"><div class=\"back_holder_inner2\">Un concept adapt\u00e9 \u00e0 votre occasion.<\/div><\/div><\/div><\/div>[\/vc_column][vc_column width=\u00a0\u00bb1\/4&Prime;]<div class=\"q_image_with_text_over \"><div class=\"shader\"><\/div><img data-recalc-dims=\"1\" decoding=\"async\" src=\"https:\/\/i0.wp.com\/www.team-nice.de\/wp-content\/uploads\/orange_992_x_598.png?w=1060&#038;ssl=1\" alt=\"\" \/><div class=\"front_holder\"><div class=\"front_holder_inner\"><div class=\"front_holder_inner2\"><h3 class=\"front_subtitle\" style=\"color: #ffffff;font-size: 17px;\">Plus d\u2019information sur la ...<\/h3><h4 class=\"front_title\" style=\"color: #ffffff;font-size: 21px;\">pr\u00e9sentation de produits <\/h4><\/div><\/div><\/div><div class=\"back_holder\"><div class=\"back_holder_inner\"><div class=\"back_holder_inner2\">Votre produit sous les feux de la sc\u00e8ne.<\/div><\/div><\/div><\/div>[vc_single_image image=\u00a0\u00bb23507&Prime; img_size=\u00a0\u00bbfull\u00a0\u00bb alignment=\u00a0\u00bbcenter\u00a0\u00bb qode_css_animation=\u00a0\u00bb\u00a0\u00bb][\/vc_column][vc_column width=\u00a0\u00bb1\/4&Prime;][vc_single_image image=\u00a0\u00bb23508&Prime; img_size=\u00a0\u00bbfull\u00a0\u00bb alignment=\u00a0\u00bbcenter\u00a0\u00bb qode_css_animation=\u00a0\u00bb\u00a0\u00bb]<div class=\"q_image_with_text_over \"><div class=\"shader\"><\/div><img data-recalc-dims=\"1\" decoding=\"async\" src=\"https:\/\/i0.wp.com\/www.team-nice.de\/wp-content\/uploads\/orange_440_x_266.png?w=1060&#038;ssl=1\" alt=\"\" \/><div class=\"front_holder\"><div class=\"front_holder_inner\"><div class=\"front_holder_inner2\"><h3 class=\"front_subtitle\" style=\"color: #ffffff;font-size: 17px;\">Plus d\u2019information sur votre ...<\/h3><h4 class=\"front_title\" style=\"color: #ffffff;font-size: 21px;\">\u00e9v\u00e8nement VIP<\/h4><\/div><\/div><\/div><div class=\"back_holder\"><div class=\"back_holder_inner\"><div class=\"back_holder_inner2\">Le paquet sans soucis pour vos VIPs.<\/div><\/div><\/div><\/div>[\/vc_column][vc_column width=\u00a0\u00bb1\/4&Prime;]<div class=\"q_image_with_text_over \"><div class=\"shader\"><\/div><img data-recalc-dims=\"1\" decoding=\"async\" src=\"https:\/\/i0.wp.com\/www.team-nice.de\/wp-content\/uploads\/orange_992_x_598.png?w=1060&#038;ssl=1\" alt=\"\" \/><div class=\"front_holder\"><div class=\"front_holder_inner\"><div class=\"front_holder_inner2\"><h3 class=\"front_subtitle\" style=\"color: #ffffff;font-size: 17px;\">Plus d\u2019information sur ...<\/h3><h4 class=\"front_title\" style=\"color: #ffffff;font-size: 21px;\">l\u2019organisation de soir\u00e9e<\/h4><\/div><\/div><\/div><div class=\"back_holder\"><div class=\"back_holder_inner\"><div class=\"back_holder_inner2\">Beach Party, White Night ou espace \u00e9v\u00e8nementiel?<\/div><\/div><\/div><\/div>[vc_single_image image=\u00a0\u00bb23494&Prime; img_size=\u00a0\u00bbfull\u00a0\u00bb alignment=\u00a0\u00bbcenter\u00a0\u00bb qode_css_animation=\u00a0\u00bb\u00a0\u00bb][\/vc_column][\/vc_row][vc_row css_animation=\u00a0\u00bb\u00a0\u00bb row_type=\u00a0\u00bbrow\u00a0\u00bb use_row_as_full_screen_section=\u00a0\u00bbno\u00a0\u00bb type=\u00a0\u00bbfull_width\u00a0\u00bb text_align=\u00a0\u00bbleft\u00a0\u00bb background_color=\u00a0\u00bb#f2f2f2&Prime;][vc_column][vc_empty_space height=\u00a0\u00bb100px\u00a0\u00bb][vc_column_text]<\/p>\n<h2 style=\"text-align: center;\">De l\u2019id\u00e9e \u00e0 l\u2019\u00e9v\u00e8nement<\/h2>\n<p>[\/vc_column_text][vc_empty_space height=\u00a0\u00bb80px\u00a0\u00bb][vc_row_inner row_type=\u00a0\u00bbrow\u00a0\u00bb type=\u00a0\u00bbgrid\u00a0\u00bb use_row_as_full_screen_section_slide=\u00a0\u00bbno\u00a0\u00bb text_align=\u00a0\u00bbleft\u00a0\u00bb css_animation=\u00a0\u00bb\u00a0\u00bb][vc_column_inner width=\u00a0\u00bb1\/2&Prime;][vc_column_text el_class=\u00a0\u00bbpadding-20&Prime;]<\/p>\n<h5 style=\"text-align: center;\">\u00c9v\u00e8nement d\u2019entreprise<\/h5>\n<p style=\"text-align: center;\">Votre entreprise a une occasion \u00e0 f\u00eater? Nous avons le concept correspondant! Montrez \u00e0 vos clients que votre entreprise est innovatrice et invitez les \u00e0 participer \u00e0 votre anniversaire d\u2019entreprise, montrez leur vos nouveaux produits ou les r\u00e9cents changements&#8230;<\/p>\n<p>[\/vc_column_text][\/vc_column_inner][vc_column_inner width=\u00a0\u00bb1\/2&Prime;][vc_column_text el_class=\u00a0\u00bbpadding-20&Prime;]<\/p>\n<h5 style=\"text-align: center;\">Pr\u00e9sentation de produit<\/h5>\n<p style=\"text-align: center;\">Souhaitez-vous mettre votre produit sous les feux de la sc\u00e8ne? Mettez en sc\u00e8ne votre produit avec nice:-). Que ce soit dans un lieu particulier o\u00f9 dans votre entreprise, laissez vos clients voir votre produit chez vous ou dans un autre lieu.<\/p>\n<p>[\/vc_column_text][\/vc_column_inner][\/vc_row_inner][vc_empty_space height=\u00a0\u00bb50px\u00a0\u00bb][vc_row_inner row_type=\u00a0\u00bbrow\u00a0\u00bb type=\u00a0\u00bbgrid\u00a0\u00bb use_row_as_full_screen_section_slide=\u00a0\u00bbno\u00a0\u00bb text_align=\u00a0\u00bbleft\u00a0\u00bb css_animation=\u00a0\u00bb\u00a0\u00bb][vc_column_inner width=\u00a0\u00bb1\/2&Prime;][vc_column_text el_class=\u00a0\u00bbpadding-20&Prime;]<\/p>\n<h5 style=\"text-align: center;\">Ev\u00e8nement VIP<\/h5>\n<p style=\"text-align: center;\">Vous cherchez le partenaire id\u00e9al pour votre \u00e9v\u00e8nement sportif? nice:-) vous transforme en VIP. Nous offrons un paquet \u201esans-soucis\u201c et vous offrons le premier rang pour un grand \u00e9v\u00e8nement sportif avec un programme ad\u00e9quat pour l\u2019occasion!<\/p>\n<p>[\/vc_column_text][\/vc_column_inner][vc_column_inner width=\u00a0\u00bb1\/2&Prime;][vc_column_text el_class=\u00a0\u00bbpadding-20&Prime;]<\/p>\n<h5 style=\"text-align: center;\">Soir\u00e9e<\/h5>\n<p style=\"text-align: center;\">Beachparty? White Night? Space Dinner? \u2013 comment souhaitez-vous avoir votre soir\u00e9e \u00e0 la nice:-)? Il est pour nous crucial de cr\u00e9er un \u00e9v\u00e8nement unique. Ainsi nous \u00e9coutons attentivement vos besoins et concevons un concept complet avec le traiteur et l\u2019endroit correspondant \u00e0 vos attentes.<\/p>\n<p>[\/vc_column_text][\/vc_column_inner][\/vc_row_inner][vc_empty_space height=\u00a0\u00bb100px\u00a0\u00bb][\/vc_column][\/vc_row][vc_row css_animation=\u00a0\u00bb\u00a0\u00bb row_type=\u00a0\u00bbrow\u00a0\u00bb use_row_as_full_screen_section=\u00a0\u00bbno\u00a0\u00bb type=\u00a0\u00bbfull_width\u00a0\u00bb text_align=\u00a0\u00bbleft\u00a0\u00bb background_color=\u00a0\u00bb#ffffff\u00a0\u00bb][vc_column][vc_empty_space height=\u00a0\u00bb100px\u00a0\u00bb][vc_column_text]<\/p>\n<h2 style=\"text-align: center;\">nice:-) organise \u2013 congr\u00e8s \u00e0 Malte<\/h2>\n<p>[\/vc_column_text][vc_empty_space height=\u00a0\u00bb20px\u00a0\u00bb][vc_column_text][\/vc_column_text][vc_empty_space height=\u00a0\u00bb60px\u00a0\u00bb][vc_row_inner row_type=\u00a0\u00bbrow\u00a0\u00bb type=\u00a0\u00bbgrid\u00a0\u00bb use_row_as_full_screen_section_slide=\u00a0\u00bbno\u00a0\u00bb text_align=\u00a0\u00bbleft\u00a0\u00bb css_animation=\u00a0\u00bb\u00a0\u00bb][vc_column_inner width=\u00a0\u00bb1\/2&Prime;][vc_single_image image=\u00a0\u00bb23576&Prime; img_size=\u00a0\u00bbfull\u00a0\u00bb alignment=\u00a0\u00bbcenter\u00a0\u00bb qode_css_animation=\u00a0\u00bb\u00a0\u00bb][vc_single_image image=\u00a0\u00bb23577&Prime; img_size=\u00a0\u00bbfull\u00a0\u00bb alignment=\u00a0\u00bbcenter\u00a0\u00bb qode_css_animation=\u00a0\u00bb\u00a0\u00bb][\/vc_column_inner][vc_column_inner el_class=\u00a0\u00bbparagraph-padding\u00a0\u00bb width=\u00a0\u00bb1\/2&Prime;][vc_column_text]Pour l\u2019un de nos clients de longue date de la branche automobile, nous avons organis\u00e9 leur dernier congr\u00e8s sur l\u2019\u00eele de Malte en octobre 2017. En charge des recherches d\u2019h\u00f4tel, de lieu pour une soir\u00e9e gala, d\u2019artistes et de partenaires, nice:-) a offert un service ayant r\u00e9pondus aux crit\u00e8res de notre client.<\/p>\n<p>M\u00eame sur l\u2019\u00eele de Malte, nous avons trouv\u00e9 un h\u00f4tel de qualit\u00e9 flexible n\u2019ayant pas seulement la capacit\u00e9 n\u00e9cessaire pour les nuit\u00e9es du groupe, mais aussi pour l\u2019organisation de meetings durant plusieurs jours.<\/p>\n<p>La situation de l\u2019\u00eele a permis aux participants internationaux d\u2019arriver facilement \u00e0 destination et d\u2019offrir un service de qualit\u00e9 pour un prix tr\u00e8s satisfaisant!<\/p>\n<p>A propos prix: cela fait \u00e9galement partis de nos sp\u00e9cialit\u00e9s: Nous respectons le budget que vous nous donnez pour un service hors du commun: Internationaux et centralis\u00e9, nous mettons les souhaits du client au centre de nos priorit\u00e9s.<\/p>\n<p>Plus de r\u00e9f\u00e9rence sur notre <a href=\"http:\/\/www.team-nice.de\/blog-team-nice-essen\/\">blog<\/a>.[\/vc_column_text][\/vc_column_inner][\/vc_row_inner][vc_empty_space height=\u00a0\u00bb100px\u00a0\u00bb][\/vc_column][\/vc_row][vc_row css_animation=\u00a0\u00bb\u00a0\u00bb row_type=\u00a0\u00bbrow\u00a0\u00bb use_row_as_full_screen_section=\u00a0\u00bbno\u00a0\u00bb type=\u00a0\u00bbgrid\u00a0\u00bb text_align=\u00a0\u00bbleft\u00a0\u00bb background_color=\u00a0\u00bb#f2f2f2&Prime;][vc_column][vc_empty_space height=\u00a0\u00bb100px\u00a0\u00bb][\/vc_column][vc_column width=\u00a0\u00bb1\/4&Prime;]<span class=\"q_font_elegant_holder q_icon_shortcode normal pull-center \" style=\"font-size: 100px;color: #f2a823; \"data-hover-color=#f2a823 ><i class=\"lnr q_linear_icons_icon lnr-diamond\"  style=\"font-size: 100px;width: 100px;height: 100px;\"><\/i><\/span>[vc_empty_space height=\u00a0\u00bb20px\u00a0\u00bb][vc_column_text]<\/p>\n<h5 style=\"text-align: center;\">25 ans<\/h5>\n<p style=\"text-align: center;\">nice:-) a plus de 25 ans d&rsquo;exp\u00e9rience dans la conception, l&rsquo;organisation et la r\u00e9alisation d&rsquo;\u00e9v\u00e8nements d&rsquo;entreprises.<\/p>\n<p>[\/vc_column_text][\/vc_column][vc_column width=\u00a0\u00bb1\/4&Prime;]<span class=\"q_font_elegant_holder q_icon_shortcode normal pull-center \" style=\"font-size: 100px;color: #f2a823; \"data-hover-color=#f2a823 ><i class=\"lnr q_linear_icons_icon lnr-earth\"  style=\"font-size: 100px;width: 100px;height: 100px;\"><\/i><\/span>[vc_empty_space height=\u00a0\u00bb20px\u00a0\u00bb][vc_column_text]<\/p>\n<h5 style=\"text-align: center;\">International<\/h5>\n<p style=\"text-align: center;\">Profitez du r\u00e9seau international de nice:-) et de notre exp\u00e9rience internationale pour vos \u00e9v\u00e9nements.<\/p>\n<p>[\/vc_column_text][\/vc_column][vc_column width=\u00a0\u00bb1\/4&Prime;]<span class=\"q_font_elegant_holder q_icon_shortcode normal pull-center \" style=\"font-size: 100px;color: #f2a823; \"data-hover-color=#f2a823 ><i class=\"lnr q_linear_icons_icon lnr-heart-pulse\"  style=\"font-size: 100px;width: 100px;height: 100px;\"><\/i><\/span>[vc_empty_space height=\u00a0\u00bb20px\u00a0\u00bb][vc_column_text]<\/p>\n<h5 style=\"text-align: center;\">Ambassadeur d\u2019\u00e9v\u00e9nement<\/h5>\n<p style=\"text-align: center;\">Nous sommes ambassadeurs d\u2019\u00e9v\u00e8nements. L\u2019\u00e9v\u00e8nementiel est notre passion et nous donnons de notre personne dans chaque projet que nous r\u00e9alisons pour nos clients!<\/p>\n<p>[\/vc_column_text][\/vc_column][vc_column width=\u00a0\u00bb1\/4&Prime;]<span class=\"q_font_elegant_holder q_icon_shortcode normal pull-center \" style=\"font-size: 100px;color: #f2a823; \"data-hover-color=#f2a823 ><i class=\"lnr q_linear_icons_icon lnr-rocket\"  style=\"font-size: 100px;width: 100px;height: 100px;\"><\/i><\/span>[vc_empty_space height=\u00a0\u00bb20px\u00a0\u00bb][vc_column_text]<\/p>\n<h5 style=\"text-align: center;\">Traitement efficace<\/h5>\n<p style=\"text-align: center;\">Nous r\u00e9pondons \u00e0 vos demandes en une journ\u00e9e et vous envoyons un premier concept en moins d\u00b4une semaine.<\/p>\n<p>[\/vc_column_text][\/vc_column][\/vc_row][vc_row css_animation=\u00a0\u00bb\u00a0\u00bb row_type=\u00a0\u00bbrow\u00a0\u00bb use_row_as_full_screen_section=\u00a0\u00bbno\u00a0\u00bb type=\u00a0\u00bbgrid\u00a0\u00bb text_align=\u00a0\u00bbleft\u00a0\u00bb background_color=\u00a0\u00bb#f2f2f2&Prime;][vc_column][vc_empty_space height=\u00a0\u00bb100px\u00a0\u00bb][\/vc_column][\/vc_row][vc_row css_animation=\u00a0\u00bb\u00a0\u00bb row_type=\u00a0\u00bbrow\u00a0\u00bb use_row_as_full_screen_section=\u00a0\u00bbno\u00a0\u00bb type=\u00a0\u00bbgrid\u00a0\u00bb text_align=\u00a0\u00bbleft\u00a0\u00bb background_color=\u00a0\u00bb#ffffff\u00a0\u00bb][vc_column][vc_empty_space height=\u00a0\u00bb100px\u00a0\u00bb][vc_column_text]<\/p>\n<h2 style=\"text-align: center;\">nice:-) l\u2019agence \u00e9v\u00e8nementielle bas\u00e9e \u00e0 Essen<\/h2>\n<p>[\/vc_column_text][vc_empty_space height=\u00a0\u00bb30px\u00a0\u00bb][vc_column_text]<\/p>\n<p style=\"text-align: center;\">Depuis plus de 25 ans \u00e0 Essen, nous disposons d\u2019un r\u00e9seau de partenaires de qualit\u00e9 \u00e0 l\u2019international . Notre agence familiale s\u2019est sp\u00e9cialis\u00e9 dans la cr\u00e9ation et l\u2019organisation d\u2019\u00e9v\u00e8nements, d\u2019incentives, de salons, de roadshows et de team buildings. Nous accompagnons nos clients de la cr\u00e9ation de concept jusqu\u2019 \u00e0 la r\u00e9alisation de l\u2019\u00e9v\u00e8nement.<\/p>\n<p>[\/vc_column_text][vc_empty_space height=\u00a0\u00bb100px\u00a0\u00bb][\/vc_column][\/vc_row][vc_row css_animation=\u00a0\u00bb\u00a0\u00bb row_type=\u00a0\u00bbrow\u00a0\u00bb use_row_as_full_screen_section=\u00a0\u00bbno\u00a0\u00bb type=\u00a0\u00bbfull_width\u00a0\u00bb text_align=\u00a0\u00bbleft\u00a0\u00bb][vc_column]<div class=\"call_to_action normal\" style=\"background-color: #f2a823;border-top: 1px solid #f2a823;\"><div class=\"container_inner\"><div class=\"two_columns_75_25 clearfix\"><div class=\"text_wrapper column1\"><div class=\"call_to_action_text\" style=\"\"><span style=\"color: #ffffff; line-height: 35px; font-size: 25px;\"><strong>Avons-nous r\u00e9veill\u00e9 l\u00b4insolite en vous?<br \/>\nEcrivez nous, nous serons ravis de vous aider.<\/strong><\/span><\/div><\/div><div class=\"button_wrapper column2\"><a href=\"http:\/\/www.team-nice.de\/fr\/contact\/\" class=\"qbutton \" target=\"_self\" style=\"color:#ffffff;border-color:#ffffff;background-color: #f2a823;\" data-hover-background-color=#ffffff  data-hover-border-color=#ffffff  data-hover-color=#f2a823>nice:-) de vous rencontrer <\/a><\/div><\/div><\/div><\/div>[\/vc_column][\/vc_row]<\/p>\n<\/div>","protected":false},"excerpt":{"rendered":"<p>[vc_row css_animation=\u00a0\u00bb\u00a0\u00bb row_type=\u00a0\u00bbrow\u00a0\u00bb use_row_as_full_screen_section=\u00a0\u00bbno\u00a0\u00bb type=\u00a0\u00bbfull_width\u00a0\u00bb text_align=\u00a0\u00bbleft\u00a0\u00bb][vc_column][rev_slider_vc alias=\u00a0\u00bbveranstaltungsagentur_fr\u00a0\u00bb][\/vc_column][\/vc_row][vc_row css_animation=\u00a0\u00bb\u00a0\u00bb row_type=\u00a0\u00bbrow\u00a0\u00bb use_row_as_full_screen_section=\u00a0\u00bbno\u00a0\u00bb type=\u00a0\u00bbgrid\u00a0\u00bb text_align=\u00a0\u00bbleft\u00a0\u00bb background_color=\u00a0\u00bb#ffffff\u00a0\u00bb padding_top=\u00a0\u00bb60&Prime; padding_bottom=\u00a0\u00bb60&Prime;][vc_column][vc_column_text] Agence \u00e9v\u00e9nementielle et management \u00e9v\u00e9nementiel [\/vc_column_text][vc_empty_space height=\u00a0\u00bb30px\u00a0\u00bb][vc_column_text] Nous sommes manageurs d\u2019\u00e9v\u00e8nement, ambassadeur d\u2019\u00e9v\u00e8nements. De la&#8230;<\/p>\n","protected":false},"author":4,"featured_media":0,"parent":0,"menu_order":0,"comment_status":"closed","ping_status":"closed","template":"full_width.php","meta":{"footnotes":""},"class_list":["post-23798","page","type-page","status-publish","hentry"],"yoast_head":"<!-- This site is optimized with the Yoast SEO plugin v27.5 - https:\/\/yoast.com\/product\/yoast-seo-wordpress\/ -->\n<title>Agence \u00e9v\u00e8nementielle &amp; Management \u00e9v\u00e8nementiel FR - nice:-)<\/title>\n<meta name=\"robots\" content=\"index, follow, max-snippet:-1, max-image-preview:large, max-video-preview:-1\" \/>\n<link rel=\"canonical\" href=\"https:\/\/www.team-nice.de\/fr\/agence-evenementielle-management-evenementiel\/\" \/>\n<meta property=\"og:locale\" content=\"fr_FR\" \/>\n<meta property=\"og:type\" content=\"article\" \/>\n<meta property=\"og:title\" content=\"Agence \u00e9v\u00e8nementielle &amp; Management \u00e9v\u00e8nementiel FR - nice:-)\" \/>\n<meta property=\"og:description\" content=\"[vc_row css_animation=\u00a0\u00bb\u00a0\u00bb row_type=\u00a0\u00bbrow\u00a0\u00bb use_row_as_full_screen_section=\u00a0\u00bbno\u00a0\u00bb type=\u00a0\u00bbfull_width\u00a0\u00bb text_align=\u00a0\u00bbleft\u00a0\u00bb][vc_column][rev_slider_vc alias=\u00a0\u00bbveranstaltungsagentur_fr\u00a0\u00bb][\/vc_column][\/vc_row][vc_row css_animation=\u00a0\u00bb\u00a0\u00bb row_type=\u00a0\u00bbrow\u00a0\u00bb use_row_as_full_screen_section=\u00a0\u00bbno\u00a0\u00bb type=\u00a0\u00bbgrid\u00a0\u00bb text_align=\u00a0\u00bbleft\u00a0\u00bb background_color=\u00a0\u00bb#ffffff\u00a0\u00bb padding_top=\u00a0\u00bb60&Prime; padding_bottom=\u00a0\u00bb60&Prime;][vc_column][vc_column_text] Agence \u00e9v\u00e9nementielle et management \u00e9v\u00e9nementiel [\/vc_column_text][vc_empty_space height=\u00a0\u00bb30px\u00a0\u00bb][vc_column_text] Nous sommes manageurs d\u2019\u00e9v\u00e8nement, ambassadeur d\u2019\u00e9v\u00e8nements. De la...\" \/>\n<meta property=\"og:url\" content=\"https:\/\/www.team-nice.de\/fr\/agence-evenementielle-management-evenementiel\/\" \/>\n<meta property=\"og:site_name\" content=\"nice:-)\" \/>\n<meta property=\"article:modified_time\" content=\"2019-03-25T16:54:27+00:00\" \/>\n<meta name=\"twitter:card\" content=\"summary_large_image\" \/>\n<meta name=\"twitter:label1\" content=\"Dur\u00e9e de lecture estim\u00e9e\" \/>\n\t<meta name=\"twitter:data1\" content=\"8 minutes\" \/>\n<script type=\"application\/ld+json\" class=\"yoast-schema-graph\">{\"@context\":\"https:\\\/\\\/schema.org\",\"@graph\":[{\"@type\":\"WebPage\",\"@id\":\"https:\\\/\\\/www.team-nice.de\\\/fr\\\/agence-evenementielle-management-evenementiel\\\/\",\"url\":\"https:\\\/\\\/www.team-nice.de\\\/fr\\\/agence-evenementielle-management-evenementiel\\\/\",\"name\":\"Agence \u00e9v\u00e8nementielle & Management \u00e9v\u00e8nementiel FR - nice:-)\",\"isPartOf\":{\"@id\":\"https:\\\/\\\/www.team-nice.de\\\/#website\"},\"datePublished\":\"2019-01-24T15:25:19+00:00\",\"dateModified\":\"2019-03-25T16:54:27+00:00\",\"breadcrumb\":{\"@id\":\"https:\\\/\\\/www.team-nice.de\\\/fr\\\/agence-evenementielle-management-evenementiel\\\/#breadcrumb\"},\"inLanguage\":\"fr-FR\",\"potentialAction\":[{\"@type\":\"ReadAction\",\"target\":[\"https:\\\/\\\/www.team-nice.de\\\/fr\\\/agence-evenementielle-management-evenementiel\\\/\"]}]},{\"@type\":\"BreadcrumbList\",\"@id\":\"https:\\\/\\\/www.team-nice.de\\\/fr\\\/agence-evenementielle-management-evenementiel\\\/#breadcrumb\",\"itemListElement\":[{\"@type\":\"ListItem\",\"position\":1,\"name\":\"Startseite\",\"item\":\"https:\\\/\\\/www.team-nice.de\\\/fr\\\/\"},{\"@type\":\"ListItem\",\"position\":2,\"name\":\"Agence \u00e9v\u00e8nementielle &#038; Management \u00e9v\u00e8nementiel FR\"}]},{\"@type\":\"WebSite\",\"@id\":\"https:\\\/\\\/www.team-nice.de\\\/#website\",\"url\":\"https:\\\/\\\/www.team-nice.de\\\/\",\"name\":\"nice:-)\",\"description\":\"Eventagentur in Essen\",\"potentialAction\":[{\"@type\":\"SearchAction\",\"target\":{\"@type\":\"EntryPoint\",\"urlTemplate\":\"https:\\\/\\\/www.team-nice.de\\\/?s={search_term_string}\"},\"query-input\":{\"@type\":\"PropertyValueSpecification\",\"valueRequired\":true,\"valueName\":\"search_term_string\"}}],\"inLanguage\":\"fr-FR\"}]}<\/script>\n<!-- \/ Yoast SEO plugin. -->","yoast_head_json":{"title":"Agence \u00e9v\u00e8nementielle & Management \u00e9v\u00e8nementiel FR - nice:-)","robots":{"index":"index","follow":"follow","max-snippet":"max-snippet:-1","max-image-preview":"max-image-preview:large","max-video-preview":"max-video-preview:-1"},"canonical":"https:\/\/www.team-nice.de\/fr\/agence-evenementielle-management-evenementiel\/","og_locale":"fr_FR","og_type":"article","og_title":"Agence \u00e9v\u00e8nementielle & Management \u00e9v\u00e8nementiel FR - nice:-)","og_description":"[vc_row css_animation=\u00a0\u00bb\u00a0\u00bb row_type=\u00a0\u00bbrow\u00a0\u00bb use_row_as_full_screen_section=\u00a0\u00bbno\u00a0\u00bb type=\u00a0\u00bbfull_width\u00a0\u00bb text_align=\u00a0\u00bbleft\u00a0\u00bb][vc_column][rev_slider_vc alias=\u00a0\u00bbveranstaltungsagentur_fr\u00a0\u00bb][\/vc_column][\/vc_row][vc_row css_animation=\u00a0\u00bb\u00a0\u00bb row_type=\u00a0\u00bbrow\u00a0\u00bb use_row_as_full_screen_section=\u00a0\u00bbno\u00a0\u00bb type=\u00a0\u00bbgrid\u00a0\u00bb text_align=\u00a0\u00bbleft\u00a0\u00bb background_color=\u00a0\u00bb#ffffff\u00a0\u00bb padding_top=\u00a0\u00bb60&Prime; padding_bottom=\u00a0\u00bb60&Prime;][vc_column][vc_column_text] Agence \u00e9v\u00e9nementielle et management \u00e9v\u00e9nementiel [\/vc_column_text][vc_empty_space height=\u00a0\u00bb30px\u00a0\u00bb][vc_column_text] Nous sommes manageurs d\u2019\u00e9v\u00e8nement, ambassadeur d\u2019\u00e9v\u00e8nements. De la...","og_url":"https:\/\/www.team-nice.de\/fr\/agence-evenementielle-management-evenementiel\/","og_site_name":"nice:-)","article_modified_time":"2019-03-25T16:54:27+00:00","twitter_card":"summary_large_image","twitter_misc":{"Dur\u00e9e de lecture estim\u00e9e":"8 minutes"},"schema":{"@context":"https:\/\/schema.org","@graph":[{"@type":"WebPage","@id":"https:\/\/www.team-nice.de\/fr\/agence-evenementielle-management-evenementiel\/","url":"https:\/\/www.team-nice.de\/fr\/agence-evenementielle-management-evenementiel\/","name":"Agence \u00e9v\u00e8nementielle & Management \u00e9v\u00e8nementiel FR - nice:-)","isPartOf":{"@id":"https:\/\/www.team-nice.de\/#website"},"datePublished":"2019-01-24T15:25:19+00:00","dateModified":"2019-03-25T16:54:27+00:00","breadcrumb":{"@id":"https:\/\/www.team-nice.de\/fr\/agence-evenementielle-management-evenementiel\/#breadcrumb"},"inLanguage":"fr-FR","potentialAction":[{"@type":"ReadAction","target":["https:\/\/www.team-nice.de\/fr\/agence-evenementielle-management-evenementiel\/"]}]},{"@type":"BreadcrumbList","@id":"https:\/\/www.team-nice.de\/fr\/agence-evenementielle-management-evenementiel\/#breadcrumb","itemListElement":[{"@type":"ListItem","position":1,"name":"Startseite","item":"https:\/\/www.team-nice.de\/fr\/"},{"@type":"ListItem","position":2,"name":"Agence \u00e9v\u00e8nementielle &#038; Management \u00e9v\u00e8nementiel FR"}]},{"@type":"WebSite","@id":"https:\/\/www.team-nice.de\/#website","url":"https:\/\/www.team-nice.de\/","name":"nice:-)","description":"Eventagentur in Essen","potentialAction":[{"@type":"SearchAction","target":{"@type":"EntryPoint","urlTemplate":"https:\/\/www.team-nice.de\/?s={search_term_string}"},"query-input":{"@type":"PropertyValueSpecification","valueRequired":true,"valueName":"search_term_string"}}],"inLanguage":"fr-FR"}]}},"_links":{"self":[{"href":"https:\/\/www.team-nice.de\/fr\/wp-json\/wp\/v2\/pages\/23798","targetHints":{"allow":["GET"]}}],"collection":[{"href":"https:\/\/www.team-nice.de\/fr\/wp-json\/wp\/v2\/pages"}],"about":[{"href":"https:\/\/www.team-nice.de\/fr\/wp-json\/wp\/v2\/types\/page"}],"author":[{"embeddable":true,"href":"https:\/\/www.team-nice.de\/fr\/wp-json\/wp\/v2\/users\/4"}],"replies":[{"embeddable":true,"href":"https:\/\/www.team-nice.de\/fr\/wp-json\/wp\/v2\/comments?post=23798"}],"version-history":[{"count":11,"href":"https:\/\/www.team-nice.de\/fr\/wp-json\/wp\/v2\/pages\/23798\/revisions"}],"predecessor-version":[{"id":24348,"href":"https:\/\/www.team-nice.de\/fr\/wp-json\/wp\/v2\/pages\/23798\/revisions\/24348"}],"wp:attachment":[{"href":"https:\/\/www.team-nice.de\/fr\/wp-json\/wp\/v2\/media?parent=23798"}],"curies":[{"name":"wp","href":"https:\/\/api.w.org\/{rel}","templated":true}]}}