{"id":23794,"date":"2019-01-24T16:24:59","date_gmt":"2019-01-24T15:24:59","guid":{"rendered":"http:\/\/www.team-nice.de\/?page_id=23794"},"modified":"2019-03-25T17:50:35","modified_gmt":"2019-03-25T16:50:35","slug":"teambuilding","status":"publish","type":"page","link":"https:\/\/www.team-nice.de\/fr\/teambuilding\/","title":{"rendered":"Teambuilding FR"},"content":{"rendered":"<div class=\"wpb-content-wrapper\"><p>[vc_row css_animation=\u00a0\u00bb\u00a0\u00bb row_type=\u00a0\u00bbrow\u00a0\u00bb use_row_as_full_screen_section=\u00a0\u00bbno\u00a0\u00bb type=\u00a0\u00bbfull_width\u00a0\u00bb text_align=\u00a0\u00bbleft\u00a0\u00bb][vc_column][rev_slider_vc alias=\u00a0\u00bbteambuilding_fr\u00a0\u00bb][\/vc_column][\/vc_row][vc_row css_animation=\u00a0\u00bb\u00a0\u00bb row_type=\u00a0\u00bbrow\u00a0\u00bb use_row_as_full_screen_section=\u00a0\u00bbno\u00a0\u00bb type=\u00a0\u00bbgrid\u00a0\u00bb text_align=\u00a0\u00bbleft\u00a0\u00bb background_color=\u00a0\u00bb#ffffff\u00a0\u00bb padding_top=\u00a0\u00bb60&Prime; padding_bottom=\u00a0\u00bb60&Prime;][vc_column][vc_column_text]<\/p>\n<h2 style=\"text-align: center;\">Teambuilding<\/h2>\n<p>[\/vc_column_text][vc_empty_space height=\u00a0\u00bb30px\u00a0\u00bb][vc_column_text]<\/p>\n<p style=\"text-align: center;\">Lorsqu\u2019il s\u2019agit de travail d\u2019\u00e9quipe et surtout d\u2019\u00e9v\u00e8nements team buildings, rien ne doit \u00eatre laiss\u00e9 au hasard&#8230; c\u2019est pourquoi en tant qu\u2019agence team building, nous consid\u00e9rons le d\u00e9veloppement de la confiance d\u2019\u00e9quipe un \u00e9l\u00e9ment essentiel d\u2019un travail commun fructueux. Les team buildings servent \u00e0 d\u00e9velopper cette coh\u00e9sion entre coll\u00e8gues, l\u2019esprit d\u2019\u00e9quipe et la productivit\u00e9. nice:-) ne vous aide pas seulement \u00e0 d\u00e9velopper des id\u00e9es team buildings, mais aussi l\u2019\u00e9v\u00e8nement parall\u00e8le adapt\u00e9 pour votre entreprise.<\/p>\n<p>[\/vc_column_text][vc_empty_space height=\u00a0\u00bb40px\u00a0\u00bb][\/vc_column][\/vc_row][vc_row css_animation=\u00a0\u00bb\u00a0\u00bb row_type=\u00a0\u00bbrow\u00a0\u00bb use_row_as_full_screen_section=\u00a0\u00bbno\u00a0\u00bb type=\u00a0\u00bbfull_width\u00a0\u00bb text_align=\u00a0\u00bbleft\u00a0\u00bb el_class=\u00a0\u00bbrow_img_orng_box\u00a0\u00bb][vc_column width=\u00a0\u00bb1\/4&Prime;][vc_single_image image=\u00a0\u00bb23544&Prime; img_size=\u00a0\u00bbfull\u00a0\u00bb alignment=\u00a0\u00bbcenter\u00a0\u00bb qode_css_animation=\u00a0\u00bb\u00a0\u00bb]<div class=\"q_image_with_text_over \"><div class=\"shader\"><\/div><img data-recalc-dims=\"1\" decoding=\"async\" src=\"https:\/\/i0.wp.com\/www.team-nice.de\/wp-content\/uploads\/orange_440_x_265.png?w=1060&#038;ssl=1\" alt=\"\" \/><div class=\"front_holder\"><div class=\"front_holder_inner\"><div class=\"front_holder_inner2\"><h3 class=\"front_subtitle\" style=\"color: #ffffff;font-size: 17px;\">Plus d\u2019informations sur ...<\/h3><h4 class=\"front_title\" style=\"color: #ffffff;font-size: 21px;\">l\u2019esprit d\u2019\u00e9quipe<\/h4><\/div><\/div><\/div><div class=\"back_holder\"><div class=\"back_holder_inner\"><div class=\"back_holder_inner2\">Plus qu\u2019un simple rallye en ville ou un parcours aventure<\/div><\/div><\/div><\/div>[\/vc_column][vc_column width=\u00a0\u00bb1\/4&Prime;]<div class=\"q_image_with_text_over \"><div class=\"shader\"><\/div><img data-recalc-dims=\"1\" decoding=\"async\" src=\"https:\/\/i0.wp.com\/www.team-nice.de\/wp-content\/uploads\/orange_440_x_265.png?w=1060&#038;ssl=1\" alt=\"\" \/><div class=\"front_holder\"><div class=\"front_holder_inner\"><div class=\"front_holder_inner2\"><h3 class=\"front_subtitle\" style=\"color: #ffffff;font-size: 17px;\">Plus d\u2019informations sur ...<\/h3><h4 class=\"front_title\" style=\"color: #ffffff;font-size: 21px;\">l\u2019offroad<\/h4><\/div><\/div><\/div><div class=\"back_holder\"><div class=\"back_holder_inner\"><div class=\"back_holder_inner2\">&#8230; transformez votre \u00e9v\u00e8nement en aventure<\/div><\/div><\/div><\/div>[vc_single_image image=\u00a0\u00bb23554&Prime; img_size=\u00a0\u00bbfull\u00a0\u00bb alignment=\u00a0\u00bbcenter\u00a0\u00bb qode_css_animation=\u00a0\u00bb\u00a0\u00bb][\/vc_column][vc_column width=\u00a0\u00bb1\/4&Prime;][vc_single_image image=\u00a0\u00bb23546&Prime; img_size=\u00a0\u00bbfull\u00a0\u00bb alignment=\u00a0\u00bbcenter\u00a0\u00bb qode_css_animation=\u00a0\u00bb\u00a0\u00bb]<div class=\"q_image_with_text_over \"><div class=\"shader\"><\/div><img data-recalc-dims=\"1\" decoding=\"async\" src=\"https:\/\/i0.wp.com\/www.team-nice.de\/wp-content\/uploads\/orange_992_x_598.png?w=1060&#038;ssl=1\" alt=\"\" \/><div class=\"front_holder\"><div class=\"front_holder_inner\"><div class=\"front_holder_inner2\"><h3 class=\"front_subtitle\" style=\"color: #ffffff;font-size: 17px;\">Plus d\u2019informations sur le ...<\/h3><h4 class=\"front_title\" style=\"color: #ffffff;font-size: 21px;\">challenge survie<\/h4><\/div><\/div><\/div><div class=\"back_holder\"><div class=\"back_holder_inner\"><div class=\"back_holder_inner2\">D\u00e9velopper son instinct<\/div><\/div><\/div><\/div>[\/vc_column][vc_column width=\u00a0\u00bb1\/4&Prime;]<div class=\"q_image_with_text_over \"><div class=\"shader\"><\/div><img data-recalc-dims=\"1\" decoding=\"async\" src=\"https:\/\/i0.wp.com\/www.team-nice.de\/wp-content\/uploads\/orange_440_x_265.png?w=1060&#038;ssl=1\" alt=\"\" \/><div class=\"front_holder\"><div class=\"front_holder_inner\"><div class=\"front_holder_inner2\"><h3 class=\"front_subtitle\" style=\"color: #ffffff;font-size: 17px;\">Plus d\u2019informations sur le ...<\/h3><h4 class=\"front_title\" style=\"color: #ffffff;font-size: 21px;\">challenge vid\u00e9o<\/h4><\/div><\/div><\/div><div class=\"back_holder\"><div class=\"back_holder_inner\"><div class=\"back_holder_inner2\">Tourner son propre film<\/div><\/div><\/div><\/div>[vc_single_image image=\u00a0\u00bb23547&Prime; img_size=\u00a0\u00bbfull\u00a0\u00bb alignment=\u00a0\u00bbcenter\u00a0\u00bb qode_css_animation=\u00a0\u00bb\u00a0\u00bb][\/vc_column][\/vc_row][vc_row css_animation=\u00a0\u00bb\u00a0\u00bb row_type=\u00a0\u00bbrow\u00a0\u00bb use_row_as_full_screen_section=\u00a0\u00bbno\u00a0\u00bb type=\u00a0\u00bbfull_width\u00a0\u00bb text_align=\u00a0\u00bbleft\u00a0\u00bb background_color=\u00a0\u00bb#f2f2f2&Prime;][vc_column][vc_empty_space height=\u00a0\u00bb100px\u00a0\u00bb][vc_column_text]<\/p>\n<h2 style=\"text-align: center;\">De l\u2019id\u00e9e \u00e0 l\u2019\u00e9v\u00e8nement<\/h2>\n<p>[\/vc_column_text][vc_empty_space height=\u00a0\u00bb80px\u00a0\u00bb][vc_row_inner row_type=\u00a0\u00bbrow\u00a0\u00bb type=\u00a0\u00bbgrid\u00a0\u00bb use_row_as_full_screen_section_slide=\u00a0\u00bbno\u00a0\u00bb text_align=\u00a0\u00bbleft\u00a0\u00bb css_animation=\u00a0\u00bb\u00a0\u00bb][vc_column_inner width=\u00a0\u00bb1\/2&Prime;][vc_column_text el_class=\u00a0\u00bbpadding-20&Prime;]<\/p>\n<h5 style=\"text-align: center;\">L\u2019esprit d\u2019\u00e9quipe<\/h5>\n<p style=\"text-align: center;\">Toutes les \u00e9quipes sont meilleures lorsqu\u2019elles sont coordonn\u00e9es et toutes les personnes ont le m\u00eame objectif. Renforcez votre \u00e9quipe de vente avec un programme moderne autre que le rallye en ville ou les parcours accrobranche.<\/p>\n<p>[\/vc_column_text][\/vc_column_inner][vc_column_inner width=\u00a0\u00bb1\/2&Prime;][vc_column_text el_class=\u00a0\u00bbpadding-20&Prime;]<\/p>\n<h5 style=\"text-align: center;\">Offroad<\/h5>\n<p style=\"text-align: center;\">En tout terrain ou en quad, plusieurs activit\u00e9s peuvent constituer votre programme team building sur un terrain offroad. nice:-) se charge de la transformation des activit\u00e9s classiques en un programme permettant la consolidation de vos \u00e9quipes!.<\/p>\n<p>[\/vc_column_text][\/vc_column_inner][\/vc_row_inner][vc_empty_space height=\u00a0\u00bb50px\u00a0\u00bb][vc_row_inner row_type=\u00a0\u00bbrow\u00a0\u00bb type=\u00a0\u00bbgrid\u00a0\u00bb use_row_as_full_screen_section_slide=\u00a0\u00bbno\u00a0\u00bb text_align=\u00a0\u00bbleft\u00a0\u00bb css_animation=\u00a0\u00bb\u00a0\u00bb][vc_column_inner width=\u00a0\u00bb1\/2&Prime;][vc_column_text el_class=\u00a0\u00bbpadding-20&Prime;]<\/p>\n<h5 style=\"text-align: center;\">Challenge survie<\/h5>\n<p style=\"text-align: center;\">nice:-) vous transforme en chef de chantier. Prouvez votre habilit\u00e9 en construisant un igloo: prenez un pic \u00e0 glace et apprenez les techniques des Inuits ou construisez votre propre radeau pour traverser la rive.<\/p>\n<p>[\/vc_column_text][\/vc_column_inner][vc_column_inner width=\u00a0\u00bb1\/2&Prime;][vc_column_text el_class=\u00a0\u00bbpadding-20&Prime;]<\/p>\n<h5 style=\"text-align: center;\">Challenge video<\/h5>\n<p style=\"text-align: center;\">Et&#8230;ACTION! Mettez-vous et votre \u00e9quipe en sc\u00e8ne! Pr\u00e9sentez votre produit ou votre slogan de mani\u00e8re originale. nice:-) vous offre la possibilit\u00e9 de tourner votre propre film ou de cr\u00e9er votre photo shooting tout en transformant ceci en team building.<\/p>\n<p>[\/vc_column_text][\/vc_column_inner][\/vc_row_inner][vc_empty_space height=\u00a0\u00bb100px\u00a0\u00bb][\/vc_column][\/vc_row][vc_row css_animation=\u00a0\u00bb\u00a0\u00bb row_type=\u00a0\u00bbrow\u00a0\u00bb use_row_as_full_screen_section=\u00a0\u00bbno\u00a0\u00bb type=\u00a0\u00bbfull_width\u00a0\u00bb text_align=\u00a0\u00bbleft\u00a0\u00bb][vc_column css=\u00a0\u00bb.vc_custom_1520850653536{background-color: #ffffff !important;}\u00a0\u00bb][vc_empty_space height=\u00a0\u00bb100px\u00a0\u00bb][vc_column_text][\/vc_column_text][vc_column_text]<\/p>\n<h2 style=\"text-align: center;\">Teambuilding avec nice:-) dans le d\u00e9sert tunisien.<\/h2>\n<p>[\/vc_column_text][vc_empty_space height=\u00a0\u00bb60px\u00a0\u00bb][vc_row_inner row_type=\u00a0\u00bbrow\u00a0\u00bb type=\u00a0\u00bbgrid\u00a0\u00bb use_row_as_full_screen_section_slide=\u00a0\u00bbno\u00a0\u00bb text_align=\u00a0\u00bbleft\u00a0\u00bb css_animation=\u00a0\u00bb\u00a0\u00bb][vc_column_inner width=\u00a0\u00bb1\/2&Prime;][vc_single_image image=\u00a0\u00bb23671&Prime; img_size=\u00a0\u00bbfull\u00a0\u00bb alignment=\u00a0\u00bbcenter\u00a0\u00bb qode_css_animation=\u00a0\u00bb\u00a0\u00bb][vc_single_image image=\u00a0\u00bb23673&Prime; img_size=\u00a0\u00bbfull\u00a0\u00bb alignment=\u00a0\u00bbcenter\u00a0\u00bb qode_css_animation=\u00a0\u00bb\u00a0\u00bb][\/vc_column_inner][vc_column_inner width=\u00a0\u00bb1\/2&Prime;][vc_column_text]Pour les 75 ans d\u2019un client de l\u2019industrie automobile, nice:-) a d\u00fb trouver l\u2019endroit id\u00e9al pour f\u00eater ce moment particulier. \u00c0 la demande du client, nous avons recherch\u00e9 un endroit permettant de mettre l\u2019accent sur l\u2019esprit d\u2019\u00e9quipe et la cr\u00e9ation de moments inoubliable entre coll\u00e8gues.<\/p>\n<p>Ainsi 100 participants ont s\u00e9journ\u00e9s pendant 4 jours dans le d\u00e9sert de Tunisie!<\/p>\n<p>Du train-salon \u00ab L\u00e9zard Rouge \u00bb en traversant le spectaculaire Seldja Schlucht en direction du d\u00e9sert, nos participants se sont rendus \u00e0 un point o\u00f9 ils ont construits leurs camps au milieu du d\u00e9sert.<\/p>\n<p>Leur soir\u00e9e dans les tentes de b\u00e9douins aux couleurs de l\u2019entreprise et le programme organis\u00e9 pour l\u2019occasion ont \u00e9merveill\u00e9 les participants.<\/p>\n<p>Pour les teambuildings, il n\u2019y a pas de limite. Nous vous aidons \u00e0 r\u00e9aliser des aventures hors du commun et authentiques permettant de rapprocher les participants et restant grav\u00e9 dans leurs m\u00e9moires!<\/p>\n<p>Plus de r\u00e9f\u00e9rences sur notre <a href=\"http:\/\/www.team-nice.de\/blog-team-nice-essen\/\">blog<\/a>.[\/vc_column_text][\/vc_column_inner][\/vc_row_inner][vc_empty_space height=\u00a0\u00bb100px\u00a0\u00bb][\/vc_column][\/vc_row][vc_row css_animation=\u00a0\u00bb\u00a0\u00bb row_type=\u00a0\u00bbrow\u00a0\u00bb use_row_as_full_screen_section=\u00a0\u00bbno\u00a0\u00bb type=\u00a0\u00bbfull_width\u00a0\u00bb text_align=\u00a0\u00bbleft\u00a0\u00bb][vc_column][vc_empty_space height=\u00a0\u00bb100px\u00a0\u00bb][\/vc_column][\/vc_row][vc_row css_animation=\u00a0\u00bb\u00a0\u00bb row_type=\u00a0\u00bbrow\u00a0\u00bb use_row_as_full_screen_section=\u00a0\u00bbno\u00a0\u00bb type=\u00a0\u00bbgrid\u00a0\u00bb text_align=\u00a0\u00bbleft\u00a0\u00bb][vc_column width=\u00a0\u00bb1\/4&Prime;]<span class=\"q_font_elegant_holder q_icon_shortcode normal pull-center \" style=\"font-size: 100px;color: #f2a823; \"data-hover-color=#f2a823 ><i class=\"lnr q_linear_icons_icon lnr-diamond\"  style=\"font-size: 100px;width: 100px;height: 100px;\"><\/i><\/span>[vc_empty_space height=\u00a0\u00bb20px\u00a0\u00bb][vc_column_text]<\/p>\n<h5 style=\"text-align: center;\">25 ans<\/h5>\n<p style=\"text-align: center;\">nice:-) a plus de 25 ans d&rsquo;exp\u00e9rience dans la conception, l&rsquo;organisation et la r\u00e9alisation d\u00b4\u00e9v\u00e8nements d&rsquo;entreprises.<\/p>\n<p>[\/vc_column_text][\/vc_column][vc_column width=\u00a0\u00bb1\/4&Prime;]<span class=\"q_font_elegant_holder q_icon_shortcode normal pull-center \" style=\"font-size: 100px;color: #f2a823; \"data-hover-color=#f2a823 ><i class=\"lnr q_linear_icons_icon lnr-earth\"  style=\"font-size: 100px;width: 100px;height: 100px;\"><\/i><\/span>[vc_empty_space height=\u00a0\u00bb20px\u00a0\u00bb][vc_column_text]<\/p>\n<h5 style=\"text-align: center;\">International<\/h5>\n<p style=\"text-align: center;\">Profitez du r\u00e9seau international de nice:-) et de notre exp\u00e9rience internationale pour vos \u00e9v\u00e9nements.<\/p>\n<p>[\/vc_column_text][\/vc_column][vc_column width=\u00a0\u00bb1\/4&Prime;]<span class=\"q_font_elegant_holder q_icon_shortcode normal pull-center \" style=\"font-size: 100px;color: #f2a823; \"data-hover-color=#f2a823 ><i class=\"lnr q_linear_icons_icon lnr-heart-pulse\"  style=\"font-size: 100px;width: 100px;height: 100px;\"><\/i><\/span>[vc_empty_space height=\u00a0\u00bb20px\u00a0\u00bb][vc_column_text]<\/p>\n<h5 style=\"text-align: center;\">Ambassadeur d\u2019\u00e9v\u00e9nement<\/h5>\n<p style=\"text-align: center;\">Nous sommes ambassadeurs d\u2019\u00e9v\u00e8nements. L\u2019\u00e9v\u00e8nementiel est notre passion et nous donnons de notre personne dans chaque projet que nous r\u00e9alisons pour nos clients!<\/p>\n<p>[\/vc_column_text][\/vc_column][vc_column width=\u00a0\u00bb1\/4&Prime;]<span class=\"q_font_elegant_holder q_icon_shortcode normal pull-center \" style=\"font-size: 100px;color: #f2a823; \"data-hover-color=#f2a823 ><i class=\"lnr q_linear_icons_icon lnr-rocket\"  style=\"font-size: 100px;width: 100px;height: 100px;\"><\/i><\/span>[vc_empty_space height=\u00a0\u00bb20px\u00a0\u00bb][vc_column_text]<\/p>\n<h5 style=\"text-align: center;\">Traitement efficace<\/h5>\n<p style=\"text-align: center;\">Nous r\u00e9pondons \u00e0 vos demandes en une journ\u00e9e et vous envoyons un premier concept en moins d\u00b4une semaine.<\/p>\n<p>[\/vc_column_text][\/vc_column][\/vc_row][vc_row css_animation=\u00a0\u00bb\u00a0\u00bb row_type=\u00a0\u00bbrow\u00a0\u00bb use_row_as_full_screen_section=\u00a0\u00bbno\u00a0\u00bb type=\u00a0\u00bbgrid\u00a0\u00bb text_align=\u00a0\u00bbleft\u00a0\u00bb][vc_column][vc_empty_space height=\u00a0\u00bb100px\u00a0\u00bb][\/vc_column][\/vc_row][vc_row css_animation=\u00a0\u00bb\u00a0\u00bb row_type=\u00a0\u00bbrow\u00a0\u00bb use_row_as_full_screen_section=\u00a0\u00bbno\u00a0\u00bb type=\u00a0\u00bbgrid\u00a0\u00bb text_align=\u00a0\u00bbleft\u00a0\u00bb background_color=\u00a0\u00bb#ffffff\u00a0\u00bb][vc_column][vc_empty_space height=\u00a0\u00bb100px\u00a0\u00bb][vc_column_text]<\/p>\n<h2 style=\"text-align: center;\">nice:-) l\u2019agence \u00e9v\u00e8nementielle bas\u00e9e \u00e0 Essen<\/h2>\n<p>[\/vc_column_text][vc_empty_space height=\u00a0\u00bb30px\u00a0\u00bb][vc_column_text]<\/p>\n<p style=\"text-align: center;\">Depuis plus de 25 ans \u00e0 Essen, nous disposons d\u2019un r\u00e9seau de partenaires \u00e0 international de qualit\u00e9. Notre agence familiale s\u2019est sp\u00e9cialis\u00e9 dans la cr\u00e9ation et l\u2019organisation d\u2019\u00e9v\u00e8nements, d\u2019incentives, de salons, de roadshows et de team buildings. Nous accompagnons nos clients de la cr\u00e9ation de concept jusqu\u2019 \u00e0 la r\u00e9alisation de l\u2019\u00e9v\u00e8nement.<\/p>\n<p>[\/vc_column_text][vc_empty_space height=\u00a0\u00bb100px\u00a0\u00bb][\/vc_column][\/vc_row][vc_row css_animation=\u00a0\u00bb\u00a0\u00bb row_type=\u00a0\u00bbrow\u00a0\u00bb use_row_as_full_screen_section=\u00a0\u00bbno\u00a0\u00bb type=\u00a0\u00bbfull_width\u00a0\u00bb text_align=\u00a0\u00bbleft\u00a0\u00bb background_color=\u00a0\u00bb#ffffff\u00a0\u00bb][vc_column]<div class=\"call_to_action normal\" style=\"background-color: #f2a823;border-top: 1px solid #f2a823;\"><div class=\"container_inner\"><div class=\"two_columns_75_25 clearfix\"><div class=\"text_wrapper column1\"><div class=\"call_to_action_text\" style=\"\"><span style=\"color: #ffffff; line-height: 35px; font-size: 25px;\"><strong>Avons-nous r\u00e9veill\u00e9 l\u00b4insolite en vous?<br \/>\nEcrivez nous, nous serons ravis de vous aider.<\/strong><\/span><\/div><\/div><div class=\"button_wrapper column2\"><a href=\"http:\/\/www.team-nice.de\/fr\/contact\/\" class=\"qbutton \" target=\"_self\" style=\"color:#ffffff;border-color:#ffffff;background-color: #f2a823;\" data-hover-background-color=#ffffff  data-hover-border-color=#ffffff  data-hover-color=#f2a823>nice:-) de vous rencontrer<\/a><\/div><\/div><\/div><\/div>[\/vc_column][\/vc_row]<\/p>\n<\/div>","protected":false},"excerpt":{"rendered":"<p>[vc_row css_animation=\u00a0\u00bb\u00a0\u00bb row_type=\u00a0\u00bbrow\u00a0\u00bb use_row_as_full_screen_section=\u00a0\u00bbno\u00a0\u00bb type=\u00a0\u00bbfull_width\u00a0\u00bb text_align=\u00a0\u00bbleft\u00a0\u00bb][vc_column][rev_slider_vc alias=\u00a0\u00bbteambuilding_fr\u00a0\u00bb][\/vc_column][\/vc_row][vc_row css_animation=\u00a0\u00bb\u00a0\u00bb row_type=\u00a0\u00bbrow\u00a0\u00bb use_row_as_full_screen_section=\u00a0\u00bbno\u00a0\u00bb type=\u00a0\u00bbgrid\u00a0\u00bb text_align=\u00a0\u00bbleft\u00a0\u00bb background_color=\u00a0\u00bb#ffffff\u00a0\u00bb padding_top=\u00a0\u00bb60&Prime; padding_bottom=\u00a0\u00bb60&Prime;][vc_column][vc_column_text] Teambuilding [\/vc_column_text][vc_empty_space height=\u00a0\u00bb30px\u00a0\u00bb][vc_column_text] Lorsqu\u2019il s\u2019agit de travail d\u2019\u00e9quipe et surtout d\u2019\u00e9v\u00e8nements team buildings, rien ne&#8230;<\/p>\n","protected":false},"author":4,"featured_media":0,"parent":0,"menu_order":0,"comment_status":"closed","ping_status":"closed","template":"full_width.php","meta":{"footnotes":""},"class_list":["post-23794","page","type-page","status-publish","hentry"],"yoast_head":"<!-- This site is optimized with the Yoast SEO plugin v27.3 - https:\/\/yoast.com\/product\/yoast-seo-wordpress\/ -->\n<title>Teambuilding FR - nice:-)<\/title>\n<meta name=\"robots\" content=\"index, follow, max-snippet:-1, max-image-preview:large, max-video-preview:-1\" \/>\n<link rel=\"canonical\" href=\"https:\/\/www.team-nice.de\/fr\/teambuilding\/\" \/>\n<meta property=\"og:locale\" content=\"fr_FR\" \/>\n<meta property=\"og:type\" content=\"article\" \/>\n<meta property=\"og:title\" content=\"Teambuilding FR - nice:-)\" \/>\n<meta property=\"og:description\" content=\"[vc_row css_animation=\u00a0\u00bb\u00a0\u00bb row_type=\u00a0\u00bbrow\u00a0\u00bb use_row_as_full_screen_section=\u00a0\u00bbno\u00a0\u00bb type=\u00a0\u00bbfull_width\u00a0\u00bb text_align=\u00a0\u00bbleft\u00a0\u00bb][vc_column][rev_slider_vc alias=\u00a0\u00bbteambuilding_fr\u00a0\u00bb][\/vc_column][\/vc_row][vc_row css_animation=\u00a0\u00bb\u00a0\u00bb row_type=\u00a0\u00bbrow\u00a0\u00bb use_row_as_full_screen_section=\u00a0\u00bbno\u00a0\u00bb type=\u00a0\u00bbgrid\u00a0\u00bb text_align=\u00a0\u00bbleft\u00a0\u00bb background_color=\u00a0\u00bb#ffffff\u00a0\u00bb padding_top=\u00a0\u00bb60&Prime; padding_bottom=\u00a0\u00bb60&Prime;][vc_column][vc_column_text] Teambuilding [\/vc_column_text][vc_empty_space height=\u00a0\u00bb30px\u00a0\u00bb][vc_column_text] Lorsqu\u2019il s\u2019agit de travail d\u2019\u00e9quipe et surtout d\u2019\u00e9v\u00e8nements team buildings, rien ne...\" \/>\n<meta property=\"og:url\" content=\"https:\/\/www.team-nice.de\/fr\/teambuilding\/\" \/>\n<meta property=\"og:site_name\" content=\"nice:-)\" \/>\n<meta property=\"article:modified_time\" content=\"2019-03-25T16:50:35+00:00\" \/>\n<meta name=\"twitter:card\" content=\"summary_large_image\" \/>\n<meta name=\"twitter:label1\" content=\"Dur\u00e9e de lecture estim\u00e9e\" \/>\n\t<meta name=\"twitter:data1\" content=\"8 minutes\" \/>\n<script type=\"application\/ld+json\" class=\"yoast-schema-graph\">{\"@context\":\"https:\\\/\\\/schema.org\",\"@graph\":[{\"@type\":\"WebPage\",\"@id\":\"https:\\\/\\\/www.team-nice.de\\\/fr\\\/teambuilding\\\/\",\"url\":\"https:\\\/\\\/www.team-nice.de\\\/fr\\\/teambuilding\\\/\",\"name\":\"Teambuilding FR - nice:-)\",\"isPartOf\":{\"@id\":\"https:\\\/\\\/www.team-nice.de\\\/#website\"},\"datePublished\":\"2019-01-24T15:24:59+00:00\",\"dateModified\":\"2019-03-25T16:50:35+00:00\",\"breadcrumb\":{\"@id\":\"https:\\\/\\\/www.team-nice.de\\\/fr\\\/teambuilding\\\/#breadcrumb\"},\"inLanguage\":\"fr-FR\",\"potentialAction\":[{\"@type\":\"ReadAction\",\"target\":[\"https:\\\/\\\/www.team-nice.de\\\/fr\\\/teambuilding\\\/\"]}]},{\"@type\":\"BreadcrumbList\",\"@id\":\"https:\\\/\\\/www.team-nice.de\\\/fr\\\/teambuilding\\\/#breadcrumb\",\"itemListElement\":[{\"@type\":\"ListItem\",\"position\":1,\"name\":\"Startseite\",\"item\":\"https:\\\/\\\/www.team-nice.de\\\/fr\\\/\"},{\"@type\":\"ListItem\",\"position\":2,\"name\":\"Teambuilding FR\"}]},{\"@type\":\"WebSite\",\"@id\":\"https:\\\/\\\/www.team-nice.de\\\/#website\",\"url\":\"https:\\\/\\\/www.team-nice.de\\\/\",\"name\":\"nice:-)\",\"description\":\"Eventagentur in Essen\",\"potentialAction\":[{\"@type\":\"SearchAction\",\"target\":{\"@type\":\"EntryPoint\",\"urlTemplate\":\"https:\\\/\\\/www.team-nice.de\\\/?s={search_term_string}\"},\"query-input\":{\"@type\":\"PropertyValueSpecification\",\"valueRequired\":true,\"valueName\":\"search_term_string\"}}],\"inLanguage\":\"fr-FR\"}]}<\/script>\n<!-- \/ Yoast SEO plugin. -->","yoast_head_json":{"title":"Teambuilding FR - nice:-)","robots":{"index":"index","follow":"follow","max-snippet":"max-snippet:-1","max-image-preview":"max-image-preview:large","max-video-preview":"max-video-preview:-1"},"canonical":"https:\/\/www.team-nice.de\/fr\/teambuilding\/","og_locale":"fr_FR","og_type":"article","og_title":"Teambuilding FR - nice:-)","og_description":"[vc_row css_animation=\u00a0\u00bb\u00a0\u00bb row_type=\u00a0\u00bbrow\u00a0\u00bb use_row_as_full_screen_section=\u00a0\u00bbno\u00a0\u00bb type=\u00a0\u00bbfull_width\u00a0\u00bb text_align=\u00a0\u00bbleft\u00a0\u00bb][vc_column][rev_slider_vc alias=\u00a0\u00bbteambuilding_fr\u00a0\u00bb][\/vc_column][\/vc_row][vc_row css_animation=\u00a0\u00bb\u00a0\u00bb row_type=\u00a0\u00bbrow\u00a0\u00bb use_row_as_full_screen_section=\u00a0\u00bbno\u00a0\u00bb type=\u00a0\u00bbgrid\u00a0\u00bb text_align=\u00a0\u00bbleft\u00a0\u00bb background_color=\u00a0\u00bb#ffffff\u00a0\u00bb padding_top=\u00a0\u00bb60&Prime; padding_bottom=\u00a0\u00bb60&Prime;][vc_column][vc_column_text] Teambuilding [\/vc_column_text][vc_empty_space height=\u00a0\u00bb30px\u00a0\u00bb][vc_column_text] Lorsqu\u2019il s\u2019agit de travail d\u2019\u00e9quipe et surtout d\u2019\u00e9v\u00e8nements team buildings, rien ne...","og_url":"https:\/\/www.team-nice.de\/fr\/teambuilding\/","og_site_name":"nice:-)","article_modified_time":"2019-03-25T16:50:35+00:00","twitter_card":"summary_large_image","twitter_misc":{"Dur\u00e9e de lecture estim\u00e9e":"8 minutes"},"schema":{"@context":"https:\/\/schema.org","@graph":[{"@type":"WebPage","@id":"https:\/\/www.team-nice.de\/fr\/teambuilding\/","url":"https:\/\/www.team-nice.de\/fr\/teambuilding\/","name":"Teambuilding FR - nice:-)","isPartOf":{"@id":"https:\/\/www.team-nice.de\/#website"},"datePublished":"2019-01-24T15:24:59+00:00","dateModified":"2019-03-25T16:50:35+00:00","breadcrumb":{"@id":"https:\/\/www.team-nice.de\/fr\/teambuilding\/#breadcrumb"},"inLanguage":"fr-FR","potentialAction":[{"@type":"ReadAction","target":["https:\/\/www.team-nice.de\/fr\/teambuilding\/"]}]},{"@type":"BreadcrumbList","@id":"https:\/\/www.team-nice.de\/fr\/teambuilding\/#breadcrumb","itemListElement":[{"@type":"ListItem","position":1,"name":"Startseite","item":"https:\/\/www.team-nice.de\/fr\/"},{"@type":"ListItem","position":2,"name":"Teambuilding FR"}]},{"@type":"WebSite","@id":"https:\/\/www.team-nice.de\/#website","url":"https:\/\/www.team-nice.de\/","name":"nice:-)","description":"Eventagentur in Essen","potentialAction":[{"@type":"SearchAction","target":{"@type":"EntryPoint","urlTemplate":"https:\/\/www.team-nice.de\/?s={search_term_string}"},"query-input":{"@type":"PropertyValueSpecification","valueRequired":true,"valueName":"search_term_string"}}],"inLanguage":"fr-FR"}]}},"_links":{"self":[{"href":"https:\/\/www.team-nice.de\/fr\/wp-json\/wp\/v2\/pages\/23794","targetHints":{"allow":["GET"]}}],"collection":[{"href":"https:\/\/www.team-nice.de\/fr\/wp-json\/wp\/v2\/pages"}],"about":[{"href":"https:\/\/www.team-nice.de\/fr\/wp-json\/wp\/v2\/types\/page"}],"author":[{"embeddable":true,"href":"https:\/\/www.team-nice.de\/fr\/wp-json\/wp\/v2\/users\/4"}],"replies":[{"embeddable":true,"href":"https:\/\/www.team-nice.de\/fr\/wp-json\/wp\/v2\/comments?post=23794"}],"version-history":[{"count":7,"href":"https:\/\/www.team-nice.de\/fr\/wp-json\/wp\/v2\/pages\/23794\/revisions"}],"predecessor-version":[{"id":24346,"href":"https:\/\/www.team-nice.de\/fr\/wp-json\/wp\/v2\/pages\/23794\/revisions\/24346"}],"wp:attachment":[{"href":"https:\/\/www.team-nice.de\/fr\/wp-json\/wp\/v2\/media?parent=23794"}],"curies":[{"name":"wp","href":"https:\/\/api.w.org\/{rel}","templated":true}]}}