{"id":23790,"date":"2019-01-24T16:37:15","date_gmt":"2019-01-24T15:37:15","guid":{"rendered":"http:\/\/www.team-nice.de\/?page_id=23790"},"modified":"2019-03-25T17:51:57","modified_gmt":"2019-03-25T16:51:57","slug":"roadshow","status":"publish","type":"page","link":"https:\/\/www.team-nice.de\/fr\/roadshow\/","title":{"rendered":"Roadshow FR"},"content":{"rendered":"<div class=\"wpb-content-wrapper\"><p>[vc_row css_animation=\u00a0\u00bb\u00a0\u00bb row_type=\u00a0\u00bbrow\u00a0\u00bb use_row_as_full_screen_section=\u00a0\u00bbno\u00a0\u00bb type=\u00a0\u00bbfull_width\u00a0\u00bb text_align=\u00a0\u00bbleft\u00a0\u00bb][vc_column][rev_slider_vc alias=\u00a0\u00bbroadshow_fr\u00a0\u00bb][\/vc_column][\/vc_row][vc_row css_animation=\u00a0\u00bb\u00a0\u00bb row_type=\u00a0\u00bbrow\u00a0\u00bb use_row_as_full_screen_section=\u00a0\u00bbno\u00a0\u00bb type=\u00a0\u00bbgrid\u00a0\u00bb text_align=\u00a0\u00bbleft\u00a0\u00bb background_color=\u00a0\u00bb#ffffff\u00a0\u00bb padding_top=\u00a0\u00bb60&Prime; padding_bottom=\u00a0\u00bb60&Prime;][vc_column][vc_column_text]<\/p>\n<h2 style=\"text-align: center;\">Roadshow<\/h2>\n<p>[\/vc_column_text][vc_empty_space height=\u00a0\u00bb30px\u00a0\u00bb][vc_column_text]<\/p>\n<p style=\"text-align: center;\">\u00ab Faite place \u00e0 vos produits! \u00bb<\/p>\n<p style=\"text-align: center;\">Au bon moment, au bon endroit et sous les feux des projecteurs, vos produits seront mis en valeur avec les road shows \u00e0 la nice:-)<\/p>\n<p>[\/vc_column_text][vc_column_text]<\/p>\n<p style=\"text-align: center;\">Les road shows vous permettent d\u00b4apporter les \u00e9v\u00e8nements \u00e0 vos clients. Ils augmentent \u00e9galement le nombre de participants, permettant de pr\u00e9senter vos produits et de les placer de mani\u00e8re strat\u00e9gique.<\/p>\n<p style=\"text-align: center;\">KNos experts sont \u00e0 votre disposition et organisent des concepts de road shows cr\u00e9atifs et cibl\u00e9s afin de mettre en sc\u00e8ne vos produits et organiser des discussions th\u00e9matiques autour de ceux-ci. Avec notre paquet full-service, nous cr\u00e9ons et organisons vos road shows, en vous accompagnant de A \u00e0 Z.<\/p>\n<p>[\/vc_column_text][vc_empty_space height=\u00a0\u00bb40px\u00a0\u00bb][\/vc_column][\/vc_row][vc_row css_animation=\u00a0\u00bb\u00a0\u00bb row_type=\u00a0\u00bbrow\u00a0\u00bb use_row_as_full_screen_section=\u00a0\u00bbno\u00a0\u00bb type=\u00a0\u00bbfull_width\u00a0\u00bb text_align=\u00a0\u00bbleft\u00a0\u00bb el_class=\u00a0\u00bbrow_img_orng_box\u00a0\u00bb][vc_column width=\u00a0\u00bb1\/4&Prime;][vc_single_image image=\u00a0\u00bb23561&Prime; img_size=\u00a0\u00bbfull\u00a0\u00bb alignment=\u00a0\u00bbcenter\u00a0\u00bb qode_css_animation=\u00a0\u00bb\u00a0\u00bb]<div class=\"q_image_with_text_over \"><div class=\"shader\"><\/div><img data-recalc-dims=\"1\" decoding=\"async\" src=\"https:\/\/i0.wp.com\/www.team-nice.de\/wp-content\/uploads\/orange_440_x_265.png?w=1060&#038;ssl=1\" alt=\"\" \/><div class=\"front_holder\"><div class=\"front_holder_inner\"><div class=\"front_holder_inner2\"><h3 class=\"front_subtitle\" style=\"color: #ffffff;font-size: 17px;\">Plus d\u00b4informations sur le ...<\/h3><h4 class=\"front_title\" style=\"color: #ffffff;font-size: 21px;\">roadshow \u201eoff road\u201c<\/h4><\/div><\/div><\/div><div class=\"back_holder\"><div class=\"back_holder_inner\"><div class=\"back_holder_inner2\">Aventure off road pour pr\u00e8s de 2.500 participants.<\/div><\/div><\/div><\/div>[\/vc_column][vc_column width=\u00a0\u00bb1\/4&Prime;]<div class=\"q_image_with_text_over \"><div class=\"shader\"><\/div><img data-recalc-dims=\"1\" decoding=\"async\" src=\"https:\/\/i0.wp.com\/www.team-nice.de\/wp-content\/uploads\/orange_440_x_265.png?w=1060&#038;ssl=1\" alt=\"\" \/><div class=\"front_holder\"><div class=\"front_holder_inner\"><div class=\"front_holder_inner2\"><h3 class=\"front_subtitle\" style=\"color: #ffffff;font-size: 17px;\">Plus d\u2019informations sur les ...<\/h3><h4 class=\"front_title\" style=\"color: #ffffff;font-size: 21px;\">roadshows pour vos produits<\/h4><\/div><\/div><\/div><div class=\"back_holder\"><div class=\"back_holder_inner\"><div class=\"back_holder_inner2\">Pr\u00e9sentation de produits marquantes!<\/div><\/div><\/div><\/div>[vc_single_image image=\u00a0\u00bb23562&Prime; img_size=\u00a0\u00bbfull\u00a0\u00bb alignment=\u00a0\u00bbcenter\u00a0\u00bb qode_css_animation=\u00a0\u00bb\u00a0\u00bb][\/vc_column][vc_column width=\u00a0\u00bb1\/4&Prime;][vc_single_image image=\u00a0\u00bb23563&Prime; img_size=\u00a0\u00bbfull\u00a0\u00bb alignment=\u00a0\u00bbcenter\u00a0\u00bb qode_css_animation=\u00a0\u00bb\u00a0\u00bb]<div class=\"q_image_with_text_over \"><div class=\"shader\"><\/div><img data-recalc-dims=\"1\" decoding=\"async\" src=\"https:\/\/i0.wp.com\/www.team-nice.de\/wp-content\/uploads\/orange_440_x_265.png?w=1060&#038;ssl=1\" alt=\"\" \/><div class=\"front_holder\"><div class=\"front_holder_inner\"><div class=\"front_holder_inner2\"><h3 class=\"front_subtitle\" style=\"color: #ffffff;font-size: 17px;\">Plus d\u2019informations sur les ...<\/h3><h4 class=\"front_title\" style=\"color: #ffffff;font-size: 21px;\">camions de roadshows <\/h4><\/div><\/div><\/div><div class=\"back_holder\"><div class=\"back_holder_inner\"><div class=\"back_holder_inner2\">Le \u201eShowcamion\u201c chez vos clients!<\/div><\/div><\/div><\/div>[\/vc_column][vc_column width=\u00a0\u00bb1\/4&Prime;]<div class=\"q_image_with_text_over \"><div class=\"shader\"><\/div><img data-recalc-dims=\"1\" decoding=\"async\" src=\"https:\/\/i0.wp.com\/www.team-nice.de\/wp-content\/uploads\/orange_440_x_265.png?w=1060&#038;ssl=1\" alt=\"\" \/><div class=\"front_holder\"><div class=\"front_holder_inner\"><div class=\"front_holder_inner2\"><h3 class=\"front_subtitle\" style=\"color: #ffffff;font-size: 17px;\">Plus d\u2019informations sur la ...<\/h3><h4 class=\"front_title\" style=\"color: #ffffff;font-size: 21px;\">communication<\/h4><\/div><\/div><\/div><div class=\"back_holder\"><div class=\"back_holder_inner\"><div class=\"back_holder_inner2\">Cr\u00e9ations d\u2019univers th\u00e9matiques avec les pop-up stores.<\/div><\/div><\/div><\/div>[vc_single_image image=\u00a0\u00bb23564&Prime; img_size=\u00a0\u00bbfull\u00a0\u00bb alignment=\u00a0\u00bbcenter\u00a0\u00bb qode_css_animation=\u00a0\u00bb\u00a0\u00bb][\/vc_column][\/vc_row][vc_row css_animation=\u00a0\u00bb\u00a0\u00bb row_type=\u00a0\u00bbrow\u00a0\u00bb use_row_as_full_screen_section=\u00a0\u00bbno\u00a0\u00bb type=\u00a0\u00bbfull_width\u00a0\u00bb text_align=\u00a0\u00bbleft\u00a0\u00bb background_color=\u00a0\u00bb#f2f2f2&Prime;][vc_column][vc_empty_space height=\u00a0\u00bb100px\u00a0\u00bb][vc_column_text]<\/p>\n<h2 style=\"text-align: center;\">De l\u2019id\u00e9e \u00e0 l\u2019\u00e9v\u00e8nement<\/h2>\n<p>[\/vc_column_text][vc_empty_space height=\u00a0\u00bb80px\u00a0\u00bb][vc_row_inner row_type=\u00a0\u00bbrow\u00a0\u00bb type=\u00a0\u00bbgrid\u00a0\u00bb use_row_as_full_screen_section_slide=\u00a0\u00bbno\u00a0\u00bb text_align=\u00a0\u00bbleft\u00a0\u00bb css_animation=\u00a0\u00bb\u00a0\u00bb][vc_column_inner width=\u00a0\u00bb1\/2&Prime;][vc_column_text el_class=\u00a0\u00bbpadding-20&Prime;]<\/p>\n<h5 style=\"text-align: center;\">Le roadshow offroad<\/h5>\n<p style=\"text-align: center;\">Le \u201eProfi Trophy\u201c est un programme remplis d\u2019aventure et d\u2019\u00e9motion pouvant \u00eatre organis\u00e9 pour 2.500 participants dans 8 parcs offroads diff\u00e9rents en Allemagne. Entre atelier conduite, activit\u00e9 de groupe et le feu de camps pour la soir\u00e9e, offrez \u00e0 vos clients la possibilit\u00e9 de vivre une aventure unique.<\/p>\n<p>[\/vc_column_text][\/vc_column_inner][vc_column_inner width=\u00a0\u00bb1\/2&Prime;][vc_column_text el_class=\u00a0\u00bbpadding-20&Prime;]<\/p>\n<h5 style=\"text-align: center;\">Communication<\/h5>\n<p style=\"text-align: center;\">Cr\u00e9er des univers virtuels autour de vos produits. C\u2019est maintenant possible gr\u00e2ce aux b\u00e2timents temporaires et les pop-up stores. Par ce biais, nous vous offrons la possibilit\u00e9 de pr\u00e9senter vos produits de mani\u00e8re temporaire et marquante.<\/p>\n<p>[\/vc_column_text][\/vc_column_inner][\/vc_row_inner][vc_empty_space height=\u00a0\u00bb50px\u00a0\u00bb][vc_row_inner row_type=\u00a0\u00bbrow\u00a0\u00bb type=\u00a0\u00bbgrid\u00a0\u00bb use_row_as_full_screen_section_slide=\u00a0\u00bbno\u00a0\u00bb text_align=\u00a0\u00bbleft\u00a0\u00bb css_animation=\u00a0\u00bb\u00a0\u00bb][vc_column_inner width=\u00a0\u00bb1\/2&Prime;][vc_column_text el_class=\u00a0\u00bbpadding-20&Prime;]<\/p>\n<h5 style=\"text-align: center;\">Le camion roadshow<\/h5>\n<p style=\"text-align: center;\">Allez voir votre client chez eux avec le camion roadshow et pr\u00e9sentez vos produits \u00e0 bord de votre magasin ambulant. Cette variante de pr\u00e9sentation vous permet de promouvoir vos produits\/services \u00e0 vos clients de mani\u00e8re professionnelle tout en couvrant le plus de terrain possible.<\/p>\n<p>[\/vc_column_text][\/vc_column_inner][vc_column_inner width=\u00a0\u00bb1\/2&Prime;][vc_column_text el_class=\u00a0\u00bbpadding-20&Prime;]<\/p>\n<h5 style=\"text-align: center;\">Les roadshows produits<\/h5>\n<p style=\"text-align: center;\">Qui a dit que les pr\u00e9sentations de produits devaient \u00eatre statiques et non anim\u00e9es? nice:-) trouve les endroits adapt\u00e9s \u00e0 vos produits et vous donne la possibilit\u00e9 de pr\u00e9senter ceux-ci de mani\u00e8re originale. Un exemple? nice:-) a transform\u00e9 la pr\u00e9sentation de meuble de ses clients en un d\u00e9fil\u00e9 de mode.<\/p>\n<p>[\/vc_column_text][\/vc_column_inner][\/vc_row_inner][vc_empty_space height=\u00a0\u00bb100px\u00a0\u00bb][\/vc_column][\/vc_row][vc_row css_animation=\u00a0\u00bb\u00a0\u00bb row_type=\u00a0\u00bbrow\u00a0\u00bb use_row_as_full_screen_section=\u00a0\u00bbno\u00a0\u00bb type=\u00a0\u00bbfull_width\u00a0\u00bb text_align=\u00a0\u00bbleft\u00a0\u00bb][vc_column css=\u00a0\u00bb.vc_custom_1523359281747{background-color: #ffffff !important;}\u00a0\u00bb][vc_empty_space height=\u00a0\u00bb100px\u00a0\u00bb][vc_column_text]<\/p>\n<h2 style=\"text-align: center;\">Conception d\u2019un roadshow dans 6 lieux diff\u00e9rents<\/h2>\n<p>[\/vc_column_text][vc_empty_space height=\u00a0\u00bb60px\u00a0\u00bb][vc_row_inner row_type=\u00a0\u00bbrow\u00a0\u00bb type=\u00a0\u00bbgrid\u00a0\u00bb use_row_as_full_screen_section_slide=\u00a0\u00bbno\u00a0\u00bb text_align=\u00a0\u00bbleft\u00a0\u00bb css_animation=\u00a0\u00bb\u00a0\u00bb][vc_column_inner width=\u00a0\u00bb1\/2&Prime;][vc_single_image image=\u00a0\u00bb23745&Prime; img_size=\u00a0\u00bbfull\u00a0\u00bb qode_css_animation=\u00a0\u00bb\u00a0\u00bb][vc_single_image image=\u00a0\u00bb23746&Prime; img_size=\u00a0\u00bbfull\u00a0\u00bb qode_css_animation=\u00a0\u00bb\u00a0\u00bb][\/vc_column_inner][vc_column_inner width=\u00a0\u00bb1\/2&Prime;][vc_column_text]Notre client nous avait demand\u00e9 de pr\u00e9senter leur nouvelle ligne de meuble de bureaux \u00e0 leurs clients. En tant qu&rsquo;expert dans ce domaine et agence cr\u00e9ative, nous savions que la pr\u00e9sentation des produits par le biais d\u2019un roadshow serait n\u00e9cessaire. <strong>Nous avons donc cr\u00e9\u00e9 le \u00ab City Live Show \u00bb.<\/strong> Le challenge \u00e9tait qu\u2019il ne fallait pas pr\u00e9senter les meubles de fa\u00e7on normale et cr\u00e9er une exposition, mais plut\u00f4t de mettre en sc\u00e8ne ses produits.<\/p>\n<p>Notre proposition: cr\u00e9er une chor\u00e9graphie et un catwalk afin de pr\u00e9senter les meubles sous un nouveau jour.<\/p>\n<p>Nous avons choisis Bruce Darnell et une autre pr\u00e9sentatrice pour pr\u00e9senter les roadshows. En tant qu\u2019\u00e9g\u00e9rie repr\u00e9sentant style et \u00e9l\u00e9gance, le duo a permis de d\u00b4associer les nouveaux produits dans cette cat\u00e9gorie comme le souhaitait le client. Afin de mettre les meubles au centre de chaque pr\u00e9sentation, nous avons cr\u00e9\u00e9s un cat walk au centre de la pi\u00e8ce afin d\u2019attirer l\u2019\u0153il des clients.<\/p>\n<p>Pour les shows, le choix de musiques dynamiques et connues ont permis \u00e0 tous les participants d\u2019appr\u00e9cier chaque d\u00e9fil\u00e9. Gr\u00e2ce \u00e0 nos recherches des diff\u00e9rents lieux \u00e9v\u00e8nementiels, nous avons r\u00e9ussis \u00e0 informer et enthousiasmer 1.500 clients dans 6 villes diff\u00e9rents.<\/p>\n<p>Plus de r\u00e9f\u00e9rences sur notre <a href=\"http:\/\/www.team-nice.de\/blog-team-nice-essen\/\">blog<\/a>.[\/vc_column_text][\/vc_column_inner][\/vc_row_inner][\/vc_column][\/vc_row][vc_row css_animation=\u00a0\u00bb\u00a0\u00bb row_type=\u00a0\u00bbrow\u00a0\u00bb use_row_as_full_screen_section=\u00a0\u00bbno\u00a0\u00bb type=\u00a0\u00bbgrid\u00a0\u00bb text_align=\u00a0\u00bbleft\u00a0\u00bb][vc_column][vc_empty_space height=\u00a0\u00bb100px\u00a0\u00bb][\/vc_column][vc_column width=\u00a0\u00bb1\/4&Prime;]<span class=\"q_font_elegant_holder q_icon_shortcode normal pull-center \" style=\"font-size: 100px;color: #f2a823; \"data-hover-color=#f2a823 ><i class=\"lnr q_linear_icons_icon lnr-diamond\"  style=\"font-size: 100px;width: 100px;height: 100px;\"><\/i><\/span>[vc_empty_space height=\u00a0\u00bb20px\u00a0\u00bb][vc_column_text]<\/p>\n<h5 style=\"text-align: center;\">25 ans<\/h5>\n<p style=\"text-align: center;\">nice:-) a plus de 25 ans d&rsquo;exp\u00e9rience dans la conception, l&rsquo;organisation et la r\u00e9alisation d&rsquo;\u00e9v\u00e8nements d&rsquo;entreprises.<\/p>\n<p>[\/vc_column_text][\/vc_column][vc_column width=\u00a0\u00bb1\/4&Prime;]<span class=\"q_font_elegant_holder q_icon_shortcode normal pull-center \" style=\"font-size: 100px;color: #f2a823; \"data-hover-color=#f2a823 ><i class=\"lnr q_linear_icons_icon lnr-earth\"  style=\"font-size: 100px;width: 100px;height: 100px;\"><\/i><\/span>[vc_empty_space height=\u00a0\u00bb20px\u00a0\u00bb][vc_column_text]<\/p>\n<h5 style=\"text-align: center;\">International<\/h5>\n<p style=\"text-align: center;\">Profitez du r\u00e9seau international de nice:-) et de notre exp\u00e9rience internationale pour vos \u00e9v\u00e9nements.<\/p>\n<p>[\/vc_column_text][\/vc_column][vc_column width=\u00a0\u00bb1\/4&Prime;]<span class=\"q_font_elegant_holder q_icon_shortcode normal pull-center \" style=\"font-size: 100px;color: #f2a823; \"data-hover-color=#f2a823 ><i class=\"lnr q_linear_icons_icon lnr-heart-pulse\"  style=\"font-size: 100px;width: 100px;height: 100px;\"><\/i><\/span>[vc_empty_space height=\u00a0\u00bb20px\u00a0\u00bb][vc_column_text]<\/p>\n<h5 style=\"text-align: center;\">Ambassadeur d\u2019\u00e9v\u00e9nement<\/h5>\n<p style=\"text-align: center;\">Nous sommes ambassadeurs d\u2019\u00e9v\u00e8nements. L\u2019\u00e9v\u00e8nementiel est notre passion et nous donnons de notre personne dans chaque projet que nous r\u00e9alisons pour nos clients!<\/p>\n<p>[\/vc_column_text][\/vc_column][vc_column width=\u00a0\u00bb1\/4&Prime;]<span class=\"q_font_elegant_holder q_icon_shortcode normal pull-center \" style=\"font-size: 100px;color: #f2a823; \"data-hover-color=#f2a823 ><i class=\"lnr q_linear_icons_icon lnr-rocket\"  style=\"font-size: 100px;width: 100px;height: 100px;\"><\/i><\/span>[vc_empty_space height=\u00a0\u00bb20px\u00a0\u00bb][vc_column_text]<\/p>\n<h5 style=\"text-align: center;\">Traitement efficace<\/h5>\n<p style=\"text-align: center;\">Nous r\u00e9pondons \u00e0 vos demandes en une journ\u00e9e et vous envoyons un premier concept en moins d\u00b4une semaine.<\/p>\n<p>[\/vc_column_text][\/vc_column][\/vc_row][vc_row css_animation=\u00a0\u00bb\u00a0\u00bb row_type=\u00a0\u00bbrow\u00a0\u00bb use_row_as_full_screen_section=\u00a0\u00bbno\u00a0\u00bb type=\u00a0\u00bbgrid\u00a0\u00bb text_align=\u00a0\u00bbleft\u00a0\u00bb][vc_column][vc_empty_space height=\u00a0\u00bb100px\u00a0\u00bb][\/vc_column][\/vc_row][vc_row css_animation=\u00a0\u00bb\u00a0\u00bb row_type=\u00a0\u00bbrow\u00a0\u00bb use_row_as_full_screen_section=\u00a0\u00bbno\u00a0\u00bb type=\u00a0\u00bbgrid\u00a0\u00bb text_align=\u00a0\u00bbleft\u00a0\u00bb background_color=\u00a0\u00bb#ffffff\u00a0\u00bb][vc_column][vc_empty_space height=\u00a0\u00bb100px\u00a0\u00bb][vc_column_text]<\/p>\n<h2 style=\"text-align: center;\">nice:-) l\u2019agence \u00e9v\u00e8nementielle bas\u00e9e \u00e0 Essen<\/h2>\n<p>[\/vc_column_text][vc_empty_space height=\u00a0\u00bb30px\u00a0\u00bb][vc_column_text]<\/p>\n<p style=\"text-align: center;\">Depuis plus de 25 ans \u00e0 Essen, nous disposons d\u2019un r\u00e9seau de partenaires \u00e0 l\u2019international de qualit\u00e9. Notre agence familiale s\u2019est sp\u00e9cialis\u00e9 dans la cr\u00e9ation et l\u2019organisation d\u2019\u00e9v\u00e8nements, d\u2019incentives, de salons, de roadshows et de team buildings. Nous accompagnons nos clients de la cr\u00e9ation de concept jusqu\u2019 \u00e0 la r\u00e9alisation de l\u2019\u00e9v\u00e8nement.<\/p>\n<p>[\/vc_column_text][vc_empty_space height=\u00a0\u00bb100px\u00a0\u00bb][\/vc_column][\/vc_row][vc_row css_animation=\u00a0\u00bb\u00a0\u00bb row_type=\u00a0\u00bbrow\u00a0\u00bb use_row_as_full_screen_section=\u00a0\u00bbno\u00a0\u00bb type=\u00a0\u00bbfull_width\u00a0\u00bb text_align=\u00a0\u00bbleft\u00a0\u00bb][vc_column]<div class=\"call_to_action normal\" style=\"background-color: #f2a823;border-top: 1px solid #f2a823;\"><div class=\"container_inner\"><div class=\"two_columns_75_25 clearfix\"><div class=\"text_wrapper column1\"><div class=\"call_to_action_text\" style=\"\"><span style=\"color: #ffffff; line-height: 35px; font-size: 25px;\"><strong>Avons-nous r\u00e9veill\u00e9 l\u00b4insolite en vous?<br \/>\nEcrivez nous, nous serons ravis de vous aider.<\/strong><\/span><\/div><\/div><div class=\"button_wrapper column2\"><a href=\"http:\/\/www.team-nice.de\/fr\/contact\/\" class=\"qbutton \" target=\"_self\" style=\"color:#ffffff;border-color:#ffffff;background-color: #f2a823;\" data-hover-background-color=#ffffff  data-hover-border-color=#ffffff  data-hover-color=#f2a823>nice:-) de vous rencontrer <\/a><\/div><\/div><\/div><\/div>[\/vc_column][\/vc_row][vc_row css_animation=\u00a0\u00bb\u00a0\u00bb row_type=\u00a0\u00bbrow\u00a0\u00bb use_row_as_full_screen_section=\u00a0\u00bbno\u00a0\u00bb type=\u00a0\u00bbfull_width\u00a0\u00bb text_align=\u00a0\u00bbleft\u00a0\u00bb][vc_column][vc_column_text][\/vc_column_text][\/vc_column][\/vc_row][vc_row css_animation=\u00a0\u00bb\u00a0\u00bb row_type=\u00a0\u00bbrow\u00a0\u00bb use_row_as_full_screen_section=\u00a0\u00bbno\u00a0\u00bb type=\u00a0\u00bbfull_width\u00a0\u00bb text_align=\u00a0\u00bbleft\u00a0\u00bb][vc_column][\/vc_column][\/vc_row][vc_row css_animation=\u00a0\u00bb\u00a0\u00bb row_type=\u00a0\u00bbrow\u00a0\u00bb use_row_as_full_screen_section=\u00a0\u00bbno\u00a0\u00bb type=\u00a0\u00bbfull_width\u00a0\u00bb text_align=\u00a0\u00bbleft\u00a0\u00bb][vc_column][vc_column_text][\/vc_column_text][\/vc_column][\/vc_row][vc_row css_animation=\u00a0\u00bb\u00a0\u00bb row_type=\u00a0\u00bbrow\u00a0\u00bb use_row_as_full_screen_section=\u00a0\u00bbno\u00a0\u00bb type=\u00a0\u00bbfull_width\u00a0\u00bb text_align=\u00a0\u00bbleft\u00a0\u00bb][vc_column][vc_column_text][\/vc_column_text][\/vc_column][\/vc_row][vc_row css_animation=\u00a0\u00bb\u00a0\u00bb row_type=\u00a0\u00bbrow\u00a0\u00bb use_row_as_full_screen_section=\u00a0\u00bbno\u00a0\u00bb type=\u00a0\u00bbfull_width\u00a0\u00bb text_align=\u00a0\u00bbleft\u00a0\u00bb][vc_column][vc_column_text][\/vc_column_text][\/vc_column][\/vc_row]<\/p>\n<\/div>","protected":false},"excerpt":{"rendered":"<p>[vc_row css_animation=\u00a0\u00bb\u00a0\u00bb row_type=\u00a0\u00bbrow\u00a0\u00bb use_row_as_full_screen_section=\u00a0\u00bbno\u00a0\u00bb type=\u00a0\u00bbfull_width\u00a0\u00bb text_align=\u00a0\u00bbleft\u00a0\u00bb][vc_column][rev_slider_vc alias=\u00a0\u00bbroadshow_fr\u00a0\u00bb][\/vc_column][\/vc_row][vc_row css_animation=\u00a0\u00bb\u00a0\u00bb row_type=\u00a0\u00bbrow\u00a0\u00bb use_row_as_full_screen_section=\u00a0\u00bbno\u00a0\u00bb type=\u00a0\u00bbgrid\u00a0\u00bb text_align=\u00a0\u00bbleft\u00a0\u00bb background_color=\u00a0\u00bb#ffffff\u00a0\u00bb padding_top=\u00a0\u00bb60&Prime; padding_bottom=\u00a0\u00bb60&Prime;][vc_column][vc_column_text] Roadshow [\/vc_column_text][vc_empty_space height=\u00a0\u00bb30px\u00a0\u00bb][vc_column_text] \u00ab Faite place \u00e0 vos produits! \u00bb Au bon moment, au bon&#8230;<\/p>\n","protected":false},"author":4,"featured_media":0,"parent":0,"menu_order":0,"comment_status":"closed","ping_status":"closed","template":"full_width.php","meta":{"footnotes":""},"class_list":["post-23790","page","type-page","status-publish","hentry"],"yoast_head":"<!-- This site is optimized with the Yoast SEO plugin v27.5 - https:\/\/yoast.com\/product\/yoast-seo-wordpress\/ -->\n<title>Roadshow FR - nice:-)<\/title>\n<meta name=\"robots\" content=\"index, follow, max-snippet:-1, max-image-preview:large, max-video-preview:-1\" \/>\n<link rel=\"canonical\" href=\"https:\/\/www.team-nice.de\/fr\/roadshow\/\" \/>\n<meta property=\"og:locale\" content=\"fr_FR\" \/>\n<meta property=\"og:type\" content=\"article\" \/>\n<meta property=\"og:title\" content=\"Roadshow FR - nice:-)\" \/>\n<meta property=\"og:description\" content=\"[vc_row css_animation=\u00a0\u00bb\u00a0\u00bb row_type=\u00a0\u00bbrow\u00a0\u00bb use_row_as_full_screen_section=\u00a0\u00bbno\u00a0\u00bb type=\u00a0\u00bbfull_width\u00a0\u00bb text_align=\u00a0\u00bbleft\u00a0\u00bb][vc_column][rev_slider_vc alias=\u00a0\u00bbroadshow_fr\u00a0\u00bb][\/vc_column][\/vc_row][vc_row css_animation=\u00a0\u00bb\u00a0\u00bb row_type=\u00a0\u00bbrow\u00a0\u00bb use_row_as_full_screen_section=\u00a0\u00bbno\u00a0\u00bb type=\u00a0\u00bbgrid\u00a0\u00bb text_align=\u00a0\u00bbleft\u00a0\u00bb background_color=\u00a0\u00bb#ffffff\u00a0\u00bb padding_top=\u00a0\u00bb60&Prime; padding_bottom=\u00a0\u00bb60&Prime;][vc_column][vc_column_text] Roadshow [\/vc_column_text][vc_empty_space height=\u00a0\u00bb30px\u00a0\u00bb][vc_column_text] \u00ab Faite place \u00e0 vos produits! \u00bb Au bon moment, au bon...\" \/>\n<meta property=\"og:url\" content=\"https:\/\/www.team-nice.de\/fr\/roadshow\/\" \/>\n<meta property=\"og:site_name\" content=\"nice:-)\" \/>\n<meta property=\"article:modified_time\" content=\"2019-03-25T16:51:57+00:00\" \/>\n<meta name=\"twitter:card\" content=\"summary_large_image\" \/>\n<meta name=\"twitter:label1\" content=\"Dur\u00e9e de lecture estim\u00e9e\" \/>\n\t<meta name=\"twitter:data1\" content=\"9 minutes\" \/>\n<script type=\"application\/ld+json\" class=\"yoast-schema-graph\">{\"@context\":\"https:\\\/\\\/schema.org\",\"@graph\":[{\"@type\":\"WebPage\",\"@id\":\"https:\\\/\\\/www.team-nice.de\\\/fr\\\/roadshow\\\/\",\"url\":\"https:\\\/\\\/www.team-nice.de\\\/fr\\\/roadshow\\\/\",\"name\":\"Roadshow FR - nice:-)\",\"isPartOf\":{\"@id\":\"https:\\\/\\\/www.team-nice.de\\\/#website\"},\"datePublished\":\"2019-01-24T15:37:15+00:00\",\"dateModified\":\"2019-03-25T16:51:57+00:00\",\"breadcrumb\":{\"@id\":\"https:\\\/\\\/www.team-nice.de\\\/fr\\\/roadshow\\\/#breadcrumb\"},\"inLanguage\":\"fr-FR\",\"potentialAction\":[{\"@type\":\"ReadAction\",\"target\":[\"https:\\\/\\\/www.team-nice.de\\\/fr\\\/roadshow\\\/\"]}]},{\"@type\":\"BreadcrumbList\",\"@id\":\"https:\\\/\\\/www.team-nice.de\\\/fr\\\/roadshow\\\/#breadcrumb\",\"itemListElement\":[{\"@type\":\"ListItem\",\"position\":1,\"name\":\"Startseite\",\"item\":\"https:\\\/\\\/www.team-nice.de\\\/fr\\\/\"},{\"@type\":\"ListItem\",\"position\":2,\"name\":\"Roadshow FR\"}]},{\"@type\":\"WebSite\",\"@id\":\"https:\\\/\\\/www.team-nice.de\\\/#website\",\"url\":\"https:\\\/\\\/www.team-nice.de\\\/\",\"name\":\"nice:-)\",\"description\":\"Eventagentur in Essen\",\"potentialAction\":[{\"@type\":\"SearchAction\",\"target\":{\"@type\":\"EntryPoint\",\"urlTemplate\":\"https:\\\/\\\/www.team-nice.de\\\/?s={search_term_string}\"},\"query-input\":{\"@type\":\"PropertyValueSpecification\",\"valueRequired\":true,\"valueName\":\"search_term_string\"}}],\"inLanguage\":\"fr-FR\"}]}<\/script>\n<!-- \/ Yoast SEO plugin. -->","yoast_head_json":{"title":"Roadshow FR - nice:-)","robots":{"index":"index","follow":"follow","max-snippet":"max-snippet:-1","max-image-preview":"max-image-preview:large","max-video-preview":"max-video-preview:-1"},"canonical":"https:\/\/www.team-nice.de\/fr\/roadshow\/","og_locale":"fr_FR","og_type":"article","og_title":"Roadshow FR - nice:-)","og_description":"[vc_row css_animation=\u00a0\u00bb\u00a0\u00bb row_type=\u00a0\u00bbrow\u00a0\u00bb use_row_as_full_screen_section=\u00a0\u00bbno\u00a0\u00bb type=\u00a0\u00bbfull_width\u00a0\u00bb text_align=\u00a0\u00bbleft\u00a0\u00bb][vc_column][rev_slider_vc alias=\u00a0\u00bbroadshow_fr\u00a0\u00bb][\/vc_column][\/vc_row][vc_row css_animation=\u00a0\u00bb\u00a0\u00bb row_type=\u00a0\u00bbrow\u00a0\u00bb use_row_as_full_screen_section=\u00a0\u00bbno\u00a0\u00bb type=\u00a0\u00bbgrid\u00a0\u00bb text_align=\u00a0\u00bbleft\u00a0\u00bb background_color=\u00a0\u00bb#ffffff\u00a0\u00bb padding_top=\u00a0\u00bb60&Prime; padding_bottom=\u00a0\u00bb60&Prime;][vc_column][vc_column_text] Roadshow [\/vc_column_text][vc_empty_space height=\u00a0\u00bb30px\u00a0\u00bb][vc_column_text] \u00ab Faite place \u00e0 vos produits! \u00bb Au bon moment, au bon...","og_url":"https:\/\/www.team-nice.de\/fr\/roadshow\/","og_site_name":"nice:-)","article_modified_time":"2019-03-25T16:51:57+00:00","twitter_card":"summary_large_image","twitter_misc":{"Dur\u00e9e de lecture estim\u00e9e":"9 minutes"},"schema":{"@context":"https:\/\/schema.org","@graph":[{"@type":"WebPage","@id":"https:\/\/www.team-nice.de\/fr\/roadshow\/","url":"https:\/\/www.team-nice.de\/fr\/roadshow\/","name":"Roadshow FR - nice:-)","isPartOf":{"@id":"https:\/\/www.team-nice.de\/#website"},"datePublished":"2019-01-24T15:37:15+00:00","dateModified":"2019-03-25T16:51:57+00:00","breadcrumb":{"@id":"https:\/\/www.team-nice.de\/fr\/roadshow\/#breadcrumb"},"inLanguage":"fr-FR","potentialAction":[{"@type":"ReadAction","target":["https:\/\/www.team-nice.de\/fr\/roadshow\/"]}]},{"@type":"BreadcrumbList","@id":"https:\/\/www.team-nice.de\/fr\/roadshow\/#breadcrumb","itemListElement":[{"@type":"ListItem","position":1,"name":"Startseite","item":"https:\/\/www.team-nice.de\/fr\/"},{"@type":"ListItem","position":2,"name":"Roadshow FR"}]},{"@type":"WebSite","@id":"https:\/\/www.team-nice.de\/#website","url":"https:\/\/www.team-nice.de\/","name":"nice:-)","description":"Eventagentur in Essen","potentialAction":[{"@type":"SearchAction","target":{"@type":"EntryPoint","urlTemplate":"https:\/\/www.team-nice.de\/?s={search_term_string}"},"query-input":{"@type":"PropertyValueSpecification","valueRequired":true,"valueName":"search_term_string"}}],"inLanguage":"fr-FR"}]}},"_links":{"self":[{"href":"https:\/\/www.team-nice.de\/fr\/wp-json\/wp\/v2\/pages\/23790","targetHints":{"allow":["GET"]}}],"collection":[{"href":"https:\/\/www.team-nice.de\/fr\/wp-json\/wp\/v2\/pages"}],"about":[{"href":"https:\/\/www.team-nice.de\/fr\/wp-json\/wp\/v2\/types\/page"}],"author":[{"embeddable":true,"href":"https:\/\/www.team-nice.de\/fr\/wp-json\/wp\/v2\/users\/4"}],"replies":[{"embeddable":true,"href":"https:\/\/www.team-nice.de\/fr\/wp-json\/wp\/v2\/comments?post=23790"}],"version-history":[{"count":7,"href":"https:\/\/www.team-nice.de\/fr\/wp-json\/wp\/v2\/pages\/23790\/revisions"}],"predecessor-version":[{"id":24347,"href":"https:\/\/www.team-nice.de\/fr\/wp-json\/wp\/v2\/pages\/23790\/revisions\/24347"}],"wp:attachment":[{"href":"https:\/\/www.team-nice.de\/fr\/wp-json\/wp\/v2\/media?parent=23790"}],"curies":[{"name":"wp","href":"https:\/\/api.w.org\/{rel}","templated":true}]}}