{"id":22699,"date":"2017-03-03T14:19:36","date_gmt":"2017-03-03T13:19:36","guid":{"rendered":"http:\/\/www.team-nice.de\/?page_id=22699\/"},"modified":"2017-11-07T14:56:00","modified_gmt":"2017-11-07T13:56:00","slug":"evenements","status":"publish","type":"page","link":"https:\/\/www.team-nice.de\/fr\/evenements\/","title":{"rendered":"Portfolio"},"content":{"rendered":"<div class=\"wpb-content-wrapper\"><p>[vc_row css_animation=\u00a0\u00bb\u00a0\u00bb row_type=\u00a0\u00bbrow\u00a0\u00bb use_row_as_full_screen_section=\u00a0\u00bbno\u00a0\u00bb type=\u00a0\u00bbfull_width\u00a0\u00bb text_align=\u00a0\u00bbleft\u00a0\u00bb][vc_column][rev_slider_vc alias=\u00a0\u00bbevents_slider_2017_fr\u00a0\u00bb][\/vc_column][\/vc_row][vc_row css_animation=\u00a0\u00bb\u00a0\u00bb row_type=\u00a0\u00bbrow\u00a0\u00bb use_row_as_full_screen_section=\u00a0\u00bbno\u00a0\u00bb type=\u00a0\u00bbgrid\u00a0\u00bb text_align=\u00a0\u00bbleft\u00a0\u00bb css=\u00a0\u00bb.vc_custom_1463496704752{background-color: #ffffff !important;}\u00a0\u00bb][vc_column][vc_empty_space height=\u00a0\u00bb60px\u00a0\u00bb][vc_column_text]<\/p>\n<h2 style=\"text-align: center;\">Les \u00e9v\u00e8nements naissent de l\u00b4inspiration de leurs invit\u00e9s<\/h2>\n<p>[\/vc_column_text][vc_empty_space height=\u00a0\u00bb40px\u00a0\u00bb][vc_column_text]<\/p>\n<p style=\"text-align: center;\">A la recherche d\u00b4un concept ou de quelqu\u00b4un les cr\u00e9ant ? Rencontrez chez nice:-) des personnes cherchant des solutions pour vous et d\u00e9veloppant des concepts qui donnent envie.<br \/>\nLes \u00e9v\u00e8nements, que notre team organise, n\u00b4ont pas besoin de feux d\u00b4artifices, leurs contenus suffisent \u00e0 vous convaincre. Afin de pouvoir tenir cette promesse, chaque ann\u00e9e l\u00b4\u00e9quipe nice:-) s\u00b4est lanc\u00e9 le d\u00e9fi de participer \u00e0 plusieurs workshop pour augmenter la cr\u00e9ativit\u00e9 de toute l\u00b4\u00e9quipe.<\/p>\n<p>[\/vc_column_text][vc_empty_space height=\u00a0\u00bb60px\u00a0\u00bb][\/vc_column][\/vc_row][vc_row css_animation=\u00a0\u00bb\u00a0\u00bb row_type=\u00a0\u00bbrow\u00a0\u00bb use_row_as_full_screen_section=\u00a0\u00bbno\u00a0\u00bb type=\u00a0\u00bbfull_width\u00a0\u00bb text_align=\u00a0\u00bbcenter\u00a0\u00bb css=\u00a0\u00bb.vc_custom_1463567175535{background-color: #ffffff !important;}\u00a0\u00bb][vc_column css=\u00a0\u00bb.vc_custom_1463566768578{padding-top: 30px !important;padding-bottom: 30px !important;background-position: center !important;background-repeat: no-repeat !important;background-size: cover !important;}\u00a0\u00bb]<div class='projects_masonry_holder appear_from_bottom  qodef-three-columns qodef-no-space qode-filter-position-top' data-parallax_item_speed='0.3' data-parallax_item_offset=''>\n    <article class=\"portfolio_masonry_item default qodef-item-space\">\n    <div class='image_holder default_hover'>\n        \n<span class='image'><img decoding=\"async\" width=\"500\" height=\"500\" src=\"https:\/\/i0.wp.com\/www.team-nice.de\/wp-content\/uploads\/Kongress-1.jpg?resize=500%2C500&amp;ssl=1\" class=\"attachment-portfolio_masonry_regular size-portfolio_masonry_regular wp-post-image\" alt=\"\" srcset=\"https:\/\/i0.wp.com\/www.team-nice.de\/wp-content\/uploads\/Kongress-1.jpg?resize=150%2C150&amp;ssl=1 150w, https:\/\/i0.wp.com\/www.team-nice.de\/wp-content\/uploads\/Kongress-1.jpg?resize=500%2C500&amp;ssl=1 500w\" sizes=\"(max-width: 500px) 100vw, 500px\" \/><\/span>\n\n    <a class='portfolio_link_class' href='https:\/\/www.team-nice.de\/fr\/portfolio_page\/kick-off\/' target='_self'><\/a>\n        <div class=\"portfolio_shader\"><\/div>\n<div class=\"text_holder\">\n\t<h4 class=\"portfolio_title\" > Kick-offs<\/h4><h6 class=\"portfolio_subtitle\"> <\/h6><\/div>\n<div class=\"icons_holder\">\n\t<div class=\"icons_holder_inner\">\n\t\t\t\t\t<\/div>\n<\/div>\n\n    <\/div>\n<\/article>\n<article class=\"portfolio_masonry_item default qodef-item-space\">\n    <div class='image_holder default_hover'>\n        \n<span class='image'><img decoding=\"async\" width=\"500\" height=\"500\" src=\"https:\/\/i0.wp.com\/www.team-nice.de\/wp-content\/uploads\/portfolio_04.jpg?resize=500%2C500&amp;ssl=1\" class=\"attachment-portfolio_masonry_regular size-portfolio_masonry_regular wp-post-image\" alt=\"\" srcset=\"https:\/\/i0.wp.com\/www.team-nice.de\/wp-content\/uploads\/portfolio_04.jpg?resize=150%2C150&amp;ssl=1 150w, https:\/\/i0.wp.com\/www.team-nice.de\/wp-content\/uploads\/portfolio_04.jpg?resize=550%2C550&amp;ssl=1 550w, https:\/\/i0.wp.com\/www.team-nice.de\/wp-content\/uploads\/portfolio_04.jpg?resize=500%2C500&amp;ssl=1 500w\" sizes=\"(max-width: 500px) 100vw, 500px\" \/><\/span>\n\n    <a class='portfolio_link_class' href='https:\/\/www.team-nice.de\/fr\/portfolio_page\/anniversaires\/' target='_self'><\/a>\n        <div class=\"portfolio_shader\"><\/div>\n<div class=\"text_holder\">\n\t<h4 class=\"portfolio_title\" > Anniversaires<\/h4><h6 class=\"portfolio_subtitle\"> <\/h6><\/div>\n<div class=\"icons_holder\">\n\t<div class=\"icons_holder_inner\">\n\t\t\t\t\t<\/div>\n<\/div>\n\n    <\/div>\n<\/article>\n<article class=\"portfolio_masonry_item default qodef-item-space\">\n    <div class='image_holder default_hover'>\n        \n<span class='image'><img decoding=\"async\" width=\"500\" height=\"500\" src=\"https:\/\/i0.wp.com\/www.team-nice.de\/wp-content\/uploads\/incentive01.jpg?resize=500%2C500&amp;ssl=1\" class=\"attachment-portfolio_masonry_regular size-portfolio_masonry_regular wp-post-image\" alt=\"\" srcset=\"https:\/\/i0.wp.com\/www.team-nice.de\/wp-content\/uploads\/incentive01.jpg?resize=150%2C150&amp;ssl=1 150w, https:\/\/i0.wp.com\/www.team-nice.de\/wp-content\/uploads\/incentive01.jpg?resize=550%2C550&amp;ssl=1 550w, https:\/\/i0.wp.com\/www.team-nice.de\/wp-content\/uploads\/incentive01.jpg?resize=500%2C500&amp;ssl=1 500w\" sizes=\"(max-width: 500px) 100vw, 500px\" \/><\/span>\n\n    <a class='portfolio_link_class' href='https:\/\/www.team-nice.de\/fr\/portfolio_page\/incentives\/' target='_self'><\/a>\n        <div class=\"portfolio_shader\"><\/div>\n<div class=\"text_holder\">\n\t<h4 class=\"portfolio_title\" > Incentives<\/h4><h6 class=\"portfolio_subtitle\"> <\/h6><\/div>\n<div class=\"icons_holder\">\n\t<div class=\"icons_holder_inner\">\n\t\t\t\t\t<\/div>\n<\/div>\n\n    <\/div>\n<\/article>\n<article class=\"portfolio_masonry_item default qodef-item-space\">\n    <div class='image_holder default_hover'>\n        \n<span class='image'><img decoding=\"async\" width=\"500\" height=\"500\" src=\"https:\/\/i0.wp.com\/www.team-nice.de\/wp-content\/uploads\/roadshow_01_aussch-1.jpg?resize=500%2C500&amp;ssl=1\" class=\"attachment-portfolio_masonry_regular size-portfolio_masonry_regular wp-post-image\" alt=\"\" srcset=\"https:\/\/i0.wp.com\/www.team-nice.de\/wp-content\/uploads\/roadshow_01_aussch-1.jpg?resize=150%2C150&amp;ssl=1 150w, https:\/\/i0.wp.com\/www.team-nice.de\/wp-content\/uploads\/roadshow_01_aussch-1.jpg?resize=550%2C550&amp;ssl=1 550w, https:\/\/i0.wp.com\/www.team-nice.de\/wp-content\/uploads\/roadshow_01_aussch-1.jpg?resize=500%2C500&amp;ssl=1 500w\" sizes=\"(max-width: 500px) 100vw, 500px\" \/><\/span>\n\n    <a class='portfolio_link_class' href='https:\/\/www.team-nice.de\/fr\/portfolio_page\/roadshows\/' target='_self'><\/a>\n        <div class=\"portfolio_shader\"><\/div>\n<div class=\"text_holder\">\n\t<h4 class=\"portfolio_title\" > Roadshows<\/h4><h6 class=\"portfolio_subtitle\"> <\/h6><\/div>\n<div class=\"icons_holder\">\n\t<div class=\"icons_holder_inner\">\n\t\t\t\t\t<\/div>\n<\/div>\n\n    <\/div>\n<\/article>\n<article class=\"portfolio_masonry_item default qodef-item-space\">\n    <div class='image_holder default_hover'>\n        \n<span class='image'><img decoding=\"async\" width=\"500\" height=\"500\" src=\"https:\/\/i0.wp.com\/www.team-nice.de\/wp-content\/uploads\/Bsp.-Messe2-1.jpg?resize=500%2C500&amp;ssl=1\" class=\"attachment-portfolio_masonry_regular size-portfolio_masonry_regular wp-post-image\" alt=\"\" srcset=\"https:\/\/i0.wp.com\/www.team-nice.de\/wp-content\/uploads\/Bsp.-Messe2-1.jpg?resize=150%2C150&amp;ssl=1 150w, https:\/\/i0.wp.com\/www.team-nice.de\/wp-content\/uploads\/Bsp.-Messe2-1.jpg?resize=500%2C500&amp;ssl=1 500w\" sizes=\"(max-width: 500px) 100vw, 500px\" \/><\/span>\n\n    <a class='portfolio_link_class' href='https:\/\/www.team-nice.de\/fr\/portfolio_page\/salons\/' target='_self'><\/a>\n        <div class=\"portfolio_shader\"><\/div>\n<div class=\"text_holder\">\n\t<h4 class=\"portfolio_title\" > Salons<\/h4><h6 class=\"portfolio_subtitle\"> <\/h6><\/div>\n<div class=\"icons_holder\">\n\t<div class=\"icons_holder_inner\">\n\t\t\t\t\t<\/div>\n<\/div>\n\n    <\/div>\n<\/article>\n<\/div>\n[\/vc_column][\/vc_row][vc_row css_animation=\u00a0\u00bb\u00a0\u00bb row_type=\u00a0\u00bbrow\u00a0\u00bb use_row_as_full_screen_section=\u00a0\u00bbno\u00a0\u00bb type=\u00a0\u00bbgrid\u00a0\u00bb text_align=\u00a0\u00bbleft\u00a0\u00bb css=\u00a0\u00bb.vc_custom_1508156557966{background-color: #ffffff !important;}\u00a0\u00bb][vc_column][vc_empty_space height=\u00a0\u00bb120&Prime;]<div class=\"testimonials_holder clearfix light \"><div class=\"testimonials testimonials_carousel\" data-show-navigation=\"yes\" data-show-navigation-arrows=\"no\" data-animation-type=\"fade\" data-animation-speed=\"\" data-auto-rotate-slides=\"3\"><ul class=\"slides\"><li id=\"testimonials23645\" class=\"testimonial_content\"><div class=\"testimonial_content_inner\"><div class=\"testimonial_text_holder center_align\"><div class=\"testimonial_text_inner\"><p>Pour notre stand sur le salon \u00ab Ideenexpo \u00bb, nice:-) a compris nos besoins et d\u00e9velopp\u00e9 un nouveau concept interactif et correspondant aux attentes du public. Le management de cet \u00e9v\u00e8nement a dur\u00e9 un an, pendant lequel nous avons eu la possibilit\u00e9 de voir le potentiel cr\u00e9atif de l\u00b4ensemble de l\u00b4\u00e9quipe. De plus, malgr\u00e9 la complexit\u00e9 du projet, l\u00b4\u00e9quipe nous a d\u00e9montr\u00e9 sa capacit\u00e9 \u00e1 respecter un certain budget donn\u00e9. En r\u00e9sum\u00e9 : une collaboration des plus fructueuses pour un salon r\u00e9ussi ! Merci \u00e0 nice:-) pour leur support lors de notre pr\u00e9sence \u00e0 cette Ideenexpo !<\/p><p class=\"testimonial_author\" style=\"\">- Doris Lungenstra\u00df<span class=\"testimonial_author_job\">Leiterin Unternehmensbereich Marketing \/ AOK \u2013 Die Gesundheitskasse f\u00fcr Niedersachsen<\/span><\/p><\/div><\/div><\/div><\/li><li id=\"testimonials23641\" class=\"testimonial_content\"><div class=\"testimonial_content_inner\"><div class=\"testimonial_text_holder center_align\"><div class=\"testimonial_text_inner\"><p>Notre conf\u00e9rence c\u00b4est termin\u00e9 par une soir\u00e9e gala remplie de divertissement. Le succ\u00e8s de cette soir\u00e9e est d\u00fb \u00e0 l\u00b4expertise de nice:-) qui a r\u00e9ussi \u00e0 mettre sur pied un programme et cr\u00e9er une ambiance digne de cette journ\u00e9e enrichissante.\r\nLe clou de la soir\u00e9e : la cr\u00e9ation d\u00b4une immense toile compos\u00e9e de plusieurs pixels repr\u00e9sentant notre entreprise et son histoire.\r\nChaque invit\u00e9 a par la suite eu la chance de recevoir une partie de cette toile en cadeaux, leur permettant d\u2019emmener symboliquement une partie de notre entreprise.\r\nMerci nice:-)<\/p><p class=\"testimonial_author\" style=\"\">- Michael Hilmerich<span class=\"testimonial_author_job\">Managing Director BU Motive Power \/ HOPPECKE Batterien GmbH & Co. KG<\/span><\/p><\/div><\/div><\/div><\/li><li id=\"testimonials23640\" class=\"testimonial_content\"><div class=\"testimonial_content_inner\"><div class=\"testimonial_text_holder center_align\"><div class=\"testimonial_text_inner\"><p>nice:-) conna\u00eet parfaitement nos besoins.\r\nProfessionnelle et flexible, l\u00b4\u00e9quipe nice:-) est toujours motiv\u00e9e et c\u00b4est avec plaisir que nous travaillons avec eux !\r\nDe plus, toujours joignable et offrant des solutions \u00e9v\u00e8nementielles cr\u00e9atives, vous pouvez compter sur eux pour vous offrir ce dont vous avez besoin.\r\nNous travaillons pour la quatri\u00e8me ann\u00e9e cons\u00e9cutive avec l\u00b4agence nice et ils arrivent encore \u00e0 nous surprendre !<\/p><p class=\"testimonial_author\" style=\"\">- Susanna Laurencik<span class=\"testimonial_author_job\">Marketing and Communication Manager  \/ GROUPAUTO International<\/span><\/p><\/div><\/div><\/div><\/li><li id=\"testimonials22675\" class=\"testimonial_content\"><div class=\"testimonial_content_inner\"><div class=\"testimonial_text_holder center_align\"><div class=\"testimonial_text_inner\"><p>L\u00b4agence nice:-) est depuis plusieurs ann\u00e9es notre partenaire de confiance pour l\u00b4organisation d\u00b4\u00e9v\u00e8nements pour nos employ\u00e9s et nous offrent chaque ann\u00e9e des id\u00e9es pertinentes et recherch\u00e9es !<\/p><p class=\"testimonial_author\" style=\"\">- Stephan Herrler<span class=\"testimonial_author_job\">CEO de VMA GmbH<\/span><\/p><\/div><\/div><\/div><\/li><li id=\"testimonials22674\" class=\"testimonial_content\"><div class=\"testimonial_content_inner\"><div class=\"testimonial_text_holder center_align\"><div class=\"testimonial_text_inner\"><p>J\u00b4ai rencontr\u00e9 Mme Wolniczak de nice:-) il y a 25 ans et nous sommes depuis ce temps clients fid\u00e8les de cette agence : Elle conna\u00eet nos besoins et r\u00e9alise nos v\u0153ux jusqu\u00b4au moindre d\u00e9tail avec son \u00e9quipe, qui reste toujours motiv\u00e9e. De plus, elle s\u00b4int\u00e8gre \u00e0 notre entreprise de telle mani\u00e8re que nous pourrions presque prendre nice:-) pour un d\u00e9partement de notre entreprise.<\/p><p class=\"testimonial_author\" style=\"\">- Heinz H. Meyering<span class=\"testimonial_author_job\">Comit\u00e9 de direction ventes et marketing de K\u00f6nig + Neurath AG<\/span><\/p><\/div><\/div><\/div><\/li><li id=\"testimonials22672\" class=\"testimonial_content\"><div class=\"testimonial_content_inner\"><div class=\"testimonial_text_holder center_align\"><div class=\"testimonial_text_inner\"><p>11\/10 avec mention et nos sinc\u00e8res compliments ! Nos invit\u00e9s ont \u00e9t\u00e9 trait\u00e9 comme des rois et n\u00b4ont pas r\u00e9ussis \u00e0 descendre de leurs nuages. Excellente collaboration avec un engagement \u00e0 150% de l\u00b4\u00e9quipe nice:-) !<\/p><p class=\"testimonial_author\" style=\"\">- Katharina Olszewski<span class=\"testimonial_author_job\">Assistante du manager g\u00e9n\u00e9ral du d\u00e9partement des ventes internationales et d\u00e9partement des grands comptes internationaux.<\/span><\/p><\/div><\/div><\/div><\/li><\/ul><\/div><\/div>[vc_empty_space height=\u00a0\u00bb120&Prime;][\/vc_column][\/vc_row][vc_row css_animation=\u00a0\u00bb\u00a0\u00bb row_type=\u00a0\u00bbrow\u00a0\u00bb use_row_as_full_screen_section=\u00a0\u00bbno\u00a0\u00bb type=\u00a0\u00bbfull_width\u00a0\u00bb text_align=\u00a0\u00bbleft\u00a0\u00bb][vc_column]<div class=\"call_to_action normal\" style=\"background-color: #f2a823;border-top: 1px solid #f2a823;\"><div class=\"container_inner\"><div class=\"two_columns_75_25 clearfix\"><div class=\"text_wrapper column1\"><div class=\"call_to_action_text\" style=\"\"><span style=\"color: #ffffff; line-height: 35px; font-size: 25px;\"><strong>Avons-nous r\u00e9veill\u00e9 l\u00b4insolite en vous?<br \/>\nEcrivez nous, nous serons ravis de vous aider<br \/>\n<\/strong><\/span><\/div><\/div><div class=\"button_wrapper column2\"><a href=\"http:\/\/www.team-nice.de\/fr\/contact\/\" class=\"qbutton \" target=\"_self\" style=\"color:#ffffff;border-color:#ffffff;background-color: #f2a823;\" data-hover-background-color=#ffffff  data-hover-border-color=#ffffff  data-hover-color=#f2a823>nice:-) de vous rencontrer<\/a><\/div><\/div><\/div><\/div>[\/vc_column][\/vc_row]<\/p>\n<\/div>","protected":false},"excerpt":{"rendered":"<p>[vc_row css_animation=\u00a0\u00bb\u00a0\u00bb row_type=\u00a0\u00bbrow\u00a0\u00bb use_row_as_full_screen_section=\u00a0\u00bbno\u00a0\u00bb type=\u00a0\u00bbfull_width\u00a0\u00bb text_align=\u00a0\u00bbleft\u00a0\u00bb][vc_column][rev_slider_vc alias=\u00a0\u00bbevents_slider_2017_fr\u00a0\u00bb][\/vc_column][\/vc_row][vc_row css_animation=\u00a0\u00bb\u00a0\u00bb row_type=\u00a0\u00bbrow\u00a0\u00bb use_row_as_full_screen_section=\u00a0\u00bbno\u00a0\u00bb type=\u00a0\u00bbgrid\u00a0\u00bb text_align=\u00a0\u00bbleft\u00a0\u00bb css=\u00a0\u00bb.vc_custom_1463496704752{background-color: #ffffff !important;}\u00a0\u00bb][vc_column][vc_empty_space height=\u00a0\u00bb60px\u00a0\u00bb][vc_column_text] Les \u00e9v\u00e8nements naissent de l\u00b4inspiration de leurs invit\u00e9s [\/vc_column_text][vc_empty_space height=\u00a0\u00bb40px\u00a0\u00bb][vc_column_text] A la recherche d\u00b4un&#8230;<\/p>\n","protected":false},"author":3,"featured_media":0,"parent":0,"menu_order":0,"comment_status":"closed","ping_status":"closed","template":"full_width.php","meta":{"footnotes":""},"class_list":["post-22699","page","type-page","status-publish","hentry"],"yoast_head":"<!-- This site is optimized with the Yoast SEO plugin v27.5 - https:\/\/yoast.com\/product\/yoast-seo-wordpress\/ -->\n<title>Portfolio - nice:-)<\/title>\n<meta name=\"robots\" content=\"index, follow, max-snippet:-1, max-image-preview:large, max-video-preview:-1\" \/>\n<link rel=\"canonical\" href=\"https:\/\/www.team-nice.de\/fr\/evenements\/\" \/>\n<meta property=\"og:locale\" content=\"fr_FR\" \/>\n<meta property=\"og:type\" content=\"article\" \/>\n<meta property=\"og:title\" content=\"Portfolio - nice:-)\" \/>\n<meta property=\"og:description\" content=\"[vc_row css_animation=\u00a0\u00bb\u00a0\u00bb row_type=\u00a0\u00bbrow\u00a0\u00bb use_row_as_full_screen_section=\u00a0\u00bbno\u00a0\u00bb type=\u00a0\u00bbfull_width\u00a0\u00bb text_align=\u00a0\u00bbleft\u00a0\u00bb][vc_column][rev_slider_vc alias=\u00a0\u00bbevents_slider_2017_fr\u00a0\u00bb][\/vc_column][\/vc_row][vc_row css_animation=\u00a0\u00bb\u00a0\u00bb row_type=\u00a0\u00bbrow\u00a0\u00bb use_row_as_full_screen_section=\u00a0\u00bbno\u00a0\u00bb type=\u00a0\u00bbgrid\u00a0\u00bb text_align=\u00a0\u00bbleft\u00a0\u00bb css=\u00a0\u00bb.vc_custom_1463496704752{background-color: #ffffff !important;}\u00a0\u00bb][vc_column][vc_empty_space height=\u00a0\u00bb60px\u00a0\u00bb][vc_column_text] Les \u00e9v\u00e8nements naissent de l\u00b4inspiration de leurs invit\u00e9s [\/vc_column_text][vc_empty_space height=\u00a0\u00bb40px\u00a0\u00bb][vc_column_text] A la recherche d\u00b4un...\" \/>\n<meta property=\"og:url\" content=\"https:\/\/www.team-nice.de\/fr\/evenements\/\" \/>\n<meta property=\"og:site_name\" content=\"nice:-)\" \/>\n<meta property=\"article:modified_time\" content=\"2017-11-07T13:56:00+00:00\" \/>\n<meta name=\"twitter:card\" content=\"summary_large_image\" \/>\n<meta name=\"twitter:label1\" content=\"Dur\u00e9e de lecture estim\u00e9e\" \/>\n\t<meta name=\"twitter:data1\" content=\"2 minutes\" \/>\n<script type=\"application\/ld+json\" class=\"yoast-schema-graph\">{\"@context\":\"https:\\\/\\\/schema.org\",\"@graph\":[{\"@type\":\"WebPage\",\"@id\":\"https:\\\/\\\/www.team-nice.de\\\/fr\\\/evenements\\\/\",\"url\":\"https:\\\/\\\/www.team-nice.de\\\/fr\\\/evenements\\\/\",\"name\":\"Portfolio - nice:-)\",\"isPartOf\":{\"@id\":\"https:\\\/\\\/www.team-nice.de\\\/#website\"},\"datePublished\":\"2017-03-03T13:19:36+00:00\",\"dateModified\":\"2017-11-07T13:56:00+00:00\",\"breadcrumb\":{\"@id\":\"https:\\\/\\\/www.team-nice.de\\\/fr\\\/evenements\\\/#breadcrumb\"},\"inLanguage\":\"fr-FR\",\"potentialAction\":[{\"@type\":\"ReadAction\",\"target\":[\"https:\\\/\\\/www.team-nice.de\\\/fr\\\/evenements\\\/\"]}]},{\"@type\":\"BreadcrumbList\",\"@id\":\"https:\\\/\\\/www.team-nice.de\\\/fr\\\/evenements\\\/#breadcrumb\",\"itemListElement\":[{\"@type\":\"ListItem\",\"position\":1,\"name\":\"Startseite\",\"item\":\"https:\\\/\\\/www.team-nice.de\\\/fr\\\/\"},{\"@type\":\"ListItem\",\"position\":2,\"name\":\"Portfolio\"}]},{\"@type\":\"WebSite\",\"@id\":\"https:\\\/\\\/www.team-nice.de\\\/#website\",\"url\":\"https:\\\/\\\/www.team-nice.de\\\/\",\"name\":\"nice:-)\",\"description\":\"Eventagentur in Essen\",\"potentialAction\":[{\"@type\":\"SearchAction\",\"target\":{\"@type\":\"EntryPoint\",\"urlTemplate\":\"https:\\\/\\\/www.team-nice.de\\\/?s={search_term_string}\"},\"query-input\":{\"@type\":\"PropertyValueSpecification\",\"valueRequired\":true,\"valueName\":\"search_term_string\"}}],\"inLanguage\":\"fr-FR\"}]}<\/script>\n<!-- \/ Yoast SEO plugin. -->","yoast_head_json":{"title":"Portfolio - nice:-)","robots":{"index":"index","follow":"follow","max-snippet":"max-snippet:-1","max-image-preview":"max-image-preview:large","max-video-preview":"max-video-preview:-1"},"canonical":"https:\/\/www.team-nice.de\/fr\/evenements\/","og_locale":"fr_FR","og_type":"article","og_title":"Portfolio - nice:-)","og_description":"[vc_row css_animation=\u00a0\u00bb\u00a0\u00bb row_type=\u00a0\u00bbrow\u00a0\u00bb use_row_as_full_screen_section=\u00a0\u00bbno\u00a0\u00bb type=\u00a0\u00bbfull_width\u00a0\u00bb text_align=\u00a0\u00bbleft\u00a0\u00bb][vc_column][rev_slider_vc alias=\u00a0\u00bbevents_slider_2017_fr\u00a0\u00bb][\/vc_column][\/vc_row][vc_row css_animation=\u00a0\u00bb\u00a0\u00bb row_type=\u00a0\u00bbrow\u00a0\u00bb use_row_as_full_screen_section=\u00a0\u00bbno\u00a0\u00bb type=\u00a0\u00bbgrid\u00a0\u00bb text_align=\u00a0\u00bbleft\u00a0\u00bb css=\u00a0\u00bb.vc_custom_1463496704752{background-color: #ffffff !important;}\u00a0\u00bb][vc_column][vc_empty_space height=\u00a0\u00bb60px\u00a0\u00bb][vc_column_text] Les \u00e9v\u00e8nements naissent de l\u00b4inspiration de leurs invit\u00e9s [\/vc_column_text][vc_empty_space height=\u00a0\u00bb40px\u00a0\u00bb][vc_column_text] A la recherche d\u00b4un...","og_url":"https:\/\/www.team-nice.de\/fr\/evenements\/","og_site_name":"nice:-)","article_modified_time":"2017-11-07T13:56:00+00:00","twitter_card":"summary_large_image","twitter_misc":{"Dur\u00e9e de lecture estim\u00e9e":"2 minutes"},"schema":{"@context":"https:\/\/schema.org","@graph":[{"@type":"WebPage","@id":"https:\/\/www.team-nice.de\/fr\/evenements\/","url":"https:\/\/www.team-nice.de\/fr\/evenements\/","name":"Portfolio - nice:-)","isPartOf":{"@id":"https:\/\/www.team-nice.de\/#website"},"datePublished":"2017-03-03T13:19:36+00:00","dateModified":"2017-11-07T13:56:00+00:00","breadcrumb":{"@id":"https:\/\/www.team-nice.de\/fr\/evenements\/#breadcrumb"},"inLanguage":"fr-FR","potentialAction":[{"@type":"ReadAction","target":["https:\/\/www.team-nice.de\/fr\/evenements\/"]}]},{"@type":"BreadcrumbList","@id":"https:\/\/www.team-nice.de\/fr\/evenements\/#breadcrumb","itemListElement":[{"@type":"ListItem","position":1,"name":"Startseite","item":"https:\/\/www.team-nice.de\/fr\/"},{"@type":"ListItem","position":2,"name":"Portfolio"}]},{"@type":"WebSite","@id":"https:\/\/www.team-nice.de\/#website","url":"https:\/\/www.team-nice.de\/","name":"nice:-)","description":"Eventagentur in Essen","potentialAction":[{"@type":"SearchAction","target":{"@type":"EntryPoint","urlTemplate":"https:\/\/www.team-nice.de\/?s={search_term_string}"},"query-input":{"@type":"PropertyValueSpecification","valueRequired":true,"valueName":"search_term_string"}}],"inLanguage":"fr-FR"}]}},"_links":{"self":[{"href":"https:\/\/www.team-nice.de\/fr\/wp-json\/wp\/v2\/pages\/22699","targetHints":{"allow":["GET"]}}],"collection":[{"href":"https:\/\/www.team-nice.de\/fr\/wp-json\/wp\/v2\/pages"}],"about":[{"href":"https:\/\/www.team-nice.de\/fr\/wp-json\/wp\/v2\/types\/page"}],"author":[{"embeddable":true,"href":"https:\/\/www.team-nice.de\/fr\/wp-json\/wp\/v2\/users\/3"}],"replies":[{"embeddable":true,"href":"https:\/\/www.team-nice.de\/fr\/wp-json\/wp\/v2\/comments?post=22699"}],"version-history":[{"count":16,"href":"https:\/\/www.team-nice.de\/fr\/wp-json\/wp\/v2\/pages\/22699\/revisions"}],"predecessor-version":[{"id":23170,"href":"https:\/\/www.team-nice.de\/fr\/wp-json\/wp\/v2\/pages\/22699\/revisions\/23170"}],"wp:attachment":[{"href":"https:\/\/www.team-nice.de\/fr\/wp-json\/wp\/v2\/media?parent=22699"}],"curies":[{"name":"wp","href":"https:\/\/api.w.org\/{rel}","templated":true}]}}