{"id":22664,"date":"2017-03-03T12:05:07","date_gmt":"2017-03-03T11:05:07","guid":{"rendered":"http:\/\/www.team-nice.de\/?page_id=22664\/"},"modified":"2023-09-27T11:00:09","modified_gmt":"2023-09-27T09:00:09","slug":"start","status":"publish","type":"page","link":"https:\/\/www.team-nice.de\/fr\/","title":{"rendered":"Start"},"content":{"rendered":"<div class=\"wpb-content-wrapper\"><p>[vc_row row_type=\u00a0\u00bbrow\u00a0\u00bb use_row_as_full_screen_section=\u00a0\u00bbno\u00a0\u00bb type=\u00a0\u00bbfull_width\u00a0\u00bb text_align=\u00a0\u00bbcenter\u00a0\u00bb background_animation=\u00a0\u00bbnone\u00a0\u00bb css_animation=\u00a0\u00bb\u00a0\u00bb background_color=\u00a0\u00bb#ffffff\u00a0\u00bb css=\u00a0\u00bb.vc_custom_1506602550058{background-color: #f2f2f2 !important;}\u00a0\u00bb][vc_column][vc_empty_space height=\u00a0\u00bb60px\u00a0\u00bb][vc_row_inner row_type=\u00a0\u00bbrow\u00a0\u00bb type=\u00a0\u00bbgrid\u00a0\u00bb use_row_as_full_screen_section_slide=\u00a0\u00bbno\u00a0\u00bb text_align=\u00a0\u00bbleft\u00a0\u00bb css_animation=\u00a0\u00bb\u00a0\u00bb background_color=\u00a0\u00bbrgba(255,255,255,0.01)\u00a0\u00bb content_placement=\u00a0\u00bbmiddle\u00a0\u00bb][vc_column_inner][vc_column_text]<\/p>\n<h2 style=\"text-align: center;\">nice:-), insiders d\u00b4\u00e9v\u00e9nement sur Essen<\/h2>\n<p>[\/vc_column_text][vc_empty_space height=\u00a0\u00bb30px\u00a0\u00bb][vc_column_text]<\/p>\n<p class=\"p1\" style=\"text-align: center;\">Une communication PR r\u00e9ussie c\u00b4est avant tout : du conseil, des id\u00e9es ing\u00e9nieuses et de la mise en \u0153uvre ! Gr\u00e2ce \u00e0 notre r\u00e9seau professionnel, nous offrons un service et composons notre \u00e9quipe selon vos besoins !<\/p>\n<p>&nbsp;<\/p>\n<p style=\"text-align: center;\">Notre c\u0153ur d\u00b4activit\u00e9 est la communication de marques gr\u00e2ce aux \u00e9v\u00e8nements, incentives, congr\u00e8s ou aux salons professionnels. Nous d\u00e9veloppons des concepts \u00e9v\u00e8nementiels de qualit\u00e9 vous permettant une communication sur le long terme !<\/p>\n<p>[\/vc_column_text][vc_empty_space height=\u00a0\u00bb60px\u00a0\u00bb][vc_column_text]<\/p>\n<p style=\"text-align: center;\"><a href=\"http:\/\/www.team-nice.de\/fr\/services\/\" target=\"_self\"  class=\"qbutton  small white\" style=\"\">Plus<\/a><\/p>\n<p>[\/vc_column_text][\/vc_column_inner][\/vc_row_inner][vc_empty_space height=\u00a0\u00bb60px\u00a0\u00bb][\/vc_column][\/vc_row][vc_row row_type=\u00a0\u00bbrow\u00a0\u00bb use_row_as_full_screen_section=\u00a0\u00bbno\u00a0\u00bb type=\u00a0\u00bbfull_width\u00a0\u00bb text_align=\u00a0\u00bbleft\u00a0\u00bb background_image=\u00a0\u00bb22422&Prime; background_animation=\u00a0\u00bbnone\u00a0\u00bb css_animation=\u00a0\u00bb\u00a0\u00bb css=\u00a0\u00bb.vc_custom_1593419580384{padding-top: 400px !important;padding-bottom: 400px !important;background-image: url(https:\/\/www.team-nice.de\/wp-content\/uploads\/hg_team.jpg?id=24398) !important;background-position: center !important;background-repeat: no-repeat !important;background-size: cover !important;}\u00a0\u00bb][vc_column][vc_empty_space height=\u00a0\u00bb400px\u00a0\u00bb][vc_row_inner row_type=\u00a0\u00bbrow\u00a0\u00bb type=\u00a0\u00bbfull_width\u00a0\u00bb use_row_as_full_screen_section_slide=\u00a0\u00bbyes\u00a0\u00bb text_align=\u00a0\u00bbcenter\u00a0\u00bb css_animation=\u00a0\u00bb\u00a0\u00bb content_placement=\u00a0\u00bbmiddle\u00a0\u00bb css=\u00a0\u00bb.vc_custom_1593419624114{margin-top: 400px !important;margin-bottom: 400px !important;padding-top: 400px !important;padding-bottom: 400px !important;}\u00a0\u00bb][vc_column_inner][vc_column_text]<\/p>\n<h1 style=\"text-align: center;\">Nous sommes nice:-)<\/h1>\n<p>[\/vc_column_text][vc_empty_space height=\u00a0\u00bb10px\u00a0\u00bb][vc_column_text]<\/p>\n<p style=\"text-align: center;\"><a href=\"http:\/\/www.team-nice.de\/fr\/equipe\/\" target=\"_self\"  class=\"qbutton  large\" style=\"\">Apprenez \u00e0 nous connaitre<\/a><\/p>\n<p>[\/vc_column_text][\/vc_column_inner][\/vc_row_inner][vc_empty_space height=\u00a0\u00bb400px\u00a0\u00bb][\/vc_column][\/vc_row][vc_row row_type=\u00a0\u00bbrow\u00a0\u00bb use_row_as_full_screen_section=\u00a0\u00bbno\u00a0\u00bb type=\u00a0\u00bbfull_width\u00a0\u00bb text_align=\u00a0\u00bbleft\u00a0\u00bb background_animation=\u00a0\u00bbnone\u00a0\u00bb css_animation=\u00a0\u00bb\u00a0\u00bb][vc_column]<div class=\"call_to_action normal\" style=\"background-color: #f2a823;border-top: 1px solid #ffffff;\"><div class=\"container_inner\"><div class=\"two_columns_75_25 clearfix\"><div class=\"text_wrapper column1\"><div class=\"call_to_action_text\" style=\"\"><span style=\"color: #ffffff; line-height: 35px; font-size: 25px;\"><strong>Avons-nous r\u00e9veill\u00e9 l\u00b4insolite en vous?<br \/>\nEcrivez nous, nous serons ravis de vous aider<\/strong><\/span><\/div><\/div><div class=\"button_wrapper column2\"><a href=\"http:\/\/www.team-nice.de\/fr\/contact\/\" class=\"qbutton medium\" target=\"_self\" style=\"color:#ffffff;border-color:#ffffff;background-color: #f2a823;\" data-hover-background-color=#ffffff  data-hover-border-color=#ffffff  data-hover-color=#f2a823>nice:-) de vous rencontrer<\/a><\/div><\/div><\/div><\/div>[\/vc_column][\/vc_row]<\/p>\n<\/div>","protected":false},"excerpt":{"rendered":"<p>[vc_row row_type=\u00a0\u00bbrow\u00a0\u00bb use_row_as_full_screen_section=\u00a0\u00bbno\u00a0\u00bb type=\u00a0\u00bbfull_width\u00a0\u00bb text_align=\u00a0\u00bbcenter\u00a0\u00bb background_animation=\u00a0\u00bbnone\u00a0\u00bb css_animation=\u00a0\u00bb\u00a0\u00bb background_color=\u00a0\u00bb#ffffff\u00a0\u00bb css=\u00a0\u00bb.vc_custom_1506602550058{background-color: #f2f2f2 !important;}\u00a0\u00bb][vc_column][vc_empty_space height=\u00a0\u00bb60px\u00a0\u00bb][vc_row_inner row_type=\u00a0\u00bbrow\u00a0\u00bb type=\u00a0\u00bbgrid\u00a0\u00bb use_row_as_full_screen_section_slide=\u00a0\u00bbno\u00a0\u00bb text_align=\u00a0\u00bbleft\u00a0\u00bb css_animation=\u00a0\u00bb\u00a0\u00bb background_color=\u00a0\u00bbrgba(255,255,255,0.01)\u00a0\u00bb content_placement=\u00a0\u00bbmiddle\u00a0\u00bb][vc_column_inner][vc_column_text] nice:-), insiders d\u00b4\u00e9v\u00e9nement sur Essen [\/vc_column_text][vc_empty_space height=\u00a0\u00bb30px\u00a0\u00bb][vc_column_text] Une communication PR r\u00e9ussie&#8230;<\/p>\n","protected":false},"author":3,"featured_media":0,"parent":0,"menu_order":0,"comment_status":"open","ping_status":"open","template":"full_width.php","meta":{"footnotes":""},"class_list":["post-22664","page","type-page","status-publish","hentry"],"yoast_head":"<!-- This site is optimized with the Yoast SEO plugin v27.3 - https:\/\/yoast.com\/product\/yoast-seo-wordpress\/ -->\n<title>Start - nice:-)<\/title>\n<meta name=\"robots\" content=\"index, follow, max-snippet:-1, max-image-preview:large, max-video-preview:-1\" \/>\n<link rel=\"canonical\" href=\"https:\/\/www.team-nice.de\/fr\/\" \/>\n<meta property=\"og:locale\" content=\"fr_FR\" \/>\n<meta property=\"og:type\" content=\"article\" \/>\n<meta property=\"og:title\" content=\"Start - nice:-)\" \/>\n<meta property=\"og:description\" content=\"[vc_row row_type=\u00a0\u00bbrow\u00a0\u00bb use_row_as_full_screen_section=\u00a0\u00bbno\u00a0\u00bb type=\u00a0\u00bbfull_width\u00a0\u00bb text_align=\u00a0\u00bbcenter\u00a0\u00bb background_animation=\u00a0\u00bbnone\u00a0\u00bb css_animation=\u00a0\u00bb\u00a0\u00bb background_color=\u00a0\u00bb#ffffff\u00a0\u00bb css=\u00a0\u00bb.vc_custom_1506602550058{background-color: #f2f2f2 !important;}\u00a0\u00bb][vc_column][vc_empty_space height=\u00a0\u00bb60px\u00a0\u00bb][vc_row_inner row_type=\u00a0\u00bbrow\u00a0\u00bb type=\u00a0\u00bbgrid\u00a0\u00bb use_row_as_full_screen_section_slide=\u00a0\u00bbno\u00a0\u00bb text_align=\u00a0\u00bbleft\u00a0\u00bb css_animation=\u00a0\u00bb\u00a0\u00bb background_color=\u00a0\u00bbrgba(255,255,255,0.01)\u00a0\u00bb content_placement=\u00a0\u00bbmiddle\u00a0\u00bb][vc_column_inner][vc_column_text] nice:-), insiders d\u00b4\u00e9v\u00e9nement sur Essen [\/vc_column_text][vc_empty_space height=\u00a0\u00bb30px\u00a0\u00bb][vc_column_text] Une communication PR r\u00e9ussie...\" \/>\n<meta property=\"og:url\" content=\"https:\/\/www.team-nice.de\/fr\/\" \/>\n<meta property=\"og:site_name\" content=\"nice:-)\" \/>\n<meta property=\"article:modified_time\" content=\"2023-09-27T09:00:09+00:00\" \/>\n<meta name=\"twitter:card\" content=\"summary_large_image\" \/>\n<meta name=\"twitter:label1\" content=\"Dur\u00e9e de lecture estim\u00e9e\" \/>\n\t<meta name=\"twitter:data1\" content=\"2 minutes\" \/>\n<script type=\"application\/ld+json\" class=\"yoast-schema-graph\">{\"@context\":\"https:\\\/\\\/schema.org\",\"@graph\":[{\"@type\":\"WebPage\",\"@id\":\"https:\\\/\\\/www.team-nice.de\\\/fr\\\/\",\"url\":\"https:\\\/\\\/www.team-nice.de\\\/fr\\\/\",\"name\":\"Start - nice:-)\",\"isPartOf\":{\"@id\":\"https:\\\/\\\/www.team-nice.de\\\/#website\"},\"datePublished\":\"2017-03-03T11:05:07+00:00\",\"dateModified\":\"2023-09-27T09:00:09+00:00\",\"breadcrumb\":{\"@id\":\"https:\\\/\\\/www.team-nice.de\\\/fr\\\/#breadcrumb\"},\"inLanguage\":\"fr-FR\",\"potentialAction\":[{\"@type\":\"ReadAction\",\"target\":[\"https:\\\/\\\/www.team-nice.de\\\/fr\\\/\"]}]},{\"@type\":\"BreadcrumbList\",\"@id\":\"https:\\\/\\\/www.team-nice.de\\\/fr\\\/#breadcrumb\",\"itemListElement\":[{\"@type\":\"ListItem\",\"position\":1,\"name\":\"Startseite\",\"item\":\"https:\\\/\\\/www.team-nice.de\\\/fr\\\/\"},{\"@type\":\"ListItem\",\"position\":2,\"name\":\"Start\"}]},{\"@type\":\"WebSite\",\"@id\":\"https:\\\/\\\/www.team-nice.de\\\/#website\",\"url\":\"https:\\\/\\\/www.team-nice.de\\\/\",\"name\":\"nice:-)\",\"description\":\"Eventagentur in Essen\",\"potentialAction\":[{\"@type\":\"SearchAction\",\"target\":{\"@type\":\"EntryPoint\",\"urlTemplate\":\"https:\\\/\\\/www.team-nice.de\\\/?s={search_term_string}\"},\"query-input\":{\"@type\":\"PropertyValueSpecification\",\"valueRequired\":true,\"valueName\":\"search_term_string\"}}],\"inLanguage\":\"fr-FR\"}]}<\/script>\n<!-- \/ Yoast SEO plugin. -->","yoast_head_json":{"title":"Start - nice:-)","robots":{"index":"index","follow":"follow","max-snippet":"max-snippet:-1","max-image-preview":"max-image-preview:large","max-video-preview":"max-video-preview:-1"},"canonical":"https:\/\/www.team-nice.de\/fr\/","og_locale":"fr_FR","og_type":"article","og_title":"Start - nice:-)","og_description":"[vc_row row_type=\u00a0\u00bbrow\u00a0\u00bb use_row_as_full_screen_section=\u00a0\u00bbno\u00a0\u00bb type=\u00a0\u00bbfull_width\u00a0\u00bb text_align=\u00a0\u00bbcenter\u00a0\u00bb background_animation=\u00a0\u00bbnone\u00a0\u00bb css_animation=\u00a0\u00bb\u00a0\u00bb background_color=\u00a0\u00bb#ffffff\u00a0\u00bb css=\u00a0\u00bb.vc_custom_1506602550058{background-color: #f2f2f2 !important;}\u00a0\u00bb][vc_column][vc_empty_space height=\u00a0\u00bb60px\u00a0\u00bb][vc_row_inner row_type=\u00a0\u00bbrow\u00a0\u00bb type=\u00a0\u00bbgrid\u00a0\u00bb use_row_as_full_screen_section_slide=\u00a0\u00bbno\u00a0\u00bb text_align=\u00a0\u00bbleft\u00a0\u00bb css_animation=\u00a0\u00bb\u00a0\u00bb background_color=\u00a0\u00bbrgba(255,255,255,0.01)\u00a0\u00bb content_placement=\u00a0\u00bbmiddle\u00a0\u00bb][vc_column_inner][vc_column_text] nice:-), insiders d\u00b4\u00e9v\u00e9nement sur Essen [\/vc_column_text][vc_empty_space height=\u00a0\u00bb30px\u00a0\u00bb][vc_column_text] Une communication PR r\u00e9ussie...","og_url":"https:\/\/www.team-nice.de\/fr\/","og_site_name":"nice:-)","article_modified_time":"2023-09-27T09:00:09+00:00","twitter_card":"summary_large_image","twitter_misc":{"Dur\u00e9e de lecture estim\u00e9e":"2 minutes"},"schema":{"@context":"https:\/\/schema.org","@graph":[{"@type":"WebPage","@id":"https:\/\/www.team-nice.de\/fr\/","url":"https:\/\/www.team-nice.de\/fr\/","name":"Start - nice:-)","isPartOf":{"@id":"https:\/\/www.team-nice.de\/#website"},"datePublished":"2017-03-03T11:05:07+00:00","dateModified":"2023-09-27T09:00:09+00:00","breadcrumb":{"@id":"https:\/\/www.team-nice.de\/fr\/#breadcrumb"},"inLanguage":"fr-FR","potentialAction":[{"@type":"ReadAction","target":["https:\/\/www.team-nice.de\/fr\/"]}]},{"@type":"BreadcrumbList","@id":"https:\/\/www.team-nice.de\/fr\/#breadcrumb","itemListElement":[{"@type":"ListItem","position":1,"name":"Startseite","item":"https:\/\/www.team-nice.de\/fr\/"},{"@type":"ListItem","position":2,"name":"Start"}]},{"@type":"WebSite","@id":"https:\/\/www.team-nice.de\/#website","url":"https:\/\/www.team-nice.de\/","name":"nice:-)","description":"Eventagentur in Essen","potentialAction":[{"@type":"SearchAction","target":{"@type":"EntryPoint","urlTemplate":"https:\/\/www.team-nice.de\/?s={search_term_string}"},"query-input":{"@type":"PropertyValueSpecification","valueRequired":true,"valueName":"search_term_string"}}],"inLanguage":"fr-FR"}]}},"_links":{"self":[{"href":"https:\/\/www.team-nice.de\/fr\/wp-json\/wp\/v2\/pages\/22664","targetHints":{"allow":["GET"]}}],"collection":[{"href":"https:\/\/www.team-nice.de\/fr\/wp-json\/wp\/v2\/pages"}],"about":[{"href":"https:\/\/www.team-nice.de\/fr\/wp-json\/wp\/v2\/types\/page"}],"author":[{"embeddable":true,"href":"https:\/\/www.team-nice.de\/fr\/wp-json\/wp\/v2\/users\/3"}],"replies":[{"embeddable":true,"href":"https:\/\/www.team-nice.de\/fr\/wp-json\/wp\/v2\/comments?post=22664"}],"version-history":[{"count":33,"href":"https:\/\/www.team-nice.de\/fr\/wp-json\/wp\/v2\/pages\/22664\/revisions"}],"predecessor-version":[{"id":26754,"href":"https:\/\/www.team-nice.de\/fr\/wp-json\/wp\/v2\/pages\/22664\/revisions\/26754"}],"wp:attachment":[{"href":"https:\/\/www.team-nice.de\/fr\/wp-json\/wp\/v2\/media?parent=22664"}],"curies":[{"name":"wp","href":"https:\/\/api.w.org\/{rel}","templated":true}]}}